{"id":9132,"date":"2024-03-04T14:36:13","date_gmt":"2024-03-04T13:36:13","guid":{"rendered":"https:\/\/www.nova-trojka.cz\/?page_id=9132"},"modified":"2025-03-17T15:06:16","modified_gmt":"2025-03-17T14:06:16","slug":"terapeuticka-podpora-rodicu-pecujicich-o-dite","status":"publish","type":"page","link":"https:\/\/www.nova-trojka.cz\/index.php\/terapeuticka-podpora-rodicu-pecujicich-o-dite\/","title":{"rendered":"Terapeutick\u00e1 podpora rodi\u010d\u016f pe\u010duj\u00edc\u00edch o d\u00edt\u011b"},"content":{"rendered":"\n<p>O\u010dek\u00e1v\u00e1n\u00ed od rodi\u010dovstv\u00ed mohou b\u00fdt jin\u00e1, ne\u017e jak je za\u017e\u00edv\u00e1me.<\/p>\n\n\n\n<ul class=\"wp-block-list\">\n<li>Zvl\u00e1d\u00e1me to? <\/li>\n\n\n\n<li>Jsme dost dob\u0159\u00ed? <\/li>\n\n\n\n<li>D\u011bl\u00e1me to spr\u00e1vn\u011b? <\/li>\n\n\n\n<li>Nem\u011bli bychom se c\u00edtit jinak? <\/li>\n\n\n\n<li>Pro\u010d si p\u0159ipad\u00e1me osam\u011bl\u00ed? <\/li>\n\n\n\n<li>Co s na\u0161\u00edm vztahem, u\u017e nen\u00ed takov\u00fd, jako d\u0159\u00edv? <\/li>\n<\/ul>\n\n\n\n<p>M\u016f\u017ee se toho objevit mnoho dal\u0161\u00edho, kdy\u017e se staneme rodi\u010di. A nez\u00e1le\u017e\u00ed p\u0159itom na tom, jestli se jedn\u00e1 o biologick\u00e9 nebo osvojen\u00e9 d\u00edt\u011b. Prost\u011b toho na n\u00e1s n\u011bkdy m\u016f\u017ee b\u00fdt moc. <\/p>\n\n\n\n<p>Nab\u00edz\u00edm terapeutick\u00fd prostor ke sd\u00edlen\u00ed va\u0161ich obav a my\u0161lenek, p\u0159\u00edpadn\u011b i na zcela jinou ne\u017e rodi\u010dovskou&nbsp;zak\u00e1zku. V&nbsp;dob\u011b terapie lze po p\u0159edchoz\u00ed domluv\u011b vyu\u017e\u00edt i hl\u00edd\u00e1n\u00ed d\u011bt\u00ed.<\/p>\n\n\n\n<p><strong>Na koho se m\u016f\u017eete obr\u00e1tit:<\/strong><br><strong>Mgr. Josefina Vondru\u0161kov\u00e1<\/strong><br>Profesn\u011b jsem se v\u011bnovala soci\u00e1ln\u00ed pr\u00e1ci a pedagogick\u00e9 \u010dinnosti. N\u011bkolik let jsem vedla lesn\u00ed \u0161kolku a jin\u00e9 aktivity pro rodiny. N\u00e1sledn\u011b jsem se profilovala jako poradce pro rodinu v&nbsp;oblasti n\u00e1hradn\u00ed rodinn\u00e9 p\u00e9\u010de. Mnohalet\u00e1 pr\u00e1ce s ran\u00fdm traumatem, vzpom\u00ednkami na d\u011btstv\u00ed s&nbsp;klienty a s&nbsp;rodinn\u00fdmi syst\u00e9memy m\u011b nasm\u011brovala do terapeutick\u00fdch vod. Ve sv\u00e9 terapeutick\u00e9 praxi vych\u00e1z\u00edm z&nbsp;Gestalt terapie, v&nbsp;oblasti n\u00e1hradn\u00ed rodinn\u00e9 p\u00e9\u010de pak z&nbsp;Terapeutick\u00e9ho rodi\u010dovstv\u00ed a Diadick\u00e9 v\u00fdvojov\u00e9 psychoterapie. S rodinami i v individu\u00e1ln\u00ed terapii pracuji jako pr\u016fvodce. Klienty podporuji, n\u011bkdy koriguji, jindy motivuji, pom\u00e1h\u00e1m jim se orientovat \u010dasto v n\u00e1ro\u010dn\u00e9m ter\u00e9nu jejich \u017eivot\u016f, ale p\u0159edev\u0161\u00edm naslouch\u00e1m. Jako sv\u016fj zdroj energie a spojence vn\u00edm\u00e1m p\u0159\u00edrodu, proto p\u0159i skupinov\u00e9 i individu\u00e1ln\u00ed pr\u00e1ci r\u00e1da vyr\u00e1\u017e\u00edm do p\u0159\u00edrody.<\/p>\n\n\n\n<p>Cena je 1.000 K\u010d za setk\u00e1n\u00ed + 80K\u010d za vyu\u017eit\u00ed herny s\u00a0hl\u00eddac\u00ed tetou (hernu je mo\u017en\u00e9 vyu\u017e\u00edt po cel\u00e9 dopoledne od 9 do 12 hod). V\u00a0od\u016fvodn\u011bn\u00fdch p\u0159\u00edpadech je mo\u017en\u00e1 individu\u00e1ln\u00ed dohoda o cen\u011b, informujte se na tel.: <a href=\"tel:+420603416724\">603\u00a0416\u00a0724<\/a>.<\/p>\n\n\n\n<figure class=\"wp-block-image size-large\"><img decoding=\"async\" src=\"https:\/\/www.nova-trojka.cz\/wp-content\/uploads\/2024\/03\/family-3602245_1280-1024x604.jpg\" alt=\"\" class=\"wp-image-9133\"\/><\/figure>\n","protected":false},"excerpt":{"rendered":"<p>O\u010dek\u00e1v\u00e1n\u00ed od rodi\u010dovstv\u00ed mohou b\u00fdt jin\u00e1, ne\u017e jak je za\u017e\u00edv\u00e1me. M\u016f\u017ee se toho objevit mnoho dal\u0161\u00edho, kdy\u017e se staneme rodi\u010di. &hellip; <\/p>\n","protected":false},"author":1,"featured_media":0,"parent":0,"menu_order":0,"comment_status":"closed","ping_status":"closed","template":"","meta":{"footnotes":""},"class_list":["post-9132","page","type-page","status-publish","hentry","latest_post"],"yoast_head":"<!-- This site is optimized with the Yoast SEO plugin v27.4 - https:\/\/yoast.com\/product\/yoast-seo-wordpress\/ -->\n<title>Terapeutick\u00e1 podpora rodi\u010d\u016f pe\u010duj\u00edc\u00edch o d\u00edt\u011b - Rodinn\u00e9 centrum Nov\u00e1 Trojka<\/title>\n<meta name=\"robots\" content=\"index, follow, max-snippet:-1, max-image-preview:large, max-video-preview:-1\" \/>\n<link rel=\"canonical\" href=\"https:\/\/www.nova-trojka.cz\/index.php\/terapeuticka-podpora-rodicu-pecujicich-o-dite\/\" \/>\n<meta property=\"og:locale\" content=\"cs_CZ\" \/>\n<meta property=\"og:type\" content=\"article\" \/>\n<meta property=\"og:title\" content=\"Terapeutick\u00e1 podpora rodi\u010d\u016f pe\u010duj\u00edc\u00edch o d\u00edt\u011b - Rodinn\u00e9 centrum Nov\u00e1 Trojka\" \/>\n<meta property=\"og:description\" content=\"O\u010dek\u00e1v\u00e1n\u00ed od rodi\u010dovstv\u00ed mohou b\u00fdt jin\u00e1, ne\u017e jak je za\u017e\u00edv\u00e1me. M\u016f\u017ee se toho objevit mnoho dal\u0161\u00edho, kdy\u017e se staneme rodi\u010di. &hellip;\" \/>\n<meta property=\"og:url\" content=\"https:\/\/www.nova-trojka.cz\/index.php\/terapeuticka-podpora-rodicu-pecujicich-o-dite\/\" \/>\n<meta property=\"og:site_name\" content=\"Rodinn\u00e9 centrum Nov\u00e1 Trojka\" \/>\n<meta property=\"article:publisher\" content=\"https:\/\/www.facebook.com\/novatrojka\/\" \/>\n<meta property=\"article:modified_time\" content=\"2025-03-17T14:06:16+00:00\" \/>\n<meta name=\"twitter:card\" content=\"summary_large_image\" \/>\n<meta name=\"twitter:label1\" content=\"Odhadovan\u00e1 doba \u010dten\u00ed\" \/>\n\t<meta name=\"twitter:data1\" content=\"2 minuty\" \/>\n<script type=\"application\/ld+json\" class=\"yoast-schema-graph\">{\"@context\":\"https:\\\/\\\/schema.org\",\"@graph\":[{\"@type\":\"WebPage\",\"@id\":\"https:\\\/\\\/www.nova-trojka.cz\\\/index.php\\\/terapeuticka-podpora-rodicu-pecujicich-o-dite\\\/\",\"url\":\"https:\\\/\\\/www.nova-trojka.cz\\\/index.php\\\/terapeuticka-podpora-rodicu-pecujicich-o-dite\\\/\",\"name\":\"Terapeutick\u00e1 podpora rodi\u010d\u016f pe\u010duj\u00edc\u00edch o d\u00edt\u011b - Rodinn\u00e9 centrum Nov\u00e1 Trojka\",\"isPartOf\":{\"@id\":\"https:\\\/\\\/www.nova-trojka.cz\\\/#website\"},\"primaryImageOfPage\":{\"@id\":\"https:\\\/\\\/www.nova-trojka.cz\\\/index.php\\\/terapeuticka-podpora-rodicu-pecujicich-o-dite\\\/#primaryimage\"},\"image\":{\"@id\":\"https:\\\/\\\/www.nova-trojka.cz\\\/index.php\\\/terapeuticka-podpora-rodicu-pecujicich-o-dite\\\/#primaryimage\"},\"thumbnailUrl\":\"https:\\\/\\\/www.nova-trojka.cz\\\/wp-content\\\/uploads\\\/2024\\\/03\\\/family-3602245_1280-1024x604.jpg\",\"datePublished\":\"2024-03-04T13:36:13+00:00\",\"dateModified\":\"2025-03-17T14:06:16+00:00\",\"breadcrumb\":{\"@id\":\"https:\\\/\\\/www.nova-trojka.cz\\\/index.php\\\/terapeuticka-podpora-rodicu-pecujicich-o-dite\\\/#breadcrumb\"},\"inLanguage\":\"cs\",\"potentialAction\":[{\"@type\":\"ReadAction\",\"target\":[\"https:\\\/\\\/www.nova-trojka.cz\\\/index.php\\\/terapeuticka-podpora-rodicu-pecujicich-o-dite\\\/\"]}]},{\"@type\":\"ImageObject\",\"inLanguage\":\"cs\",\"@id\":\"https:\\\/\\\/www.nova-trojka.cz\\\/index.php\\\/terapeuticka-podpora-rodicu-pecujicich-o-dite\\\/#primaryimage\",\"url\":\"\",\"contentUrl\":\"\"},{\"@type\":\"BreadcrumbList\",\"@id\":\"https:\\\/\\\/www.nova-trojka.cz\\\/index.php\\\/terapeuticka-podpora-rodicu-pecujicich-o-dite\\\/#breadcrumb\",\"itemListElement\":[{\"@type\":\"ListItem\",\"position\":1,\"name\":\"Dom\u016f\",\"item\":\"https:\\\/\\\/www.nova-trojka.cz\\\/\"},{\"@type\":\"ListItem\",\"position\":2,\"name\":\"Terapeutick\u00e1 podpora rodi\u010d\u016f pe\u010duj\u00edc\u00edch o d\u00edt\u011b\"}]},{\"@type\":\"WebSite\",\"@id\":\"https:\\\/\\\/www.nova-trojka.cz\\\/#website\",\"url\":\"https:\\\/\\\/www.nova-trojka.cz\\\/\",\"name\":\"Nov\u00e1 Trojka\",\"description\":\"Rodinn\u00e9 a kulturn\u00ed centrum Nov\u00e1 Trojka nab\u00edz\u00ed p\u0159\u00e1telsk\u00fd, bezpe\u010dn\u00fd a inspirativn\u00ed prostor pro celou rodinu.\",\"publisher\":{\"@id\":\"https:\\\/\\\/www.nova-trojka.cz\\\/#organization\"},\"potentialAction\":[{\"@type\":\"SearchAction\",\"target\":{\"@type\":\"EntryPoint\",\"urlTemplate\":\"https:\\\/\\\/www.nova-trojka.cz\\\/?s={search_term_string}\"},\"query-input\":{\"@type\":\"PropertyValueSpecification\",\"valueRequired\":true,\"valueName\":\"search_term_string\"}}],\"inLanguage\":\"cs\"},{\"@type\":\"Organization\",\"@id\":\"https:\\\/\\\/www.nova-trojka.cz\\\/#organization\",\"name\":\"NOV\u00c1 TROJKA, z.s.\",\"url\":\"https:\\\/\\\/www.nova-trojka.cz\\\/\",\"logo\":{\"@type\":\"ImageObject\",\"inLanguage\":\"cs\",\"@id\":\"https:\\\/\\\/www.nova-trojka.cz\\\/#\\\/schema\\\/logo\\\/image\\\/\",\"url\":\"https:\\\/\\\/www.nova-trojka.cz\\\/wp-content\\\/uploads\\\/2019\\\/05\\\/logotypN3.png\",\"contentUrl\":\"https:\\\/\\\/www.nova-trojka.cz\\\/wp-content\\\/uploads\\\/2019\\\/05\\\/logotypN3.png\",\"width\":640,\"height\":480,\"caption\":\"NOV\u00c1 TROJKA, z.s.\"},\"image\":{\"@id\":\"https:\\\/\\\/www.nova-trojka.cz\\\/#\\\/schema\\\/logo\\\/image\\\/\"},\"sameAs\":[\"https:\\\/\\\/www.facebook.com\\\/novatrojka\\\/\",\"https:\\\/\\\/www.instagram.com\\\/novatrojka\\\/\"]}]}<\/script>\n<!-- \/ Yoast SEO plugin. -->","yoast_head_json":{"title":"Terapeutick\u00e1 podpora rodi\u010d\u016f pe\u010duj\u00edc\u00edch o d\u00edt\u011b - Rodinn\u00e9 centrum Nov\u00e1 Trojka","robots":{"index":"index","follow":"follow","max-snippet":"max-snippet:-1","max-image-preview":"max-image-preview:large","max-video-preview":"max-video-preview:-1"},"canonical":"https:\/\/www.nova-trojka.cz\/index.php\/terapeuticka-podpora-rodicu-pecujicich-o-dite\/","og_locale":"cs_CZ","og_type":"article","og_title":"Terapeutick\u00e1 podpora rodi\u010d\u016f pe\u010duj\u00edc\u00edch o d\u00edt\u011b - Rodinn\u00e9 centrum Nov\u00e1 Trojka","og_description":"O\u010dek\u00e1v\u00e1n\u00ed od rodi\u010dovstv\u00ed mohou b\u00fdt jin\u00e1, ne\u017e jak je za\u017e\u00edv\u00e1me. M\u016f\u017ee se toho objevit mnoho dal\u0161\u00edho, kdy\u017e se staneme rodi\u010di. &hellip;","og_url":"https:\/\/www.nova-trojka.cz\/index.php\/terapeuticka-podpora-rodicu-pecujicich-o-dite\/","og_site_name":"Rodinn\u00e9 centrum Nov\u00e1 Trojka","article_publisher":"https:\/\/www.facebook.com\/novatrojka\/","article_modified_time":"2025-03-17T14:06:16+00:00","twitter_card":"summary_large_image","twitter_misc":{"Odhadovan\u00e1 doba \u010dten\u00ed":"2 minuty"},"schema":{"@context":"https:\/\/schema.org","@graph":[{"@type":"WebPage","@id":"https:\/\/www.nova-trojka.cz\/index.php\/terapeuticka-podpora-rodicu-pecujicich-o-dite\/","url":"https:\/\/www.nova-trojka.cz\/index.php\/terapeuticka-podpora-rodicu-pecujicich-o-dite\/","name":"Terapeutick\u00e1 podpora rodi\u010d\u016f pe\u010duj\u00edc\u00edch o d\u00edt\u011b - Rodinn\u00e9 centrum Nov\u00e1 Trojka","isPartOf":{"@id":"https:\/\/www.nova-trojka.cz\/#website"},"primaryImageOfPage":{"@id":"https:\/\/www.nova-trojka.cz\/index.php\/terapeuticka-podpora-rodicu-pecujicich-o-dite\/#primaryimage"},"image":{"@id":"https:\/\/www.nova-trojka.cz\/index.php\/terapeuticka-podpora-rodicu-pecujicich-o-dite\/#primaryimage"},"thumbnailUrl":"https:\/\/www.nova-trojka.cz\/wp-content\/uploads\/2024\/03\/family-3602245_1280-1024x604.jpg","datePublished":"2024-03-04T13:36:13+00:00","dateModified":"2025-03-17T14:06:16+00:00","breadcrumb":{"@id":"https:\/\/www.nova-trojka.cz\/index.php\/terapeuticka-podpora-rodicu-pecujicich-o-dite\/#breadcrumb"},"inLanguage":"cs","potentialAction":[{"@type":"ReadAction","target":["https:\/\/www.nova-trojka.cz\/index.php\/terapeuticka-podpora-rodicu-pecujicich-o-dite\/"]}]},{"@type":"ImageObject","inLanguage":"cs","@id":"https:\/\/www.nova-trojka.cz\/index.php\/terapeuticka-podpora-rodicu-pecujicich-o-dite\/#primaryimage","url":"","contentUrl":""},{"@type":"BreadcrumbList","@id":"https:\/\/www.nova-trojka.cz\/index.php\/terapeuticka-podpora-rodicu-pecujicich-o-dite\/#breadcrumb","itemListElement":[{"@type":"ListItem","position":1,"name":"Dom\u016f","item":"https:\/\/www.nova-trojka.cz\/"},{"@type":"ListItem","position":2,"name":"Terapeutick\u00e1 podpora rodi\u010d\u016f pe\u010duj\u00edc\u00edch o d\u00edt\u011b"}]},{"@type":"WebSite","@id":"https:\/\/www.nova-trojka.cz\/#website","url":"https:\/\/www.nova-trojka.cz\/","name":"Nov\u00e1 Trojka","description":"Rodinn\u00e9 a kulturn\u00ed centrum Nov\u00e1 Trojka nab\u00edz\u00ed p\u0159\u00e1telsk\u00fd, bezpe\u010dn\u00fd a inspirativn\u00ed prostor pro celou rodinu.","publisher":{"@id":"https:\/\/www.nova-trojka.cz\/#organization"},"potentialAction":[{"@type":"SearchAction","target":{"@type":"EntryPoint","urlTemplate":"https:\/\/www.nova-trojka.cz\/?s={search_term_string}"},"query-input":{"@type":"PropertyValueSpecification","valueRequired":true,"valueName":"search_term_string"}}],"inLanguage":"cs"},{"@type":"Organization","@id":"https:\/\/www.nova-trojka.cz\/#organization","name":"NOV\u00c1 TROJKA, z.s.","url":"https:\/\/www.nova-trojka.cz\/","logo":{"@type":"ImageObject","inLanguage":"cs","@id":"https:\/\/www.nova-trojka.cz\/#\/schema\/logo\/image\/","url":"https:\/\/www.nova-trojka.cz\/wp-content\/uploads\/2019\/05\/logotypN3.png","contentUrl":"https:\/\/www.nova-trojka.cz\/wp-content\/uploads\/2019\/05\/logotypN3.png","width":640,"height":480,"caption":"NOV\u00c1 TROJKA, z.s."},"image":{"@id":"https:\/\/www.nova-trojka.cz\/#\/schema\/logo\/image\/"},"sameAs":["https:\/\/www.facebook.com\/novatrojka\/","https:\/\/www.instagram.com\/novatrojka\/"]}]}},"_links":{"self":[{"href":"https:\/\/www.nova-trojka.cz\/index.php\/wp-json\/wp\/v2\/pages\/9132","targetHints":{"allow":["GET"]}}],"collection":[{"href":"https:\/\/www.nova-trojka.cz\/index.php\/wp-json\/wp\/v2\/pages"}],"about":[{"href":"https:\/\/www.nova-trojka.cz\/index.php\/wp-json\/wp\/v2\/types\/page"}],"author":[{"embeddable":true,"href":"https:\/\/www.nova-trojka.cz\/index.php\/wp-json\/wp\/v2\/users\/1"}],"replies":[{"embeddable":true,"href":"https:\/\/www.nova-trojka.cz\/index.php\/wp-json\/wp\/v2\/comments?post=9132"}],"version-history":[{"count":4,"href":"https:\/\/www.nova-trojka.cz\/index.php\/wp-json\/wp\/v2\/pages\/9132\/revisions"}],"predecessor-version":[{"id":10473,"href":"https:\/\/www.nova-trojka.cz\/index.php\/wp-json\/wp\/v2\/pages\/9132\/revisions\/10473"}],"wp:attachment":[{"href":"https:\/\/www.nova-trojka.cz\/index.php\/wp-json\/wp\/v2\/media?parent=9132"}],"curies":[{"name":"wp","href":"https:\/\/api.w.org\/{rel}","templated":true}]}}