{"id":7720,"date":"2023-01-31T10:50:36","date_gmt":"2023-01-31T09:50:36","guid":{"rendered":"https:\/\/www.nova-trojka.cz\/?page_id=7720"},"modified":"2023-01-31T11:07:11","modified_gmt":"2023-01-31T10:07:11","slug":"novorocni-vecirek-pro-dobrovolniky","status":"publish","type":"page","link":"https:\/\/www.nova-trojka.cz\/index.php\/galerie\/novorocni-vecirek-pro-dobrovolniky\/","title":{"rendered":"Novoro\u010dn\u00ed ve\u010d\u00edrek pro dobrovoln\u00edky"},"content":{"rendered":"\n<p>Jako tradi\u010dn\u011b jsme v lednu p\u0159ipravili pro na\u0161e dobrovoln\u00edky a p\u0159\u00e1tele Nov\u00e9 Trojky ve\u010d\u00edrek ve Venda baru. Chcete se k t\u00e9to skv\u011bl\u00e9 part\u011b p\u0159idat? Kontaktujte Helenu &#8211; helena.kovarova@novatrojka.cz, 774 644 974.<\/p>\n\n\n<div id='gallery-1' class='gallery galleryid-7720 gallery-columns-3 gallery-size-medium'><figure class='gallery-item'>\r\n            <div class='gallery-icon portrait'>\r\n                <a href='https:\/\/www.nova-trojka.cz\/wp-content\/uploads\/2023\/01\/323969371_561179372535477_1545466457609375068_n.jpg' data-fancybox='group3' data-caption=''><img loading=\"lazy\" decoding=\"async\" width=\"225\" height=\"300\" src=\"https:\/\/www.nova-trojka.cz\/wp-content\/uploads\/2023\/01\/323969371_561179372535477_1545466457609375068_n-225x300.jpg\" class=\"attachment-medium size-medium\" alt=\"\" srcset=\"https:\/\/www.nova-trojka.cz\/wp-content\/uploads\/2023\/01\/323969371_561179372535477_1545466457609375068_n-225x300.jpg 225w, https:\/\/www.nova-trojka.cz\/wp-content\/uploads\/2023\/01\/323969371_561179372535477_1545466457609375068_n.jpg 750w\" sizes=\"auto, (max-width: 225px) 100vw, 225px\" \/><\/a>\r\n            <\/div><\/figure><figure class='gallery-item'>\r\n            <div class='gallery-icon landscape'>\r\n                <a href='https:\/\/www.nova-trojka.cz\/wp-content\/uploads\/2023\/01\/324062153_1425409251537087_8165160551320214851_n.jpg' data-fancybox='group3' data-caption=''><img loading=\"lazy\" decoding=\"async\" width=\"300\" height=\"225\" src=\"https:\/\/www.nova-trojka.cz\/wp-content\/uploads\/2023\/01\/324062153_1425409251537087_8165160551320214851_n-300x225.jpg\" class=\"attachment-medium size-medium\" alt=\"\" srcset=\"https:\/\/www.nova-trojka.cz\/wp-content\/uploads\/2023\/01\/324062153_1425409251537087_8165160551320214851_n-300x225.jpg 300w, https:\/\/www.nova-trojka.cz\/wp-content\/uploads\/2023\/01\/324062153_1425409251537087_8165160551320214851_n.jpg 750w\" sizes=\"auto, (max-width: 300px) 100vw, 300px\" \/><\/a>\r\n            <\/div><\/figure><figure class='gallery-item'>\r\n            <div class='gallery-icon landscape'>\r\n                <a href='https:\/\/www.nova-trojka.cz\/wp-content\/uploads\/2023\/01\/324063210_522767596489841_5205782061282137455_n.jpg' data-fancybox='group3' data-caption=''><img loading=\"lazy\" decoding=\"async\" width=\"300\" height=\"225\" src=\"https:\/\/www.nova-trojka.cz\/wp-content\/uploads\/2023\/01\/324063210_522767596489841_5205782061282137455_n-300x225.jpg\" class=\"attachment-medium size-medium\" alt=\"\" srcset=\"https:\/\/www.nova-trojka.cz\/wp-content\/uploads\/2023\/01\/324063210_522767596489841_5205782061282137455_n-300x225.jpg 300w, https:\/\/www.nova-trojka.cz\/wp-content\/uploads\/2023\/01\/324063210_522767596489841_5205782061282137455_n.jpg 750w\" sizes=\"auto, (max-width: 300px) 100vw, 300px\" \/><\/a>\r\n            <\/div><\/figure><figure class='gallery-item'>\r\n            <div class='gallery-icon portrait'>\r\n                <a href='https:\/\/www.nova-trojka.cz\/wp-content\/uploads\/2023\/01\/324224894_496018115973463_6063370561505817412_n.jpg' data-fancybox='group3' data-caption=''><img loading=\"lazy\" decoding=\"async\" width=\"225\" height=\"300\" src=\"https:\/\/www.nova-trojka.cz\/wp-content\/uploads\/2023\/01\/324224894_496018115973463_6063370561505817412_n-225x300.jpg\" class=\"attachment-medium size-medium\" alt=\"\" srcset=\"https:\/\/www.nova-trojka.cz\/wp-content\/uploads\/2023\/01\/324224894_496018115973463_6063370561505817412_n-225x300.jpg 225w, https:\/\/www.nova-trojka.cz\/wp-content\/uploads\/2023\/01\/324224894_496018115973463_6063370561505817412_n.jpg 750w\" sizes=\"auto, (max-width: 225px) 100vw, 225px\" \/><\/a>\r\n            <\/div><\/figure><figure class='gallery-item'>\r\n            <div class='gallery-icon landscape'>\r\n                <a href='https:\/\/www.nova-trojka.cz\/wp-content\/uploads\/2023\/01\/324225861_939195483646891_3854461761830715419_n.jpg' data-fancybox='group3' data-caption=''><img loading=\"lazy\" decoding=\"async\" width=\"300\" height=\"225\" src=\"https:\/\/www.nova-trojka.cz\/wp-content\/uploads\/2023\/01\/324225861_939195483646891_3854461761830715419_n-300x225.jpg\" class=\"attachment-medium size-medium\" alt=\"\" srcset=\"https:\/\/www.nova-trojka.cz\/wp-content\/uploads\/2023\/01\/324225861_939195483646891_3854461761830715419_n-300x225.jpg 300w, https:\/\/www.nova-trojka.cz\/wp-content\/uploads\/2023\/01\/324225861_939195483646891_3854461761830715419_n.jpg 750w\" sizes=\"auto, (max-width: 300px) 100vw, 300px\" \/><\/a>\r\n            <\/div><\/figure><figure class='gallery-item'>\r\n            <div class='gallery-icon landscape'>\r\n                <a href='https:\/\/www.nova-trojka.cz\/wp-content\/uploads\/2023\/01\/324352154_927398411625140_4848271040449175291_n.jpg' data-fancybox='group3' data-caption=''><img loading=\"lazy\" decoding=\"async\" width=\"300\" height=\"225\" src=\"https:\/\/www.nova-trojka.cz\/wp-content\/uploads\/2023\/01\/324352154_927398411625140_4848271040449175291_n-300x225.jpg\" class=\"attachment-medium size-medium\" alt=\"\" srcset=\"https:\/\/www.nova-trojka.cz\/wp-content\/uploads\/2023\/01\/324352154_927398411625140_4848271040449175291_n-300x225.jpg 300w, https:\/\/www.nova-trojka.cz\/wp-content\/uploads\/2023\/01\/324352154_927398411625140_4848271040449175291_n.jpg 750w\" sizes=\"auto, (max-width: 300px) 100vw, 300px\" \/><\/a>\r\n            <\/div><\/figure><figure class='gallery-item'>\r\n            <div class='gallery-icon portrait'>\r\n                <a href='https:\/\/www.nova-trojka.cz\/wp-content\/uploads\/2023\/01\/324379267_1542417936181892_712347585702168229_n.jpg' data-fancybox='group3' data-caption=''><img loading=\"lazy\" decoding=\"async\" width=\"225\" height=\"300\" src=\"https:\/\/www.nova-trojka.cz\/wp-content\/uploads\/2023\/01\/324379267_1542417936181892_712347585702168229_n-225x300.jpg\" class=\"attachment-medium size-medium\" alt=\"\" srcset=\"https:\/\/www.nova-trojka.cz\/wp-content\/uploads\/2023\/01\/324379267_1542417936181892_712347585702168229_n-225x300.jpg 225w, https:\/\/www.nova-trojka.cz\/wp-content\/uploads\/2023\/01\/324379267_1542417936181892_712347585702168229_n.jpg 750w\" sizes=\"auto, (max-width: 225px) 100vw, 225px\" \/><\/a>\r\n            <\/div><\/figure><figure class='gallery-item'>\r\n            <div class='gallery-icon portrait'>\r\n                <a href='https:\/\/www.nova-trojka.cz\/wp-content\/uploads\/2023\/01\/324625029_820509465714583_1569557202327594563_n.jpg' data-fancybox='group3' data-caption=''><img loading=\"lazy\" decoding=\"async\" width=\"225\" height=\"300\" src=\"https:\/\/www.nova-trojka.cz\/wp-content\/uploads\/2023\/01\/324625029_820509465714583_1569557202327594563_n-225x300.jpg\" class=\"attachment-medium size-medium\" alt=\"\" srcset=\"https:\/\/www.nova-trojka.cz\/wp-content\/uploads\/2023\/01\/324625029_820509465714583_1569557202327594563_n-225x300.jpg 225w, https:\/\/www.nova-trojka.cz\/wp-content\/uploads\/2023\/01\/324625029_820509465714583_1569557202327594563_n.jpg 750w\" sizes=\"auto, (max-width: 225px) 100vw, 225px\" \/><\/a>\r\n            <\/div><\/figure>\r\n        <\/div>\n","protected":false},"excerpt":{"rendered":"<p>Jako tradi\u010dn\u011b jsme v lednu p\u0159ipravili pro na\u0161e dobrovoln\u00edky a p\u0159\u00e1tele Nov\u00e9 Trojky ve\u010d\u00edrek ve Venda baru. Chcete se k &hellip; <\/p>\n","protected":false},"author":1,"featured_media":0,"parent":696,"menu_order":0,"comment_status":"closed","ping_status":"closed","template":"","meta":{"footnotes":""},"class_list":["post-7720","page","type-page","status-publish","hentry","latest_post"],"yoast_head":"<!-- This site is optimized with the Yoast SEO plugin v27.5 - https:\/\/yoast.com\/product\/yoast-seo-wordpress\/ -->\n<title>Novoro\u010dn\u00ed ve\u010d\u00edrek pro dobrovoln\u00edky - Rodinn\u00e9 centrum Nov\u00e1 Trojka<\/title>\n<meta name=\"robots\" content=\"index, follow, max-snippet:-1, max-image-preview:large, max-video-preview:-1\" \/>\n<link rel=\"canonical\" href=\"https:\/\/www.nova-trojka.cz\/index.php\/galerie\/novorocni-vecirek-pro-dobrovolniky\/\" \/>\n<meta property=\"og:locale\" content=\"cs_CZ\" \/>\n<meta property=\"og:type\" content=\"article\" \/>\n<meta property=\"og:title\" content=\"Novoro\u010dn\u00ed ve\u010d\u00edrek pro dobrovoln\u00edky - Rodinn\u00e9 centrum Nov\u00e1 Trojka\" \/>\n<meta property=\"og:description\" content=\"Jako tradi\u010dn\u011b jsme v lednu p\u0159ipravili pro na\u0161e dobrovoln\u00edky a p\u0159\u00e1tele Nov\u00e9 Trojky ve\u010d\u00edrek ve Venda baru. Chcete se k &hellip;\" \/>\n<meta property=\"og:url\" content=\"https:\/\/www.nova-trojka.cz\/index.php\/galerie\/novorocni-vecirek-pro-dobrovolniky\/\" \/>\n<meta property=\"og:site_name\" content=\"Rodinn\u00e9 centrum Nov\u00e1 Trojka\" \/>\n<meta property=\"article:publisher\" content=\"https:\/\/www.facebook.com\/novatrojka\/\" \/>\n<meta property=\"article:modified_time\" content=\"2023-01-31T10:07:11+00:00\" \/>\n<meta property=\"og:image\" content=\"https:\/\/www.nova-trojka.cz\/wp-content\/uploads\/2023\/01\/323969371_561179372535477_1545466457609375068_n-225x300.jpg\" \/>\n<meta name=\"twitter:card\" content=\"summary_large_image\" \/>\n<meta name=\"twitter:label1\" content=\"Odhadovan\u00e1 doba \u010dten\u00ed\" \/>\n\t<meta name=\"twitter:data1\" content=\"1 minuta\" \/>\n<script type=\"application\/ld+json\" class=\"yoast-schema-graph\">{\"@context\":\"https:\\\/\\\/schema.org\",\"@graph\":[{\"@type\":\"WebPage\",\"@id\":\"https:\\\/\\\/www.nova-trojka.cz\\\/index.php\\\/galerie\\\/novorocni-vecirek-pro-dobrovolniky\\\/\",\"url\":\"https:\\\/\\\/www.nova-trojka.cz\\\/index.php\\\/galerie\\\/novorocni-vecirek-pro-dobrovolniky\\\/\",\"name\":\"Novoro\u010dn\u00ed ve\u010d\u00edrek pro dobrovoln\u00edky - Rodinn\u00e9 centrum Nov\u00e1 Trojka\",\"isPartOf\":{\"@id\":\"https:\\\/\\\/www.nova-trojka.cz\\\/#website\"},\"datePublished\":\"2023-01-31T09:50:36+00:00\",\"dateModified\":\"2023-01-31T10:07:11+00:00\",\"breadcrumb\":{\"@id\":\"https:\\\/\\\/www.nova-trojka.cz\\\/index.php\\\/galerie\\\/novorocni-vecirek-pro-dobrovolniky\\\/#breadcrumb\"},\"inLanguage\":\"cs\",\"potentialAction\":[{\"@type\":\"ReadAction\",\"target\":[\"https:\\\/\\\/www.nova-trojka.cz\\\/index.php\\\/galerie\\\/novorocni-vecirek-pro-dobrovolniky\\\/\"]}]},{\"@type\":\"BreadcrumbList\",\"@id\":\"https:\\\/\\\/www.nova-trojka.cz\\\/index.php\\\/galerie\\\/novorocni-vecirek-pro-dobrovolniky\\\/#breadcrumb\",\"itemListElement\":[{\"@type\":\"ListItem\",\"position\":1,\"name\":\"Dom\u016f\",\"item\":\"https:\\\/\\\/www.nova-trojka.cz\\\/\"},{\"@type\":\"ListItem\",\"position\":2,\"name\":\"Galerie\",\"item\":\"https:\\\/\\\/www.nova-trojka.cz\\\/index.php\\\/galerie\\\/\"},{\"@type\":\"ListItem\",\"position\":3,\"name\":\"Novoro\u010dn\u00ed ve\u010d\u00edrek pro dobrovoln\u00edky\"}]},{\"@type\":\"WebSite\",\"@id\":\"https:\\\/\\\/www.nova-trojka.cz\\\/#website\",\"url\":\"https:\\\/\\\/www.nova-trojka.cz\\\/\",\"name\":\"Nov\u00e1 Trojka\",\"description\":\"Rodinn\u00e9 a kulturn\u00ed centrum Nov\u00e1 Trojka nab\u00edz\u00ed p\u0159\u00e1telsk\u00fd, bezpe\u010dn\u00fd a inspirativn\u00ed prostor pro celou rodinu.\",\"publisher\":{\"@id\":\"https:\\\/\\\/www.nova-trojka.cz\\\/#organization\"},\"potentialAction\":[{\"@type\":\"SearchAction\",\"target\":{\"@type\":\"EntryPoint\",\"urlTemplate\":\"https:\\\/\\\/www.nova-trojka.cz\\\/?s={search_term_string}\"},\"query-input\":{\"@type\":\"PropertyValueSpecification\",\"valueRequired\":true,\"valueName\":\"search_term_string\"}}],\"inLanguage\":\"cs\"},{\"@type\":\"Organization\",\"@id\":\"https:\\\/\\\/www.nova-trojka.cz\\\/#organization\",\"name\":\"NOV\u00c1 TROJKA, z.s.\",\"url\":\"https:\\\/\\\/www.nova-trojka.cz\\\/\",\"logo\":{\"@type\":\"ImageObject\",\"inLanguage\":\"cs\",\"@id\":\"https:\\\/\\\/www.nova-trojka.cz\\\/#\\\/schema\\\/logo\\\/image\\\/\",\"url\":\"https:\\\/\\\/www.nova-trojka.cz\\\/wp-content\\\/uploads\\\/2019\\\/05\\\/logotypN3.png\",\"contentUrl\":\"https:\\\/\\\/www.nova-trojka.cz\\\/wp-content\\\/uploads\\\/2019\\\/05\\\/logotypN3.png\",\"width\":640,\"height\":480,\"caption\":\"NOV\u00c1 TROJKA, z.s.\"},\"image\":{\"@id\":\"https:\\\/\\\/www.nova-trojka.cz\\\/#\\\/schema\\\/logo\\\/image\\\/\"},\"sameAs\":[\"https:\\\/\\\/www.facebook.com\\\/novatrojka\\\/\",\"https:\\\/\\\/www.instagram.com\\\/novatrojka\\\/\"]}]}<\/script>\n<!-- \/ Yoast SEO plugin. -->","yoast_head_json":{"title":"Novoro\u010dn\u00ed ve\u010d\u00edrek pro dobrovoln\u00edky - Rodinn\u00e9 centrum Nov\u00e1 Trojka","robots":{"index":"index","follow":"follow","max-snippet":"max-snippet:-1","max-image-preview":"max-image-preview:large","max-video-preview":"max-video-preview:-1"},"canonical":"https:\/\/www.nova-trojka.cz\/index.php\/galerie\/novorocni-vecirek-pro-dobrovolniky\/","og_locale":"cs_CZ","og_type":"article","og_title":"Novoro\u010dn\u00ed ve\u010d\u00edrek pro dobrovoln\u00edky - Rodinn\u00e9 centrum Nov\u00e1 Trojka","og_description":"Jako tradi\u010dn\u011b jsme v lednu p\u0159ipravili pro na\u0161e dobrovoln\u00edky a p\u0159\u00e1tele Nov\u00e9 Trojky ve\u010d\u00edrek ve Venda baru. Chcete se k &hellip;","og_url":"https:\/\/www.nova-trojka.cz\/index.php\/galerie\/novorocni-vecirek-pro-dobrovolniky\/","og_site_name":"Rodinn\u00e9 centrum Nov\u00e1 Trojka","article_publisher":"https:\/\/www.facebook.com\/novatrojka\/","article_modified_time":"2023-01-31T10:07:11+00:00","og_image":[{"url":"https:\/\/www.nova-trojka.cz\/wp-content\/uploads\/2023\/01\/323969371_561179372535477_1545466457609375068_n-225x300.jpg","type":"","width":"","height":""}],"twitter_card":"summary_large_image","twitter_misc":{"Odhadovan\u00e1 doba \u010dten\u00ed":"1 minuta"},"schema":{"@context":"https:\/\/schema.org","@graph":[{"@type":"WebPage","@id":"https:\/\/www.nova-trojka.cz\/index.php\/galerie\/novorocni-vecirek-pro-dobrovolniky\/","url":"https:\/\/www.nova-trojka.cz\/index.php\/galerie\/novorocni-vecirek-pro-dobrovolniky\/","name":"Novoro\u010dn\u00ed ve\u010d\u00edrek pro dobrovoln\u00edky - Rodinn\u00e9 centrum Nov\u00e1 Trojka","isPartOf":{"@id":"https:\/\/www.nova-trojka.cz\/#website"},"datePublished":"2023-01-31T09:50:36+00:00","dateModified":"2023-01-31T10:07:11+00:00","breadcrumb":{"@id":"https:\/\/www.nova-trojka.cz\/index.php\/galerie\/novorocni-vecirek-pro-dobrovolniky\/#breadcrumb"},"inLanguage":"cs","potentialAction":[{"@type":"ReadAction","target":["https:\/\/www.nova-trojka.cz\/index.php\/galerie\/novorocni-vecirek-pro-dobrovolniky\/"]}]},{"@type":"BreadcrumbList","@id":"https:\/\/www.nova-trojka.cz\/index.php\/galerie\/novorocni-vecirek-pro-dobrovolniky\/#breadcrumb","itemListElement":[{"@type":"ListItem","position":1,"name":"Dom\u016f","item":"https:\/\/www.nova-trojka.cz\/"},{"@type":"ListItem","position":2,"name":"Galerie","item":"https:\/\/www.nova-trojka.cz\/index.php\/galerie\/"},{"@type":"ListItem","position":3,"name":"Novoro\u010dn\u00ed ve\u010d\u00edrek pro dobrovoln\u00edky"}]},{"@type":"WebSite","@id":"https:\/\/www.nova-trojka.cz\/#website","url":"https:\/\/www.nova-trojka.cz\/","name":"Nov\u00e1 Trojka","description":"Rodinn\u00e9 a kulturn\u00ed centrum Nov\u00e1 Trojka nab\u00edz\u00ed p\u0159\u00e1telsk\u00fd, bezpe\u010dn\u00fd a inspirativn\u00ed prostor pro celou rodinu.","publisher":{"@id":"https:\/\/www.nova-trojka.cz\/#organization"},"potentialAction":[{"@type":"SearchAction","target":{"@type":"EntryPoint","urlTemplate":"https:\/\/www.nova-trojka.cz\/?s={search_term_string}"},"query-input":{"@type":"PropertyValueSpecification","valueRequired":true,"valueName":"search_term_string"}}],"inLanguage":"cs"},{"@type":"Organization","@id":"https:\/\/www.nova-trojka.cz\/#organization","name":"NOV\u00c1 TROJKA, z.s.","url":"https:\/\/www.nova-trojka.cz\/","logo":{"@type":"ImageObject","inLanguage":"cs","@id":"https:\/\/www.nova-trojka.cz\/#\/schema\/logo\/image\/","url":"https:\/\/www.nova-trojka.cz\/wp-content\/uploads\/2019\/05\/logotypN3.png","contentUrl":"https:\/\/www.nova-trojka.cz\/wp-content\/uploads\/2019\/05\/logotypN3.png","width":640,"height":480,"caption":"NOV\u00c1 TROJKA, z.s."},"image":{"@id":"https:\/\/www.nova-trojka.cz\/#\/schema\/logo\/image\/"},"sameAs":["https:\/\/www.facebook.com\/novatrojka\/","https:\/\/www.instagram.com\/novatrojka\/"]}]}},"_links":{"self":[{"href":"https:\/\/www.nova-trojka.cz\/index.php\/wp-json\/wp\/v2\/pages\/7720","targetHints":{"allow":["GET"]}}],"collection":[{"href":"https:\/\/www.nova-trojka.cz\/index.php\/wp-json\/wp\/v2\/pages"}],"about":[{"href":"https:\/\/www.nova-trojka.cz\/index.php\/wp-json\/wp\/v2\/types\/page"}],"author":[{"embeddable":true,"href":"https:\/\/www.nova-trojka.cz\/index.php\/wp-json\/wp\/v2\/users\/1"}],"replies":[{"embeddable":true,"href":"https:\/\/www.nova-trojka.cz\/index.php\/wp-json\/wp\/v2\/comments?post=7720"}],"version-history":[{"count":2,"href":"https:\/\/www.nova-trojka.cz\/index.php\/wp-json\/wp\/v2\/pages\/7720\/revisions"}],"predecessor-version":[{"id":7760,"href":"https:\/\/www.nova-trojka.cz\/index.php\/wp-json\/wp\/v2\/pages\/7720\/revisions\/7760"}],"up":[{"embeddable":true,"href":"https:\/\/www.nova-trojka.cz\/index.php\/wp-json\/wp\/v2\/pages\/696"}],"wp:attachment":[{"href":"https:\/\/www.nova-trojka.cz\/index.php\/wp-json\/wp\/v2\/media?parent=7720"}],"curies":[{"name":"wp","href":"https:\/\/api.w.org\/{rel}","templated":true}]}}