{"id":688,"date":"2019-05-19T21:00:22","date_gmt":"2019-05-19T21:00:22","guid":{"rendered":"http:\/\/www.nova-trojka.cz\/?page_id=688"},"modified":"2023-01-27T12:59:25","modified_gmt":"2023-01-27T11:59:25","slug":"akce","status":"publish","type":"page","link":"https:\/\/www.nova-trojka.cz\/index.php\/akce\/","title":{"rendered":"Akce"},"content":{"rendered":"\n<p>Po\u0159\u00e1d\u00e1me pro v\u00e1s a va\u0161e d\u011bti tradi\u010dn\u00ed rodinn\u00e9 akce, vzd\u011bl\u00e1vac\u00ed semin\u00e1\u0159e a besedy s rodinn\u00fdmi t\u00e9maty, py\u017e\u00e1mkov\u00e9 ve\u010d\u00edrky pro d\u011bti &#8211; p\u0159esp\u00e1v\u00e1n\u00ed s programem, ale i sportovn\u00ed akce pro dosp\u011bl\u00e9. Chcete n\u011bkoho pot\u011b\u0161it a pozvat ho na akci, vyberte si z nab\u00eddky <a href=\"https:\/\/www.nova-trojka.cz\/index.php\/darkove-poukazy\">d\u00e1rkov\u00fdch poukaz\u016f<\/a>. B\u011bhem akc\u00ed po\u0159izujeme report\u00e1\u017en\u00ed fotografie. <\/p>\n","protected":false},"excerpt":{"rendered":"<p>Po\u0159\u00e1d\u00e1me pro v\u00e1s a va\u0161e d\u011bti tradi\u010dn\u00ed rodinn\u00e9 akce, vzd\u011bl\u00e1vac\u00ed semin\u00e1\u0159e a besedy s rodinn\u00fdmi t\u00e9maty, py\u017e\u00e1mkov\u00e9 ve\u010d\u00edrky pro d\u011bti &hellip; <\/p>\n","protected":false},"author":2,"featured_media":0,"parent":0,"menu_order":2,"comment_status":"closed","ping_status":"closed","template":"templates\/template-events.php","meta":{"footnotes":""},"class_list":["post-688","page","type-page","status-publish","hentry","latest_post"],"yoast_head":"<!-- This site is optimized with the Yoast SEO plugin v27.4 - https:\/\/yoast.com\/product\/yoast-seo-wordpress\/ -->\n<title>Akce pro d\u011bti - Rodinn\u00e9 centrum Nov\u00e1 Trojka<\/title>\n<meta name=\"description\" content=\"P\u0159ij\u010fte se sv\u00fdm d\u00edt\u011btem pobavit na rodinn\u00e9 akce, kter\u00e9 pro v\u00e1s po\u0159\u00e1d\u00e1me. U\u017eijete si spoustu z\u00e1bavy a odnesete si mnoho z\u00e1\u017eitk\u016f i v\u00fdtvor\u016f.\" \/>\n<meta name=\"robots\" content=\"index, follow, max-snippet:-1, max-image-preview:large, max-video-preview:-1\" \/>\n<link rel=\"canonical\" href=\"https:\/\/www.nova-trojka.cz\/index.php\/akce\/\" \/>\n<meta property=\"og:locale\" content=\"cs_CZ\" \/>\n<meta property=\"og:type\" content=\"article\" \/>\n<meta property=\"og:title\" content=\"Akce pro d\u011bti - Rodinn\u00e9 centrum Nov\u00e1 Trojka\" \/>\n<meta property=\"og:description\" content=\"P\u0159ij\u010fte se sv\u00fdm d\u00edt\u011btem pobavit na rodinn\u00e9 akce, kter\u00e9 pro v\u00e1s po\u0159\u00e1d\u00e1me. U\u017eijete si spoustu z\u00e1bavy a odnesete si mnoho z\u00e1\u017eitk\u016f i v\u00fdtvor\u016f.\" \/>\n<meta property=\"og:url\" content=\"https:\/\/www.nova-trojka.cz\/index.php\/akce\/\" \/>\n<meta property=\"og:site_name\" content=\"Rodinn\u00e9 centrum Nov\u00e1 Trojka\" \/>\n<meta property=\"article:publisher\" content=\"https:\/\/www.facebook.com\/novatrojka\/\" \/>\n<meta property=\"article:modified_time\" content=\"2023-01-27T11:59:25+00:00\" \/>\n<meta name=\"twitter:card\" content=\"summary_large_image\" \/>\n<meta name=\"twitter:label1\" content=\"Odhadovan\u00e1 doba \u010dten\u00ed\" \/>\n\t<meta name=\"twitter:data1\" content=\"1 minuta\" \/>\n<script type=\"application\/ld+json\" class=\"yoast-schema-graph\">{\"@context\":\"https:\\\/\\\/schema.org\",\"@graph\":[{\"@type\":\"WebPage\",\"@id\":\"https:\\\/\\\/www.nova-trojka.cz\\\/index.php\\\/akce\\\/\",\"url\":\"https:\\\/\\\/www.nova-trojka.cz\\\/index.php\\\/akce\\\/\",\"name\":\"Akce pro d\u011bti - Rodinn\u00e9 centrum Nov\u00e1 Trojka\",\"isPartOf\":{\"@id\":\"https:\\\/\\\/www.nova-trojka.cz\\\/#website\"},\"datePublished\":\"2019-05-19T21:00:22+00:00\",\"dateModified\":\"2023-01-27T11:59:25+00:00\",\"description\":\"P\u0159ij\u010fte se sv\u00fdm d\u00edt\u011btem pobavit na rodinn\u00e9 akce, kter\u00e9 pro v\u00e1s po\u0159\u00e1d\u00e1me. U\u017eijete si spoustu z\u00e1bavy a odnesete si mnoho z\u00e1\u017eitk\u016f i v\u00fdtvor\u016f.\",\"breadcrumb\":{\"@id\":\"https:\\\/\\\/www.nova-trojka.cz\\\/index.php\\\/akce\\\/#breadcrumb\"},\"inLanguage\":\"cs\",\"potentialAction\":[{\"@type\":\"ReadAction\",\"target\":[\"https:\\\/\\\/www.nova-trojka.cz\\\/index.php\\\/akce\\\/\"]}]},{\"@type\":\"BreadcrumbList\",\"@id\":\"https:\\\/\\\/www.nova-trojka.cz\\\/index.php\\\/akce\\\/#breadcrumb\",\"itemListElement\":[{\"@type\":\"ListItem\",\"position\":1,\"name\":\"Dom\u016f\",\"item\":\"https:\\\/\\\/www.nova-trojka.cz\\\/\"},{\"@type\":\"ListItem\",\"position\":2,\"name\":\"Akce\"}]},{\"@type\":\"WebSite\",\"@id\":\"https:\\\/\\\/www.nova-trojka.cz\\\/#website\",\"url\":\"https:\\\/\\\/www.nova-trojka.cz\\\/\",\"name\":\"Nov\u00e1 Trojka\",\"description\":\"Rodinn\u00e9 a kulturn\u00ed centrum Nov\u00e1 Trojka nab\u00edz\u00ed p\u0159\u00e1telsk\u00fd, bezpe\u010dn\u00fd a inspirativn\u00ed prostor pro celou rodinu.\",\"publisher\":{\"@id\":\"https:\\\/\\\/www.nova-trojka.cz\\\/#organization\"},\"potentialAction\":[{\"@type\":\"SearchAction\",\"target\":{\"@type\":\"EntryPoint\",\"urlTemplate\":\"https:\\\/\\\/www.nova-trojka.cz\\\/?s={search_term_string}\"},\"query-input\":{\"@type\":\"PropertyValueSpecification\",\"valueRequired\":true,\"valueName\":\"search_term_string\"}}],\"inLanguage\":\"cs\"},{\"@type\":\"Organization\",\"@id\":\"https:\\\/\\\/www.nova-trojka.cz\\\/#organization\",\"name\":\"NOV\u00c1 TROJKA, z.s.\",\"url\":\"https:\\\/\\\/www.nova-trojka.cz\\\/\",\"logo\":{\"@type\":\"ImageObject\",\"inLanguage\":\"cs\",\"@id\":\"https:\\\/\\\/www.nova-trojka.cz\\\/#\\\/schema\\\/logo\\\/image\\\/\",\"url\":\"https:\\\/\\\/www.nova-trojka.cz\\\/wp-content\\\/uploads\\\/2019\\\/05\\\/logotypN3.png\",\"contentUrl\":\"https:\\\/\\\/www.nova-trojka.cz\\\/wp-content\\\/uploads\\\/2019\\\/05\\\/logotypN3.png\",\"width\":640,\"height\":480,\"caption\":\"NOV\u00c1 TROJKA, z.s.\"},\"image\":{\"@id\":\"https:\\\/\\\/www.nova-trojka.cz\\\/#\\\/schema\\\/logo\\\/image\\\/\"},\"sameAs\":[\"https:\\\/\\\/www.facebook.com\\\/novatrojka\\\/\",\"https:\\\/\\\/www.instagram.com\\\/novatrojka\\\/\"]}]}<\/script>\n<!-- \/ Yoast SEO plugin. -->","yoast_head_json":{"title":"Akce pro d\u011bti - Rodinn\u00e9 centrum Nov\u00e1 Trojka","description":"P\u0159ij\u010fte se sv\u00fdm d\u00edt\u011btem pobavit na rodinn\u00e9 akce, kter\u00e9 pro v\u00e1s po\u0159\u00e1d\u00e1me. U\u017eijete si spoustu z\u00e1bavy a odnesete si mnoho z\u00e1\u017eitk\u016f i v\u00fdtvor\u016f.","robots":{"index":"index","follow":"follow","max-snippet":"max-snippet:-1","max-image-preview":"max-image-preview:large","max-video-preview":"max-video-preview:-1"},"canonical":"https:\/\/www.nova-trojka.cz\/index.php\/akce\/","og_locale":"cs_CZ","og_type":"article","og_title":"Akce pro d\u011bti - Rodinn\u00e9 centrum Nov\u00e1 Trojka","og_description":"P\u0159ij\u010fte se sv\u00fdm d\u00edt\u011btem pobavit na rodinn\u00e9 akce, kter\u00e9 pro v\u00e1s po\u0159\u00e1d\u00e1me. U\u017eijete si spoustu z\u00e1bavy a odnesete si mnoho z\u00e1\u017eitk\u016f i v\u00fdtvor\u016f.","og_url":"https:\/\/www.nova-trojka.cz\/index.php\/akce\/","og_site_name":"Rodinn\u00e9 centrum Nov\u00e1 Trojka","article_publisher":"https:\/\/www.facebook.com\/novatrojka\/","article_modified_time":"2023-01-27T11:59:25+00:00","twitter_card":"summary_large_image","twitter_misc":{"Odhadovan\u00e1 doba \u010dten\u00ed":"1 minuta"},"schema":{"@context":"https:\/\/schema.org","@graph":[{"@type":"WebPage","@id":"https:\/\/www.nova-trojka.cz\/index.php\/akce\/","url":"https:\/\/www.nova-trojka.cz\/index.php\/akce\/","name":"Akce pro d\u011bti - Rodinn\u00e9 centrum Nov\u00e1 Trojka","isPartOf":{"@id":"https:\/\/www.nova-trojka.cz\/#website"},"datePublished":"2019-05-19T21:00:22+00:00","dateModified":"2023-01-27T11:59:25+00:00","description":"P\u0159ij\u010fte se sv\u00fdm d\u00edt\u011btem pobavit na rodinn\u00e9 akce, kter\u00e9 pro v\u00e1s po\u0159\u00e1d\u00e1me. U\u017eijete si spoustu z\u00e1bavy a odnesete si mnoho z\u00e1\u017eitk\u016f i v\u00fdtvor\u016f.","breadcrumb":{"@id":"https:\/\/www.nova-trojka.cz\/index.php\/akce\/#breadcrumb"},"inLanguage":"cs","potentialAction":[{"@type":"ReadAction","target":["https:\/\/www.nova-trojka.cz\/index.php\/akce\/"]}]},{"@type":"BreadcrumbList","@id":"https:\/\/www.nova-trojka.cz\/index.php\/akce\/#breadcrumb","itemListElement":[{"@type":"ListItem","position":1,"name":"Dom\u016f","item":"https:\/\/www.nova-trojka.cz\/"},{"@type":"ListItem","position":2,"name":"Akce"}]},{"@type":"WebSite","@id":"https:\/\/www.nova-trojka.cz\/#website","url":"https:\/\/www.nova-trojka.cz\/","name":"Nov\u00e1 Trojka","description":"Rodinn\u00e9 a kulturn\u00ed centrum Nov\u00e1 Trojka nab\u00edz\u00ed p\u0159\u00e1telsk\u00fd, bezpe\u010dn\u00fd a inspirativn\u00ed prostor pro celou rodinu.","publisher":{"@id":"https:\/\/www.nova-trojka.cz\/#organization"},"potentialAction":[{"@type":"SearchAction","target":{"@type":"EntryPoint","urlTemplate":"https:\/\/www.nova-trojka.cz\/?s={search_term_string}"},"query-input":{"@type":"PropertyValueSpecification","valueRequired":true,"valueName":"search_term_string"}}],"inLanguage":"cs"},{"@type":"Organization","@id":"https:\/\/www.nova-trojka.cz\/#organization","name":"NOV\u00c1 TROJKA, z.s.","url":"https:\/\/www.nova-trojka.cz\/","logo":{"@type":"ImageObject","inLanguage":"cs","@id":"https:\/\/www.nova-trojka.cz\/#\/schema\/logo\/image\/","url":"https:\/\/www.nova-trojka.cz\/wp-content\/uploads\/2019\/05\/logotypN3.png","contentUrl":"https:\/\/www.nova-trojka.cz\/wp-content\/uploads\/2019\/05\/logotypN3.png","width":640,"height":480,"caption":"NOV\u00c1 TROJKA, z.s."},"image":{"@id":"https:\/\/www.nova-trojka.cz\/#\/schema\/logo\/image\/"},"sameAs":["https:\/\/www.facebook.com\/novatrojka\/","https:\/\/www.instagram.com\/novatrojka\/"]}]}},"_links":{"self":[{"href":"https:\/\/www.nova-trojka.cz\/index.php\/wp-json\/wp\/v2\/pages\/688","targetHints":{"allow":["GET"]}}],"collection":[{"href":"https:\/\/www.nova-trojka.cz\/index.php\/wp-json\/wp\/v2\/pages"}],"about":[{"href":"https:\/\/www.nova-trojka.cz\/index.php\/wp-json\/wp\/v2\/types\/page"}],"author":[{"embeddable":true,"href":"https:\/\/www.nova-trojka.cz\/index.php\/wp-json\/wp\/v2\/users\/2"}],"replies":[{"embeddable":true,"href":"https:\/\/www.nova-trojka.cz\/index.php\/wp-json\/wp\/v2\/comments?post=688"}],"version-history":[{"count":9,"href":"https:\/\/www.nova-trojka.cz\/index.php\/wp-json\/wp\/v2\/pages\/688\/revisions"}],"predecessor-version":[{"id":7677,"href":"https:\/\/www.nova-trojka.cz\/index.php\/wp-json\/wp\/v2\/pages\/688\/revisions\/7677"}],"wp:attachment":[{"href":"https:\/\/www.nova-trojka.cz\/index.php\/wp-json\/wp\/v2\/media?parent=688"}],"curies":[{"name":"wp","href":"https:\/\/api.w.org\/{rel}","templated":true}]}}