{"id":5302,"date":"2021-04-28T10:38:26","date_gmt":"2021-04-28T08:38:26","guid":{"rendered":"http:\/\/www.nova-trojka.cz\/?page_id=5302"},"modified":"2021-07-27T11:49:35","modified_gmt":"2021-07-27T09:49:35","slug":"vychovne-poradenstvi","status":"publish","type":"page","link":"https:\/\/www.nova-trojka.cz\/index.php\/poradenstvi\/vychovne-poradenstvi\/","title":{"rendered":"V\u00fdchovn\u00e9 poradenstv\u00ed"},"content":{"rendered":"\n<p>B\u011b\u017en\u00fd ka\u017edodenn\u00ed \u017eivot s&nbsp;d\u011btmi p\u0159in\u00e1\u0161\u00ed tak\u00e9 situace, kdy si rodi\u010d nemus\u00ed v\u011bd\u011bt rady. Vztek, \u201eneposlu\u0161nost\u201c, vztahy se sourozenci, puberta \u2013 podobn\u00e9 \u010dast\u00e9, ale n\u011bkdy t\u00ed\u017eiv\u00e9 probl\u00e9my m\u016f\u017eete konzultovat s&nbsp;pedago\u017ekou <a href=\"https:\/\/www.nova-trojka.cz\/index.php\/o-nas\/lektori-a-poradci\/#kurzweilova\">Mgr. Jolanou Kurzweilovou<\/a>.<\/p>\n","protected":false},"excerpt":{"rendered":"<p>B\u011b\u017en\u00fd ka\u017edodenn\u00ed \u017eivot s&nbsp;d\u011btmi p\u0159in\u00e1\u0161\u00ed tak\u00e9 situace, kdy si rodi\u010d nemus\u00ed v\u011bd\u011bt rady. Vztek, \u201eneposlu\u0161nost\u201c, vztahy se sourozenci, puberta \u2013 &hellip; <\/p>\n","protected":false},"author":1,"featured_media":0,"parent":1341,"menu_order":0,"comment_status":"closed","ping_status":"closed","template":"","meta":{"footnotes":""},"class_list":["post-5302","page","type-page","status-publish","hentry","latest_post"],"yoast_head":"<!-- This site is optimized with the Yoast SEO plugin v27.5 - https:\/\/yoast.com\/product\/yoast-seo-wordpress\/ -->\n<title>V\u00fdchovn\u00e9 poradenstv\u00ed - Rodinn\u00e9 centrum Nov\u00e1 Trojka<\/title>\n<meta name=\"description\" content=\"Vztek, \u201eneposlu\u0161nost\u201c, vztahy se sourozenci, puberta \u2013 \u010dast\u00e9, ale n\u011bkdy t\u00ed\u017eiv\u00e9 probl\u00e9my m\u016f\u017eete konzultovat v poradn\u011b &quot;V\u00fdchovn\u00e9 poradenstv\u00ed&quot;.\" \/>\n<meta name=\"robots\" content=\"index, follow, max-snippet:-1, max-image-preview:large, max-video-preview:-1\" \/>\n<link rel=\"canonical\" href=\"https:\/\/www.nova-trojka.cz\/index.php\/poradenstvi\/vychovne-poradenstvi\/\" \/>\n<meta property=\"og:locale\" content=\"cs_CZ\" \/>\n<meta property=\"og:type\" content=\"article\" \/>\n<meta property=\"og:title\" content=\"V\u00fdchovn\u00e9 poradenstv\u00ed - Rodinn\u00e9 centrum Nov\u00e1 Trojka\" \/>\n<meta property=\"og:description\" content=\"Vztek, \u201eneposlu\u0161nost\u201c, vztahy se sourozenci, puberta \u2013 \u010dast\u00e9, ale n\u011bkdy t\u00ed\u017eiv\u00e9 probl\u00e9my m\u016f\u017eete konzultovat v poradn\u011b &quot;V\u00fdchovn\u00e9 poradenstv\u00ed&quot;.\" \/>\n<meta property=\"og:url\" content=\"https:\/\/www.nova-trojka.cz\/index.php\/poradenstvi\/vychovne-poradenstvi\/\" \/>\n<meta property=\"og:site_name\" content=\"Rodinn\u00e9 centrum Nov\u00e1 Trojka\" \/>\n<meta property=\"article:publisher\" content=\"https:\/\/www.facebook.com\/novatrojka\/\" \/>\n<meta property=\"article:modified_time\" content=\"2021-07-27T09:49:35+00:00\" \/>\n<meta name=\"twitter:card\" content=\"summary_large_image\" \/>\n<meta name=\"twitter:label1\" content=\"Odhadovan\u00e1 doba \u010dten\u00ed\" \/>\n\t<meta name=\"twitter:data1\" content=\"1 minuta\" \/>\n<script type=\"application\/ld+json\" class=\"yoast-schema-graph\">{\"@context\":\"https:\\\/\\\/schema.org\",\"@graph\":[{\"@type\":\"WebPage\",\"@id\":\"https:\\\/\\\/www.nova-trojka.cz\\\/index.php\\\/poradenstvi\\\/vychovne-poradenstvi\\\/\",\"url\":\"https:\\\/\\\/www.nova-trojka.cz\\\/index.php\\\/poradenstvi\\\/vychovne-poradenstvi\\\/\",\"name\":\"V\u00fdchovn\u00e9 poradenstv\u00ed - Rodinn\u00e9 centrum Nov\u00e1 Trojka\",\"isPartOf\":{\"@id\":\"https:\\\/\\\/www.nova-trojka.cz\\\/#website\"},\"datePublished\":\"2021-04-28T08:38:26+00:00\",\"dateModified\":\"2021-07-27T09:49:35+00:00\",\"description\":\"Vztek, \u201eneposlu\u0161nost\u201c, vztahy se sourozenci, puberta \u2013 \u010dast\u00e9, ale n\u011bkdy t\u00ed\u017eiv\u00e9 probl\u00e9my m\u016f\u017eete konzultovat v poradn\u011b \\\"V\u00fdchovn\u00e9 poradenstv\u00ed\\\".\",\"breadcrumb\":{\"@id\":\"https:\\\/\\\/www.nova-trojka.cz\\\/index.php\\\/poradenstvi\\\/vychovne-poradenstvi\\\/#breadcrumb\"},\"inLanguage\":\"cs\",\"potentialAction\":[{\"@type\":\"ReadAction\",\"target\":[\"https:\\\/\\\/www.nova-trojka.cz\\\/index.php\\\/poradenstvi\\\/vychovne-poradenstvi\\\/\"]}]},{\"@type\":\"BreadcrumbList\",\"@id\":\"https:\\\/\\\/www.nova-trojka.cz\\\/index.php\\\/poradenstvi\\\/vychovne-poradenstvi\\\/#breadcrumb\",\"itemListElement\":[{\"@type\":\"ListItem\",\"position\":1,\"name\":\"Dom\u016f\",\"item\":\"https:\\\/\\\/www.nova-trojka.cz\\\/\"},{\"@type\":\"ListItem\",\"position\":2,\"name\":\"Poradenstv\u00ed\",\"item\":\"https:\\\/\\\/www.nova-trojka.cz\\\/index.php\\\/poradenstvi\\\/\"},{\"@type\":\"ListItem\",\"position\":3,\"name\":\"V\u00fdchovn\u00e9 poradenstv\u00ed\"}]},{\"@type\":\"WebSite\",\"@id\":\"https:\\\/\\\/www.nova-trojka.cz\\\/#website\",\"url\":\"https:\\\/\\\/www.nova-trojka.cz\\\/\",\"name\":\"Nov\u00e1 Trojka\",\"description\":\"Rodinn\u00e9 a kulturn\u00ed centrum Nov\u00e1 Trojka nab\u00edz\u00ed p\u0159\u00e1telsk\u00fd, bezpe\u010dn\u00fd a inspirativn\u00ed prostor pro celou rodinu.\",\"publisher\":{\"@id\":\"https:\\\/\\\/www.nova-trojka.cz\\\/#organization\"},\"potentialAction\":[{\"@type\":\"SearchAction\",\"target\":{\"@type\":\"EntryPoint\",\"urlTemplate\":\"https:\\\/\\\/www.nova-trojka.cz\\\/?s={search_term_string}\"},\"query-input\":{\"@type\":\"PropertyValueSpecification\",\"valueRequired\":true,\"valueName\":\"search_term_string\"}}],\"inLanguage\":\"cs\"},{\"@type\":\"Organization\",\"@id\":\"https:\\\/\\\/www.nova-trojka.cz\\\/#organization\",\"name\":\"NOV\u00c1 TROJKA, z.s.\",\"url\":\"https:\\\/\\\/www.nova-trojka.cz\\\/\",\"logo\":{\"@type\":\"ImageObject\",\"inLanguage\":\"cs\",\"@id\":\"https:\\\/\\\/www.nova-trojka.cz\\\/#\\\/schema\\\/logo\\\/image\\\/\",\"url\":\"https:\\\/\\\/www.nova-trojka.cz\\\/wp-content\\\/uploads\\\/2019\\\/05\\\/logotypN3.png\",\"contentUrl\":\"https:\\\/\\\/www.nova-trojka.cz\\\/wp-content\\\/uploads\\\/2019\\\/05\\\/logotypN3.png\",\"width\":640,\"height\":480,\"caption\":\"NOV\u00c1 TROJKA, z.s.\"},\"image\":{\"@id\":\"https:\\\/\\\/www.nova-trojka.cz\\\/#\\\/schema\\\/logo\\\/image\\\/\"},\"sameAs\":[\"https:\\\/\\\/www.facebook.com\\\/novatrojka\\\/\",\"https:\\\/\\\/www.instagram.com\\\/novatrojka\\\/\"]}]}<\/script>\n<!-- \/ Yoast SEO plugin. -->","yoast_head_json":{"title":"V\u00fdchovn\u00e9 poradenstv\u00ed - Rodinn\u00e9 centrum Nov\u00e1 Trojka","description":"Vztek, \u201eneposlu\u0161nost\u201c, vztahy se sourozenci, puberta \u2013 \u010dast\u00e9, ale n\u011bkdy t\u00ed\u017eiv\u00e9 probl\u00e9my m\u016f\u017eete konzultovat v poradn\u011b \"V\u00fdchovn\u00e9 poradenstv\u00ed\".","robots":{"index":"index","follow":"follow","max-snippet":"max-snippet:-1","max-image-preview":"max-image-preview:large","max-video-preview":"max-video-preview:-1"},"canonical":"https:\/\/www.nova-trojka.cz\/index.php\/poradenstvi\/vychovne-poradenstvi\/","og_locale":"cs_CZ","og_type":"article","og_title":"V\u00fdchovn\u00e9 poradenstv\u00ed - Rodinn\u00e9 centrum Nov\u00e1 Trojka","og_description":"Vztek, \u201eneposlu\u0161nost\u201c, vztahy se sourozenci, puberta \u2013 \u010dast\u00e9, ale n\u011bkdy t\u00ed\u017eiv\u00e9 probl\u00e9my m\u016f\u017eete konzultovat v poradn\u011b \"V\u00fdchovn\u00e9 poradenstv\u00ed\".","og_url":"https:\/\/www.nova-trojka.cz\/index.php\/poradenstvi\/vychovne-poradenstvi\/","og_site_name":"Rodinn\u00e9 centrum Nov\u00e1 Trojka","article_publisher":"https:\/\/www.facebook.com\/novatrojka\/","article_modified_time":"2021-07-27T09:49:35+00:00","twitter_card":"summary_large_image","twitter_misc":{"Odhadovan\u00e1 doba \u010dten\u00ed":"1 minuta"},"schema":{"@context":"https:\/\/schema.org","@graph":[{"@type":"WebPage","@id":"https:\/\/www.nova-trojka.cz\/index.php\/poradenstvi\/vychovne-poradenstvi\/","url":"https:\/\/www.nova-trojka.cz\/index.php\/poradenstvi\/vychovne-poradenstvi\/","name":"V\u00fdchovn\u00e9 poradenstv\u00ed - Rodinn\u00e9 centrum Nov\u00e1 Trojka","isPartOf":{"@id":"https:\/\/www.nova-trojka.cz\/#website"},"datePublished":"2021-04-28T08:38:26+00:00","dateModified":"2021-07-27T09:49:35+00:00","description":"Vztek, \u201eneposlu\u0161nost\u201c, vztahy se sourozenci, puberta \u2013 \u010dast\u00e9, ale n\u011bkdy t\u00ed\u017eiv\u00e9 probl\u00e9my m\u016f\u017eete konzultovat v poradn\u011b \"V\u00fdchovn\u00e9 poradenstv\u00ed\".","breadcrumb":{"@id":"https:\/\/www.nova-trojka.cz\/index.php\/poradenstvi\/vychovne-poradenstvi\/#breadcrumb"},"inLanguage":"cs","potentialAction":[{"@type":"ReadAction","target":["https:\/\/www.nova-trojka.cz\/index.php\/poradenstvi\/vychovne-poradenstvi\/"]}]},{"@type":"BreadcrumbList","@id":"https:\/\/www.nova-trojka.cz\/index.php\/poradenstvi\/vychovne-poradenstvi\/#breadcrumb","itemListElement":[{"@type":"ListItem","position":1,"name":"Dom\u016f","item":"https:\/\/www.nova-trojka.cz\/"},{"@type":"ListItem","position":2,"name":"Poradenstv\u00ed","item":"https:\/\/www.nova-trojka.cz\/index.php\/poradenstvi\/"},{"@type":"ListItem","position":3,"name":"V\u00fdchovn\u00e9 poradenstv\u00ed"}]},{"@type":"WebSite","@id":"https:\/\/www.nova-trojka.cz\/#website","url":"https:\/\/www.nova-trojka.cz\/","name":"Nov\u00e1 Trojka","description":"Rodinn\u00e9 a kulturn\u00ed centrum Nov\u00e1 Trojka nab\u00edz\u00ed p\u0159\u00e1telsk\u00fd, bezpe\u010dn\u00fd a inspirativn\u00ed prostor pro celou rodinu.","publisher":{"@id":"https:\/\/www.nova-trojka.cz\/#organization"},"potentialAction":[{"@type":"SearchAction","target":{"@type":"EntryPoint","urlTemplate":"https:\/\/www.nova-trojka.cz\/?s={search_term_string}"},"query-input":{"@type":"PropertyValueSpecification","valueRequired":true,"valueName":"search_term_string"}}],"inLanguage":"cs"},{"@type":"Organization","@id":"https:\/\/www.nova-trojka.cz\/#organization","name":"NOV\u00c1 TROJKA, z.s.","url":"https:\/\/www.nova-trojka.cz\/","logo":{"@type":"ImageObject","inLanguage":"cs","@id":"https:\/\/www.nova-trojka.cz\/#\/schema\/logo\/image\/","url":"https:\/\/www.nova-trojka.cz\/wp-content\/uploads\/2019\/05\/logotypN3.png","contentUrl":"https:\/\/www.nova-trojka.cz\/wp-content\/uploads\/2019\/05\/logotypN3.png","width":640,"height":480,"caption":"NOV\u00c1 TROJKA, z.s."},"image":{"@id":"https:\/\/www.nova-trojka.cz\/#\/schema\/logo\/image\/"},"sameAs":["https:\/\/www.facebook.com\/novatrojka\/","https:\/\/www.instagram.com\/novatrojka\/"]}]}},"_links":{"self":[{"href":"https:\/\/www.nova-trojka.cz\/index.php\/wp-json\/wp\/v2\/pages\/5302","targetHints":{"allow":["GET"]}}],"collection":[{"href":"https:\/\/www.nova-trojka.cz\/index.php\/wp-json\/wp\/v2\/pages"}],"about":[{"href":"https:\/\/www.nova-trojka.cz\/index.php\/wp-json\/wp\/v2\/types\/page"}],"author":[{"embeddable":true,"href":"https:\/\/www.nova-trojka.cz\/index.php\/wp-json\/wp\/v2\/users\/1"}],"replies":[{"embeddable":true,"href":"https:\/\/www.nova-trojka.cz\/index.php\/wp-json\/wp\/v2\/comments?post=5302"}],"version-history":[{"count":2,"href":"https:\/\/www.nova-trojka.cz\/index.php\/wp-json\/wp\/v2\/pages\/5302\/revisions"}],"predecessor-version":[{"id":5746,"href":"https:\/\/www.nova-trojka.cz\/index.php\/wp-json\/wp\/v2\/pages\/5302\/revisions\/5746"}],"up":[{"embeddable":true,"href":"https:\/\/www.nova-trojka.cz\/index.php\/wp-json\/wp\/v2\/pages\/1341"}],"wp:attachment":[{"href":"https:\/\/www.nova-trojka.cz\/index.php\/wp-json\/wp\/v2\/media?parent=5302"}],"curies":[{"name":"wp","href":"https:\/\/api.w.org\/{rel}","templated":true}]}}