{"id":5299,"date":"2021-04-28T10:36:20","date_gmt":"2021-04-28T08:36:20","guid":{"rendered":"http:\/\/www.nova-trojka.cz\/?page_id=5299"},"modified":"2021-07-27T11:51:26","modified_gmt":"2021-07-27T09:51:26","slug":"vyzivova-poradna","status":"publish","type":"page","link":"https:\/\/www.nova-trojka.cz\/index.php\/poradenstvi\/vyzivova-poradna\/","title":{"rendered":"V\u00fd\u017eivov\u00e1 poradna"},"content":{"rendered":"\n<p>Zhodnocen\u00ed j\u00eddeln\u00ed\u010dku d\u00edt\u011bte, doporu\u010den\u00ed, &nbsp;\u0159e\u0161en\u00ed dal\u0161\u00edch mo\u017en\u00fdch probl\u00e9m\u016f s&nbsp;j\u00eddlem. V\u00fd\u017eivovou poradnu pro d\u011bti i dosp\u011bl\u00e9 se specializac\u00ed na bezlepkovou dietu vede <a href=\"https:\/\/www.nova-trojka.cz\/index.php\/o-nas\/lektori-a-poradci\/#hofmanova\">Mgr. Tereza Hofmanov\u00e1.<\/a><\/p>\n","protected":false},"excerpt":{"rendered":"<p>Zhodnocen\u00ed j\u00eddeln\u00ed\u010dku d\u00edt\u011bte, doporu\u010den\u00ed, &nbsp;\u0159e\u0161en\u00ed dal\u0161\u00edch mo\u017en\u00fdch probl\u00e9m\u016f s&nbsp;j\u00eddlem. V\u00fd\u017eivovou poradnu pro d\u011bti i dosp\u011bl\u00e9 se specializac\u00ed na bezlepkovou dietu &hellip; <\/p>\n","protected":false},"author":1,"featured_media":0,"parent":1341,"menu_order":0,"comment_status":"closed","ping_status":"closed","template":"","meta":{"footnotes":""},"class_list":["post-5299","page","type-page","status-publish","hentry","latest_post"],"yoast_head":"<!-- This site is optimized with the Yoast SEO plugin v27.5 - https:\/\/yoast.com\/product\/yoast-seo-wordpress\/ -->\n<title>V\u00fd\u017eivov\u00e1 poradna - Rodinn\u00e9 centrum Nov\u00e1 Trojka<\/title>\n<meta name=\"description\" content=\"V\u00fd\u017eivov\u00e1 poradna nab\u00edz\u00ed zhodnocen\u00ed j\u00eddeln\u00ed\u010dku d\u00edt\u011bte \u010di dosp\u011bl\u00e9ho, doporu\u010den\u00ed, \u0159e\u0161en\u00ed dal\u0161\u00edch mo\u017en\u00fdch probl\u00e9m\u016f s j\u00eddlem.\" \/>\n<meta name=\"robots\" content=\"index, follow, max-snippet:-1, max-image-preview:large, max-video-preview:-1\" \/>\n<link rel=\"canonical\" href=\"https:\/\/www.nova-trojka.cz\/index.php\/poradenstvi\/vyzivova-poradna\/\" \/>\n<meta property=\"og:locale\" content=\"cs_CZ\" \/>\n<meta property=\"og:type\" content=\"article\" \/>\n<meta property=\"og:title\" content=\"V\u00fd\u017eivov\u00e1 poradna - Rodinn\u00e9 centrum Nov\u00e1 Trojka\" \/>\n<meta property=\"og:description\" content=\"V\u00fd\u017eivov\u00e1 poradna nab\u00edz\u00ed zhodnocen\u00ed j\u00eddeln\u00ed\u010dku d\u00edt\u011bte \u010di dosp\u011bl\u00e9ho, doporu\u010den\u00ed, \u0159e\u0161en\u00ed dal\u0161\u00edch mo\u017en\u00fdch probl\u00e9m\u016f s j\u00eddlem.\" \/>\n<meta property=\"og:url\" content=\"https:\/\/www.nova-trojka.cz\/index.php\/poradenstvi\/vyzivova-poradna\/\" \/>\n<meta property=\"og:site_name\" content=\"Rodinn\u00e9 centrum Nov\u00e1 Trojka\" \/>\n<meta property=\"article:publisher\" content=\"https:\/\/www.facebook.com\/novatrojka\/\" \/>\n<meta property=\"article:modified_time\" content=\"2021-07-27T09:51:26+00:00\" \/>\n<meta name=\"twitter:card\" content=\"summary_large_image\" \/>\n<meta name=\"twitter:label1\" content=\"Odhadovan\u00e1 doba \u010dten\u00ed\" \/>\n\t<meta name=\"twitter:data1\" content=\"1 minuta\" \/>\n<script type=\"application\/ld+json\" class=\"yoast-schema-graph\">{\"@context\":\"https:\\\/\\\/schema.org\",\"@graph\":[{\"@type\":\"WebPage\",\"@id\":\"https:\\\/\\\/www.nova-trojka.cz\\\/index.php\\\/poradenstvi\\\/vyzivova-poradna\\\/\",\"url\":\"https:\\\/\\\/www.nova-trojka.cz\\\/index.php\\\/poradenstvi\\\/vyzivova-poradna\\\/\",\"name\":\"V\u00fd\u017eivov\u00e1 poradna - Rodinn\u00e9 centrum Nov\u00e1 Trojka\",\"isPartOf\":{\"@id\":\"https:\\\/\\\/www.nova-trojka.cz\\\/#website\"},\"datePublished\":\"2021-04-28T08:36:20+00:00\",\"dateModified\":\"2021-07-27T09:51:26+00:00\",\"description\":\"V\u00fd\u017eivov\u00e1 poradna nab\u00edz\u00ed zhodnocen\u00ed j\u00eddeln\u00ed\u010dku d\u00edt\u011bte \u010di dosp\u011bl\u00e9ho, doporu\u010den\u00ed, \u0159e\u0161en\u00ed dal\u0161\u00edch mo\u017en\u00fdch probl\u00e9m\u016f s j\u00eddlem.\",\"breadcrumb\":{\"@id\":\"https:\\\/\\\/www.nova-trojka.cz\\\/index.php\\\/poradenstvi\\\/vyzivova-poradna\\\/#breadcrumb\"},\"inLanguage\":\"cs\",\"potentialAction\":[{\"@type\":\"ReadAction\",\"target\":[\"https:\\\/\\\/www.nova-trojka.cz\\\/index.php\\\/poradenstvi\\\/vyzivova-poradna\\\/\"]}]},{\"@type\":\"BreadcrumbList\",\"@id\":\"https:\\\/\\\/www.nova-trojka.cz\\\/index.php\\\/poradenstvi\\\/vyzivova-poradna\\\/#breadcrumb\",\"itemListElement\":[{\"@type\":\"ListItem\",\"position\":1,\"name\":\"Dom\u016f\",\"item\":\"https:\\\/\\\/www.nova-trojka.cz\\\/\"},{\"@type\":\"ListItem\",\"position\":2,\"name\":\"Poradenstv\u00ed\",\"item\":\"https:\\\/\\\/www.nova-trojka.cz\\\/index.php\\\/poradenstvi\\\/\"},{\"@type\":\"ListItem\",\"position\":3,\"name\":\"V\u00fd\u017eivov\u00e1 poradna\"}]},{\"@type\":\"WebSite\",\"@id\":\"https:\\\/\\\/www.nova-trojka.cz\\\/#website\",\"url\":\"https:\\\/\\\/www.nova-trojka.cz\\\/\",\"name\":\"Nov\u00e1 Trojka\",\"description\":\"Rodinn\u00e9 a kulturn\u00ed centrum Nov\u00e1 Trojka nab\u00edz\u00ed p\u0159\u00e1telsk\u00fd, bezpe\u010dn\u00fd a inspirativn\u00ed prostor pro celou rodinu.\",\"publisher\":{\"@id\":\"https:\\\/\\\/www.nova-trojka.cz\\\/#organization\"},\"potentialAction\":[{\"@type\":\"SearchAction\",\"target\":{\"@type\":\"EntryPoint\",\"urlTemplate\":\"https:\\\/\\\/www.nova-trojka.cz\\\/?s={search_term_string}\"},\"query-input\":{\"@type\":\"PropertyValueSpecification\",\"valueRequired\":true,\"valueName\":\"search_term_string\"}}],\"inLanguage\":\"cs\"},{\"@type\":\"Organization\",\"@id\":\"https:\\\/\\\/www.nova-trojka.cz\\\/#organization\",\"name\":\"NOV\u00c1 TROJKA, z.s.\",\"url\":\"https:\\\/\\\/www.nova-trojka.cz\\\/\",\"logo\":{\"@type\":\"ImageObject\",\"inLanguage\":\"cs\",\"@id\":\"https:\\\/\\\/www.nova-trojka.cz\\\/#\\\/schema\\\/logo\\\/image\\\/\",\"url\":\"https:\\\/\\\/www.nova-trojka.cz\\\/wp-content\\\/uploads\\\/2019\\\/05\\\/logotypN3.png\",\"contentUrl\":\"https:\\\/\\\/www.nova-trojka.cz\\\/wp-content\\\/uploads\\\/2019\\\/05\\\/logotypN3.png\",\"width\":640,\"height\":480,\"caption\":\"NOV\u00c1 TROJKA, z.s.\"},\"image\":{\"@id\":\"https:\\\/\\\/www.nova-trojka.cz\\\/#\\\/schema\\\/logo\\\/image\\\/\"},\"sameAs\":[\"https:\\\/\\\/www.facebook.com\\\/novatrojka\\\/\",\"https:\\\/\\\/www.instagram.com\\\/novatrojka\\\/\"]}]}<\/script>\n<!-- \/ Yoast SEO plugin. -->","yoast_head_json":{"title":"V\u00fd\u017eivov\u00e1 poradna - Rodinn\u00e9 centrum Nov\u00e1 Trojka","description":"V\u00fd\u017eivov\u00e1 poradna nab\u00edz\u00ed zhodnocen\u00ed j\u00eddeln\u00ed\u010dku d\u00edt\u011bte \u010di dosp\u011bl\u00e9ho, doporu\u010den\u00ed, \u0159e\u0161en\u00ed dal\u0161\u00edch mo\u017en\u00fdch probl\u00e9m\u016f s j\u00eddlem.","robots":{"index":"index","follow":"follow","max-snippet":"max-snippet:-1","max-image-preview":"max-image-preview:large","max-video-preview":"max-video-preview:-1"},"canonical":"https:\/\/www.nova-trojka.cz\/index.php\/poradenstvi\/vyzivova-poradna\/","og_locale":"cs_CZ","og_type":"article","og_title":"V\u00fd\u017eivov\u00e1 poradna - Rodinn\u00e9 centrum Nov\u00e1 Trojka","og_description":"V\u00fd\u017eivov\u00e1 poradna nab\u00edz\u00ed zhodnocen\u00ed j\u00eddeln\u00ed\u010dku d\u00edt\u011bte \u010di dosp\u011bl\u00e9ho, doporu\u010den\u00ed, \u0159e\u0161en\u00ed dal\u0161\u00edch mo\u017en\u00fdch probl\u00e9m\u016f s j\u00eddlem.","og_url":"https:\/\/www.nova-trojka.cz\/index.php\/poradenstvi\/vyzivova-poradna\/","og_site_name":"Rodinn\u00e9 centrum Nov\u00e1 Trojka","article_publisher":"https:\/\/www.facebook.com\/novatrojka\/","article_modified_time":"2021-07-27T09:51:26+00:00","twitter_card":"summary_large_image","twitter_misc":{"Odhadovan\u00e1 doba \u010dten\u00ed":"1 minuta"},"schema":{"@context":"https:\/\/schema.org","@graph":[{"@type":"WebPage","@id":"https:\/\/www.nova-trojka.cz\/index.php\/poradenstvi\/vyzivova-poradna\/","url":"https:\/\/www.nova-trojka.cz\/index.php\/poradenstvi\/vyzivova-poradna\/","name":"V\u00fd\u017eivov\u00e1 poradna - Rodinn\u00e9 centrum Nov\u00e1 Trojka","isPartOf":{"@id":"https:\/\/www.nova-trojka.cz\/#website"},"datePublished":"2021-04-28T08:36:20+00:00","dateModified":"2021-07-27T09:51:26+00:00","description":"V\u00fd\u017eivov\u00e1 poradna nab\u00edz\u00ed zhodnocen\u00ed j\u00eddeln\u00ed\u010dku d\u00edt\u011bte \u010di dosp\u011bl\u00e9ho, doporu\u010den\u00ed, \u0159e\u0161en\u00ed dal\u0161\u00edch mo\u017en\u00fdch probl\u00e9m\u016f s j\u00eddlem.","breadcrumb":{"@id":"https:\/\/www.nova-trojka.cz\/index.php\/poradenstvi\/vyzivova-poradna\/#breadcrumb"},"inLanguage":"cs","potentialAction":[{"@type":"ReadAction","target":["https:\/\/www.nova-trojka.cz\/index.php\/poradenstvi\/vyzivova-poradna\/"]}]},{"@type":"BreadcrumbList","@id":"https:\/\/www.nova-trojka.cz\/index.php\/poradenstvi\/vyzivova-poradna\/#breadcrumb","itemListElement":[{"@type":"ListItem","position":1,"name":"Dom\u016f","item":"https:\/\/www.nova-trojka.cz\/"},{"@type":"ListItem","position":2,"name":"Poradenstv\u00ed","item":"https:\/\/www.nova-trojka.cz\/index.php\/poradenstvi\/"},{"@type":"ListItem","position":3,"name":"V\u00fd\u017eivov\u00e1 poradna"}]},{"@type":"WebSite","@id":"https:\/\/www.nova-trojka.cz\/#website","url":"https:\/\/www.nova-trojka.cz\/","name":"Nov\u00e1 Trojka","description":"Rodinn\u00e9 a kulturn\u00ed centrum Nov\u00e1 Trojka nab\u00edz\u00ed p\u0159\u00e1telsk\u00fd, bezpe\u010dn\u00fd a inspirativn\u00ed prostor pro celou rodinu.","publisher":{"@id":"https:\/\/www.nova-trojka.cz\/#organization"},"potentialAction":[{"@type":"SearchAction","target":{"@type":"EntryPoint","urlTemplate":"https:\/\/www.nova-trojka.cz\/?s={search_term_string}"},"query-input":{"@type":"PropertyValueSpecification","valueRequired":true,"valueName":"search_term_string"}}],"inLanguage":"cs"},{"@type":"Organization","@id":"https:\/\/www.nova-trojka.cz\/#organization","name":"NOV\u00c1 TROJKA, z.s.","url":"https:\/\/www.nova-trojka.cz\/","logo":{"@type":"ImageObject","inLanguage":"cs","@id":"https:\/\/www.nova-trojka.cz\/#\/schema\/logo\/image\/","url":"https:\/\/www.nova-trojka.cz\/wp-content\/uploads\/2019\/05\/logotypN3.png","contentUrl":"https:\/\/www.nova-trojka.cz\/wp-content\/uploads\/2019\/05\/logotypN3.png","width":640,"height":480,"caption":"NOV\u00c1 TROJKA, z.s."},"image":{"@id":"https:\/\/www.nova-trojka.cz\/#\/schema\/logo\/image\/"},"sameAs":["https:\/\/www.facebook.com\/novatrojka\/","https:\/\/www.instagram.com\/novatrojka\/"]}]}},"_links":{"self":[{"href":"https:\/\/www.nova-trojka.cz\/index.php\/wp-json\/wp\/v2\/pages\/5299","targetHints":{"allow":["GET"]}}],"collection":[{"href":"https:\/\/www.nova-trojka.cz\/index.php\/wp-json\/wp\/v2\/pages"}],"about":[{"href":"https:\/\/www.nova-trojka.cz\/index.php\/wp-json\/wp\/v2\/types\/page"}],"author":[{"embeddable":true,"href":"https:\/\/www.nova-trojka.cz\/index.php\/wp-json\/wp\/v2\/users\/1"}],"replies":[{"embeddable":true,"href":"https:\/\/www.nova-trojka.cz\/index.php\/wp-json\/wp\/v2\/comments?post=5299"}],"version-history":[{"count":2,"href":"https:\/\/www.nova-trojka.cz\/index.php\/wp-json\/wp\/v2\/pages\/5299\/revisions"}],"predecessor-version":[{"id":5747,"href":"https:\/\/www.nova-trojka.cz\/index.php\/wp-json\/wp\/v2\/pages\/5299\/revisions\/5747"}],"up":[{"embeddable":true,"href":"https:\/\/www.nova-trojka.cz\/index.php\/wp-json\/wp\/v2\/pages\/1341"}],"wp:attachment":[{"href":"https:\/\/www.nova-trojka.cz\/index.php\/wp-json\/wp\/v2\/media?parent=5299"}],"curies":[{"name":"wp","href":"https:\/\/api.w.org\/{rel}","templated":true}]}}