{"id":5294,"date":"2021-04-28T10:34:24","date_gmt":"2021-04-28T08:34:24","guid":{"rendered":"http:\/\/www.nova-trojka.cz\/?page_id=5294"},"modified":"2025-11-24T11:51:46","modified_gmt":"2025-11-24T10:51:46","slug":"psychomotoricky-vyvoj-deti","status":"publish","type":"page","link":"https:\/\/www.nova-trojka.cz\/index.php\/poradenstvi\/psychomotoricky-vyvoj-deti\/","title":{"rendered":"Psychomotorick\u00fd v\u00fdvoj d\u011bt\u00ed"},"content":{"rendered":"\n<p>Poradna psychomotorick\u00e9ho v\u00fdvoje d\u00edt\u011bte V\u00e1m zodpov\u00ed dotazy co, jak a kdy by m\u011blo miminko zvl\u00e1dat. Fyzioterapeutka zhodnot\u00ed v\u00fdvoj d\u00edt\u011bte a odpov\u00ed na dotazy v\u00a0p\u0159\u00edpad\u011b pochybnost\u00ed. P\u0159i zachycen\u00ed v\u011bt\u0161\u00edch, ale i mal\u00fdch odchylek s v\u00e1mi nacvi\u010d\u00ed spr\u00e1vnou manipulace s\u00a0d\u00edt\u011btem nebo V\u00e1s nasm\u011b\u0159uje k\u00a0dal\u0161\u00edm odborn\u00edk\u016fm. Poradnu vede <a href=\"https:\/\/www.nova-trojka.cz\/index.php\/o-nas\/lektori-a-poradci\/#sklenarova\">Mark\u00e9ta Pil\u00e1tov\u00e1<\/a>.<\/p>\n\n\n\n<p><\/p>\n","protected":false},"excerpt":{"rendered":"<p>Poradna psychomotorick\u00e9ho v\u00fdvoje d\u00edt\u011bte V\u00e1m zodpov\u00ed dotazy co, jak a kdy by m\u011blo miminko zvl\u00e1dat. Fyzioterapeutka zhodnot\u00ed v\u00fdvoj d\u00edt\u011bte a &hellip; <\/p>\n","protected":false},"author":1,"featured_media":3259,"parent":1341,"menu_order":0,"comment_status":"closed","ping_status":"closed","template":"","meta":{"footnotes":""},"class_list":["post-5294","page","type-page","status-publish","has-post-thumbnail","hentry","latest_post"],"yoast_head":"<!-- This site is optimized with the Yoast SEO plugin v27.6 - https:\/\/yoast.com\/product\/yoast-seo-wordpress\/ -->\n<title>Psychomotorick\u00fd v\u00fdvoj d\u00edt\u011bte - Rodinn\u00e9 centrum Nov\u00e1 Trojka<\/title>\n<meta name=\"description\" content=\"Pt\u00e1te se zda je psychomotorick\u00fd v\u00fdvoj va\u0161eho d\u00edt\u011bte, ale i manipulace s n\u00edm spr\u00e1vn\u00e1. Tyto dotazy V\u00e1m zodpov\u00ed na\u0161e poradkyn\u011b.\" \/>\n<meta name=\"robots\" content=\"index, follow, max-snippet:-1, max-image-preview:large, max-video-preview:-1\" \/>\n<link rel=\"canonical\" href=\"https:\/\/www.nova-trojka.cz\/index.php\/poradenstvi\/psychomotoricky-vyvoj-deti\/\" \/>\n<meta property=\"og:locale\" content=\"cs_CZ\" \/>\n<meta property=\"og:type\" content=\"article\" \/>\n<meta property=\"og:title\" content=\"Psychomotorick\u00fd v\u00fdvoj d\u00edt\u011bte - Rodinn\u00e9 centrum Nov\u00e1 Trojka\" \/>\n<meta property=\"og:description\" content=\"Pt\u00e1te se zda je psychomotorick\u00fd v\u00fdvoj va\u0161eho d\u00edt\u011bte, ale i manipulace s n\u00edm spr\u00e1vn\u00e1. Tyto dotazy V\u00e1m zodpov\u00ed na\u0161e poradkyn\u011b.\" \/>\n<meta property=\"og:url\" content=\"https:\/\/www.nova-trojka.cz\/index.php\/poradenstvi\/psychomotoricky-vyvoj-deti\/\" \/>\n<meta property=\"og:site_name\" content=\"Rodinn\u00e9 centrum Nov\u00e1 Trojka\" \/>\n<meta property=\"article:publisher\" content=\"https:\/\/www.facebook.com\/novatrojka\/\" \/>\n<meta property=\"article:modified_time\" content=\"2025-11-24T10:51:46+00:00\" \/>\n<meta property=\"og:image\" content=\"https:\/\/www.nova-trojka.cz\/wp-content\/uploads\/2019\/09\/Psychomotorick\u00fd-v\u00fdvoj.jpg\" \/>\n\t<meta property=\"og:image:width\" content=\"360\" \/>\n\t<meta property=\"og:image:height\" content=\"300\" \/>\n\t<meta property=\"og:image:type\" content=\"image\/jpeg\" \/>\n<meta name=\"twitter:card\" content=\"summary_large_image\" \/>\n<meta name=\"twitter:label1\" content=\"Odhadovan\u00e1 doba \u010dten\u00ed\" \/>\n\t<meta name=\"twitter:data1\" content=\"1 minuta\" \/>\n<script type=\"application\/ld+json\" class=\"yoast-schema-graph\">{\"@context\":\"https:\\\/\\\/schema.org\",\"@graph\":[{\"@type\":\"WebPage\",\"@id\":\"https:\\\/\\\/www.nova-trojka.cz\\\/index.php\\\/poradenstvi\\\/psychomotoricky-vyvoj-deti\\\/\",\"url\":\"https:\\\/\\\/www.nova-trojka.cz\\\/index.php\\\/poradenstvi\\\/psychomotoricky-vyvoj-deti\\\/\",\"name\":\"Psychomotorick\u00fd v\u00fdvoj d\u00edt\u011bte - Rodinn\u00e9 centrum Nov\u00e1 Trojka\",\"isPartOf\":{\"@id\":\"https:\\\/\\\/www.nova-trojka.cz\\\/#website\"},\"primaryImageOfPage\":{\"@id\":\"https:\\\/\\\/www.nova-trojka.cz\\\/index.php\\\/poradenstvi\\\/psychomotoricky-vyvoj-deti\\\/#primaryimage\"},\"image\":{\"@id\":\"https:\\\/\\\/www.nova-trojka.cz\\\/index.php\\\/poradenstvi\\\/psychomotoricky-vyvoj-deti\\\/#primaryimage\"},\"thumbnailUrl\":\"https:\\\/\\\/www.nova-trojka.cz\\\/wp-content\\\/uploads\\\/2019\\\/09\\\/Psychomotorick\u00fd-v\u00fdvoj.jpg\",\"datePublished\":\"2021-04-28T08:34:24+00:00\",\"dateModified\":\"2025-11-24T10:51:46+00:00\",\"description\":\"Pt\u00e1te se zda je psychomotorick\u00fd v\u00fdvoj va\u0161eho d\u00edt\u011bte, ale i manipulace s n\u00edm spr\u00e1vn\u00e1. Tyto dotazy V\u00e1m zodpov\u00ed na\u0161e poradkyn\u011b.\",\"breadcrumb\":{\"@id\":\"https:\\\/\\\/www.nova-trojka.cz\\\/index.php\\\/poradenstvi\\\/psychomotoricky-vyvoj-deti\\\/#breadcrumb\"},\"inLanguage\":\"cs\",\"potentialAction\":[{\"@type\":\"ReadAction\",\"target\":[\"https:\\\/\\\/www.nova-trojka.cz\\\/index.php\\\/poradenstvi\\\/psychomotoricky-vyvoj-deti\\\/\"]}]},{\"@type\":\"ImageObject\",\"inLanguage\":\"cs\",\"@id\":\"https:\\\/\\\/www.nova-trojka.cz\\\/index.php\\\/poradenstvi\\\/psychomotoricky-vyvoj-deti\\\/#primaryimage\",\"url\":\"https:\\\/\\\/www.nova-trojka.cz\\\/wp-content\\\/uploads\\\/2019\\\/09\\\/Psychomotorick\u00fd-v\u00fdvoj.jpg\",\"contentUrl\":\"https:\\\/\\\/www.nova-trojka.cz\\\/wp-content\\\/uploads\\\/2019\\\/09\\\/Psychomotorick\u00fd-v\u00fdvoj.jpg\",\"width\":360,\"height\":300},{\"@type\":\"BreadcrumbList\",\"@id\":\"https:\\\/\\\/www.nova-trojka.cz\\\/index.php\\\/poradenstvi\\\/psychomotoricky-vyvoj-deti\\\/#breadcrumb\",\"itemListElement\":[{\"@type\":\"ListItem\",\"position\":1,\"name\":\"Dom\u016f\",\"item\":\"https:\\\/\\\/www.nova-trojka.cz\\\/\"},{\"@type\":\"ListItem\",\"position\":2,\"name\":\"Poradenstv\u00ed\",\"item\":\"https:\\\/\\\/www.nova-trojka.cz\\\/index.php\\\/poradenstvi\\\/\"},{\"@type\":\"ListItem\",\"position\":3,\"name\":\"Psychomotorick\u00fd v\u00fdvoj d\u011bt\u00ed\"}]},{\"@type\":\"WebSite\",\"@id\":\"https:\\\/\\\/www.nova-trojka.cz\\\/#website\",\"url\":\"https:\\\/\\\/www.nova-trojka.cz\\\/\",\"name\":\"Nov\u00e1 Trojka\",\"description\":\"Rodinn\u00e9 a kulturn\u00ed centrum Nov\u00e1 Trojka nab\u00edz\u00ed p\u0159\u00e1telsk\u00fd, bezpe\u010dn\u00fd a inspirativn\u00ed prostor pro celou rodinu.\",\"publisher\":{\"@id\":\"https:\\\/\\\/www.nova-trojka.cz\\\/#organization\"},\"potentialAction\":[{\"@type\":\"SearchAction\",\"target\":{\"@type\":\"EntryPoint\",\"urlTemplate\":\"https:\\\/\\\/www.nova-trojka.cz\\\/?s={search_term_string}\"},\"query-input\":{\"@type\":\"PropertyValueSpecification\",\"valueRequired\":true,\"valueName\":\"search_term_string\"}}],\"inLanguage\":\"cs\"},{\"@type\":\"Organization\",\"@id\":\"https:\\\/\\\/www.nova-trojka.cz\\\/#organization\",\"name\":\"NOV\u00c1 TROJKA, z.s.\",\"url\":\"https:\\\/\\\/www.nova-trojka.cz\\\/\",\"logo\":{\"@type\":\"ImageObject\",\"inLanguage\":\"cs\",\"@id\":\"https:\\\/\\\/www.nova-trojka.cz\\\/#\\\/schema\\\/logo\\\/image\\\/\",\"url\":\"https:\\\/\\\/www.nova-trojka.cz\\\/wp-content\\\/uploads\\\/2019\\\/05\\\/logotypN3.png\",\"contentUrl\":\"https:\\\/\\\/www.nova-trojka.cz\\\/wp-content\\\/uploads\\\/2019\\\/05\\\/logotypN3.png\",\"width\":640,\"height\":480,\"caption\":\"NOV\u00c1 TROJKA, z.s.\"},\"image\":{\"@id\":\"https:\\\/\\\/www.nova-trojka.cz\\\/#\\\/schema\\\/logo\\\/image\\\/\"},\"sameAs\":[\"https:\\\/\\\/www.facebook.com\\\/novatrojka\\\/\",\"https:\\\/\\\/www.instagram.com\\\/novatrojka\\\/\"]}]}<\/script>\n<!-- \/ Yoast SEO plugin. -->","yoast_head_json":{"title":"Psychomotorick\u00fd v\u00fdvoj d\u00edt\u011bte - Rodinn\u00e9 centrum Nov\u00e1 Trojka","description":"Pt\u00e1te se zda je psychomotorick\u00fd v\u00fdvoj va\u0161eho d\u00edt\u011bte, ale i manipulace s n\u00edm spr\u00e1vn\u00e1. Tyto dotazy V\u00e1m zodpov\u00ed na\u0161e poradkyn\u011b.","robots":{"index":"index","follow":"follow","max-snippet":"max-snippet:-1","max-image-preview":"max-image-preview:large","max-video-preview":"max-video-preview:-1"},"canonical":"https:\/\/www.nova-trojka.cz\/index.php\/poradenstvi\/psychomotoricky-vyvoj-deti\/","og_locale":"cs_CZ","og_type":"article","og_title":"Psychomotorick\u00fd v\u00fdvoj d\u00edt\u011bte - Rodinn\u00e9 centrum Nov\u00e1 Trojka","og_description":"Pt\u00e1te se zda je psychomotorick\u00fd v\u00fdvoj va\u0161eho d\u00edt\u011bte, ale i manipulace s n\u00edm spr\u00e1vn\u00e1. Tyto dotazy V\u00e1m zodpov\u00ed na\u0161e poradkyn\u011b.","og_url":"https:\/\/www.nova-trojka.cz\/index.php\/poradenstvi\/psychomotoricky-vyvoj-deti\/","og_site_name":"Rodinn\u00e9 centrum Nov\u00e1 Trojka","article_publisher":"https:\/\/www.facebook.com\/novatrojka\/","article_modified_time":"2025-11-24T10:51:46+00:00","og_image":[{"width":360,"height":300,"url":"https:\/\/www.nova-trojka.cz\/wp-content\/uploads\/2019\/09\/Psychomotorick\u00fd-v\u00fdvoj.jpg","type":"image\/jpeg"}],"twitter_card":"summary_large_image","twitter_misc":{"Odhadovan\u00e1 doba \u010dten\u00ed":"1 minuta"},"schema":{"@context":"https:\/\/schema.org","@graph":[{"@type":"WebPage","@id":"https:\/\/www.nova-trojka.cz\/index.php\/poradenstvi\/psychomotoricky-vyvoj-deti\/","url":"https:\/\/www.nova-trojka.cz\/index.php\/poradenstvi\/psychomotoricky-vyvoj-deti\/","name":"Psychomotorick\u00fd v\u00fdvoj d\u00edt\u011bte - Rodinn\u00e9 centrum Nov\u00e1 Trojka","isPartOf":{"@id":"https:\/\/www.nova-trojka.cz\/#website"},"primaryImageOfPage":{"@id":"https:\/\/www.nova-trojka.cz\/index.php\/poradenstvi\/psychomotoricky-vyvoj-deti\/#primaryimage"},"image":{"@id":"https:\/\/www.nova-trojka.cz\/index.php\/poradenstvi\/psychomotoricky-vyvoj-deti\/#primaryimage"},"thumbnailUrl":"https:\/\/www.nova-trojka.cz\/wp-content\/uploads\/2019\/09\/Psychomotorick\u00fd-v\u00fdvoj.jpg","datePublished":"2021-04-28T08:34:24+00:00","dateModified":"2025-11-24T10:51:46+00:00","description":"Pt\u00e1te se zda je psychomotorick\u00fd v\u00fdvoj va\u0161eho d\u00edt\u011bte, ale i manipulace s n\u00edm spr\u00e1vn\u00e1. Tyto dotazy V\u00e1m zodpov\u00ed na\u0161e poradkyn\u011b.","breadcrumb":{"@id":"https:\/\/www.nova-trojka.cz\/index.php\/poradenstvi\/psychomotoricky-vyvoj-deti\/#breadcrumb"},"inLanguage":"cs","potentialAction":[{"@type":"ReadAction","target":["https:\/\/www.nova-trojka.cz\/index.php\/poradenstvi\/psychomotoricky-vyvoj-deti\/"]}]},{"@type":"ImageObject","inLanguage":"cs","@id":"https:\/\/www.nova-trojka.cz\/index.php\/poradenstvi\/psychomotoricky-vyvoj-deti\/#primaryimage","url":"https:\/\/www.nova-trojka.cz\/wp-content\/uploads\/2019\/09\/Psychomotorick\u00fd-v\u00fdvoj.jpg","contentUrl":"https:\/\/www.nova-trojka.cz\/wp-content\/uploads\/2019\/09\/Psychomotorick\u00fd-v\u00fdvoj.jpg","width":360,"height":300},{"@type":"BreadcrumbList","@id":"https:\/\/www.nova-trojka.cz\/index.php\/poradenstvi\/psychomotoricky-vyvoj-deti\/#breadcrumb","itemListElement":[{"@type":"ListItem","position":1,"name":"Dom\u016f","item":"https:\/\/www.nova-trojka.cz\/"},{"@type":"ListItem","position":2,"name":"Poradenstv\u00ed","item":"https:\/\/www.nova-trojka.cz\/index.php\/poradenstvi\/"},{"@type":"ListItem","position":3,"name":"Psychomotorick\u00fd v\u00fdvoj d\u011bt\u00ed"}]},{"@type":"WebSite","@id":"https:\/\/www.nova-trojka.cz\/#website","url":"https:\/\/www.nova-trojka.cz\/","name":"Nov\u00e1 Trojka","description":"Rodinn\u00e9 a kulturn\u00ed centrum Nov\u00e1 Trojka nab\u00edz\u00ed p\u0159\u00e1telsk\u00fd, bezpe\u010dn\u00fd a inspirativn\u00ed prostor pro celou rodinu.","publisher":{"@id":"https:\/\/www.nova-trojka.cz\/#organization"},"potentialAction":[{"@type":"SearchAction","target":{"@type":"EntryPoint","urlTemplate":"https:\/\/www.nova-trojka.cz\/?s={search_term_string}"},"query-input":{"@type":"PropertyValueSpecification","valueRequired":true,"valueName":"search_term_string"}}],"inLanguage":"cs"},{"@type":"Organization","@id":"https:\/\/www.nova-trojka.cz\/#organization","name":"NOV\u00c1 TROJKA, z.s.","url":"https:\/\/www.nova-trojka.cz\/","logo":{"@type":"ImageObject","inLanguage":"cs","@id":"https:\/\/www.nova-trojka.cz\/#\/schema\/logo\/image\/","url":"https:\/\/www.nova-trojka.cz\/wp-content\/uploads\/2019\/05\/logotypN3.png","contentUrl":"https:\/\/www.nova-trojka.cz\/wp-content\/uploads\/2019\/05\/logotypN3.png","width":640,"height":480,"caption":"NOV\u00c1 TROJKA, z.s."},"image":{"@id":"https:\/\/www.nova-trojka.cz\/#\/schema\/logo\/image\/"},"sameAs":["https:\/\/www.facebook.com\/novatrojka\/","https:\/\/www.instagram.com\/novatrojka\/"]}]}},"_links":{"self":[{"href":"https:\/\/www.nova-trojka.cz\/index.php\/wp-json\/wp\/v2\/pages\/5294","targetHints":{"allow":["GET"]}}],"collection":[{"href":"https:\/\/www.nova-trojka.cz\/index.php\/wp-json\/wp\/v2\/pages"}],"about":[{"href":"https:\/\/www.nova-trojka.cz\/index.php\/wp-json\/wp\/v2\/types\/page"}],"author":[{"embeddable":true,"href":"https:\/\/www.nova-trojka.cz\/index.php\/wp-json\/wp\/v2\/users\/1"}],"replies":[{"embeddable":true,"href":"https:\/\/www.nova-trojka.cz\/index.php\/wp-json\/wp\/v2\/comments?post=5294"}],"version-history":[{"count":9,"href":"https:\/\/www.nova-trojka.cz\/index.php\/wp-json\/wp\/v2\/pages\/5294\/revisions"}],"predecessor-version":[{"id":11326,"href":"https:\/\/www.nova-trojka.cz\/index.php\/wp-json\/wp\/v2\/pages\/5294\/revisions\/11326"}],"up":[{"embeddable":true,"href":"https:\/\/www.nova-trojka.cz\/index.php\/wp-json\/wp\/v2\/pages\/1341"}],"wp:featuredmedia":[{"embeddable":true,"href":"https:\/\/www.nova-trojka.cz\/index.php\/wp-json\/wp\/v2\/media\/3259"}],"wp:attachment":[{"href":"https:\/\/www.nova-trojka.cz\/index.php\/wp-json\/wp\/v2\/media?parent=5294"}],"curies":[{"name":"wp","href":"https:\/\/api.w.org\/{rel}","templated":true}]}}