{"id":5291,"date":"2021-04-28T10:32:09","date_gmt":"2021-04-28T08:32:09","guid":{"rendered":"http:\/\/www.nova-trojka.cz\/?page_id=5291"},"modified":"2024-03-01T12:38:47","modified_gmt":"2024-03-01T11:38:47","slug":"pece-o-dite-v-ranem-veku","status":"publish","type":"page","link":"https:\/\/www.nova-trojka.cz\/index.php\/poradenstvi\/pece-o-dite-v-ranem-veku\/","title":{"rendered":"P\u00e9\u010de o d\u00edt\u011b v ran\u00e9m v\u011bku"},"content":{"rendered":"\n<p>Poradna pro maminky, kter\u00fdm se narodilo miminko a nyn\u00ed \u0159e\u0161\u00ed nov\u00e9 probl\u00e9my. P\u00e9\u010de o miminko zahrnuje spr\u00e1vnou v\u00fd\u017eivu, p\u0159\u00edpadn\u00e9 probl\u00e9my s\u00a0kojen\u00edm, no\u0161en\u00ed d\u00edt\u011bte v\u00a0\u0161\u00e1tku a spr\u00e1vn\u00fd fyziologick\u00fd v\u00fdvojem miminka. S t\u00edm v\u0161\u00edm V\u00e1m m\u016f\u017ee pomoci <a href=\"https:\/\/www.nova-trojka.cz\/index.php\/o-nas\/lektori-a-poradci\/#pithartova\"><a href=\"https:\/\/www.nova-trojka.cz\/index.php\/o-nas\/lektori-a-poradci\/#jerabkova\">Mgr. Milena Je\u0159\u00e1bkov\u00e1<\/a><\/a><\/p>\n","protected":false},"excerpt":{"rendered":"<p>Poradna pro maminky, kter\u00fdm se narodilo miminko a nyn\u00ed \u0159e\u0161\u00ed nov\u00e9 probl\u00e9my. P\u00e9\u010de o miminko zahrnuje spr\u00e1vnou v\u00fd\u017eivu, p\u0159\u00edpadn\u00e9 probl\u00e9my &hellip; <\/p>\n","protected":false},"author":1,"featured_media":0,"parent":1341,"menu_order":0,"comment_status":"closed","ping_status":"closed","template":"","meta":{"footnotes":""},"class_list":["post-5291","page","type-page","status-publish","hentry","latest_post"],"yoast_head":"<!-- This site is optimized with the Yoast SEO plugin v27.5 - https:\/\/yoast.com\/product\/yoast-seo-wordpress\/ -->\n<title>Poradna - P\u00e9\u010de o miminko - Rodinn\u00e9 centrum Nov\u00e1 Trojka<\/title>\n<meta name=\"description\" content=\"Poradna pro \u010derstv\u00e9 maminky, kter\u00e9 \u0159e\u0161\u00ed nov\u00e9 probl\u00e9my t\u00fdkaj\u00edc\u00ed se p\u00e9\u010de miminko. Pom\u016f\u017eeme V\u00e1m s v\u00fd\u017eivou, no\u0161en\u00edm v \u0161\u00e1tku i kojen\u00edm.\" \/>\n<meta name=\"robots\" content=\"index, follow, max-snippet:-1, max-image-preview:large, max-video-preview:-1\" \/>\n<link rel=\"canonical\" href=\"https:\/\/www.nova-trojka.cz\/index.php\/poradenstvi\/pece-o-dite-v-ranem-veku\/\" \/>\n<meta property=\"og:locale\" content=\"cs_CZ\" \/>\n<meta property=\"og:type\" content=\"article\" \/>\n<meta property=\"og:title\" content=\"Poradna - P\u00e9\u010de o miminko - Rodinn\u00e9 centrum Nov\u00e1 Trojka\" \/>\n<meta property=\"og:description\" content=\"Poradna pro \u010derstv\u00e9 maminky, kter\u00e9 \u0159e\u0161\u00ed nov\u00e9 probl\u00e9my t\u00fdkaj\u00edc\u00ed se p\u00e9\u010de miminko. Pom\u016f\u017eeme V\u00e1m s v\u00fd\u017eivou, no\u0161en\u00edm v \u0161\u00e1tku i kojen\u00edm.\" \/>\n<meta property=\"og:url\" content=\"https:\/\/www.nova-trojka.cz\/index.php\/poradenstvi\/pece-o-dite-v-ranem-veku\/\" \/>\n<meta property=\"og:site_name\" content=\"Rodinn\u00e9 centrum Nov\u00e1 Trojka\" \/>\n<meta property=\"article:publisher\" content=\"https:\/\/www.facebook.com\/novatrojka\/\" \/>\n<meta property=\"article:modified_time\" content=\"2024-03-01T11:38:47+00:00\" \/>\n<meta name=\"twitter:card\" content=\"summary_large_image\" \/>\n<meta name=\"twitter:label1\" content=\"Odhadovan\u00e1 doba \u010dten\u00ed\" \/>\n\t<meta name=\"twitter:data1\" content=\"1 minuta\" \/>\n<script type=\"application\/ld+json\" class=\"yoast-schema-graph\">{\"@context\":\"https:\\\/\\\/schema.org\",\"@graph\":[{\"@type\":\"WebPage\",\"@id\":\"https:\\\/\\\/www.nova-trojka.cz\\\/index.php\\\/poradenstvi\\\/pece-o-dite-v-ranem-veku\\\/\",\"url\":\"https:\\\/\\\/www.nova-trojka.cz\\\/index.php\\\/poradenstvi\\\/pece-o-dite-v-ranem-veku\\\/\",\"name\":\"Poradna - P\u00e9\u010de o miminko - Rodinn\u00e9 centrum Nov\u00e1 Trojka\",\"isPartOf\":{\"@id\":\"https:\\\/\\\/www.nova-trojka.cz\\\/#website\"},\"datePublished\":\"2021-04-28T08:32:09+00:00\",\"dateModified\":\"2024-03-01T11:38:47+00:00\",\"description\":\"Poradna pro \u010derstv\u00e9 maminky, kter\u00e9 \u0159e\u0161\u00ed nov\u00e9 probl\u00e9my t\u00fdkaj\u00edc\u00ed se p\u00e9\u010de miminko. Pom\u016f\u017eeme V\u00e1m s v\u00fd\u017eivou, no\u0161en\u00edm v \u0161\u00e1tku i kojen\u00edm.\",\"breadcrumb\":{\"@id\":\"https:\\\/\\\/www.nova-trojka.cz\\\/index.php\\\/poradenstvi\\\/pece-o-dite-v-ranem-veku\\\/#breadcrumb\"},\"inLanguage\":\"cs\",\"potentialAction\":[{\"@type\":\"ReadAction\",\"target\":[\"https:\\\/\\\/www.nova-trojka.cz\\\/index.php\\\/poradenstvi\\\/pece-o-dite-v-ranem-veku\\\/\"]}]},{\"@type\":\"BreadcrumbList\",\"@id\":\"https:\\\/\\\/www.nova-trojka.cz\\\/index.php\\\/poradenstvi\\\/pece-o-dite-v-ranem-veku\\\/#breadcrumb\",\"itemListElement\":[{\"@type\":\"ListItem\",\"position\":1,\"name\":\"Dom\u016f\",\"item\":\"https:\\\/\\\/www.nova-trojka.cz\\\/\"},{\"@type\":\"ListItem\",\"position\":2,\"name\":\"Poradenstv\u00ed\",\"item\":\"https:\\\/\\\/www.nova-trojka.cz\\\/index.php\\\/poradenstvi\\\/\"},{\"@type\":\"ListItem\",\"position\":3,\"name\":\"P\u00e9\u010de o d\u00edt\u011b v ran\u00e9m v\u011bku\"}]},{\"@type\":\"WebSite\",\"@id\":\"https:\\\/\\\/www.nova-trojka.cz\\\/#website\",\"url\":\"https:\\\/\\\/www.nova-trojka.cz\\\/\",\"name\":\"Nov\u00e1 Trojka\",\"description\":\"Rodinn\u00e9 a kulturn\u00ed centrum Nov\u00e1 Trojka nab\u00edz\u00ed p\u0159\u00e1telsk\u00fd, bezpe\u010dn\u00fd a inspirativn\u00ed prostor pro celou rodinu.\",\"publisher\":{\"@id\":\"https:\\\/\\\/www.nova-trojka.cz\\\/#organization\"},\"potentialAction\":[{\"@type\":\"SearchAction\",\"target\":{\"@type\":\"EntryPoint\",\"urlTemplate\":\"https:\\\/\\\/www.nova-trojka.cz\\\/?s={search_term_string}\"},\"query-input\":{\"@type\":\"PropertyValueSpecification\",\"valueRequired\":true,\"valueName\":\"search_term_string\"}}],\"inLanguage\":\"cs\"},{\"@type\":\"Organization\",\"@id\":\"https:\\\/\\\/www.nova-trojka.cz\\\/#organization\",\"name\":\"NOV\u00c1 TROJKA, z.s.\",\"url\":\"https:\\\/\\\/www.nova-trojka.cz\\\/\",\"logo\":{\"@type\":\"ImageObject\",\"inLanguage\":\"cs\",\"@id\":\"https:\\\/\\\/www.nova-trojka.cz\\\/#\\\/schema\\\/logo\\\/image\\\/\",\"url\":\"https:\\\/\\\/www.nova-trojka.cz\\\/wp-content\\\/uploads\\\/2019\\\/05\\\/logotypN3.png\",\"contentUrl\":\"https:\\\/\\\/www.nova-trojka.cz\\\/wp-content\\\/uploads\\\/2019\\\/05\\\/logotypN3.png\",\"width\":640,\"height\":480,\"caption\":\"NOV\u00c1 TROJKA, z.s.\"},\"image\":{\"@id\":\"https:\\\/\\\/www.nova-trojka.cz\\\/#\\\/schema\\\/logo\\\/image\\\/\"},\"sameAs\":[\"https:\\\/\\\/www.facebook.com\\\/novatrojka\\\/\",\"https:\\\/\\\/www.instagram.com\\\/novatrojka\\\/\"]}]}<\/script>\n<!-- \/ Yoast SEO plugin. -->","yoast_head_json":{"title":"Poradna - P\u00e9\u010de o miminko - Rodinn\u00e9 centrum Nov\u00e1 Trojka","description":"Poradna pro \u010derstv\u00e9 maminky, kter\u00e9 \u0159e\u0161\u00ed nov\u00e9 probl\u00e9my t\u00fdkaj\u00edc\u00ed se p\u00e9\u010de miminko. Pom\u016f\u017eeme V\u00e1m s v\u00fd\u017eivou, no\u0161en\u00edm v \u0161\u00e1tku i kojen\u00edm.","robots":{"index":"index","follow":"follow","max-snippet":"max-snippet:-1","max-image-preview":"max-image-preview:large","max-video-preview":"max-video-preview:-1"},"canonical":"https:\/\/www.nova-trojka.cz\/index.php\/poradenstvi\/pece-o-dite-v-ranem-veku\/","og_locale":"cs_CZ","og_type":"article","og_title":"Poradna - P\u00e9\u010de o miminko - Rodinn\u00e9 centrum Nov\u00e1 Trojka","og_description":"Poradna pro \u010derstv\u00e9 maminky, kter\u00e9 \u0159e\u0161\u00ed nov\u00e9 probl\u00e9my t\u00fdkaj\u00edc\u00ed se p\u00e9\u010de miminko. Pom\u016f\u017eeme V\u00e1m s v\u00fd\u017eivou, no\u0161en\u00edm v \u0161\u00e1tku i kojen\u00edm.","og_url":"https:\/\/www.nova-trojka.cz\/index.php\/poradenstvi\/pece-o-dite-v-ranem-veku\/","og_site_name":"Rodinn\u00e9 centrum Nov\u00e1 Trojka","article_publisher":"https:\/\/www.facebook.com\/novatrojka\/","article_modified_time":"2024-03-01T11:38:47+00:00","twitter_card":"summary_large_image","twitter_misc":{"Odhadovan\u00e1 doba \u010dten\u00ed":"1 minuta"},"schema":{"@context":"https:\/\/schema.org","@graph":[{"@type":"WebPage","@id":"https:\/\/www.nova-trojka.cz\/index.php\/poradenstvi\/pece-o-dite-v-ranem-veku\/","url":"https:\/\/www.nova-trojka.cz\/index.php\/poradenstvi\/pece-o-dite-v-ranem-veku\/","name":"Poradna - P\u00e9\u010de o miminko - Rodinn\u00e9 centrum Nov\u00e1 Trojka","isPartOf":{"@id":"https:\/\/www.nova-trojka.cz\/#website"},"datePublished":"2021-04-28T08:32:09+00:00","dateModified":"2024-03-01T11:38:47+00:00","description":"Poradna pro \u010derstv\u00e9 maminky, kter\u00e9 \u0159e\u0161\u00ed nov\u00e9 probl\u00e9my t\u00fdkaj\u00edc\u00ed se p\u00e9\u010de miminko. Pom\u016f\u017eeme V\u00e1m s v\u00fd\u017eivou, no\u0161en\u00edm v \u0161\u00e1tku i kojen\u00edm.","breadcrumb":{"@id":"https:\/\/www.nova-trojka.cz\/index.php\/poradenstvi\/pece-o-dite-v-ranem-veku\/#breadcrumb"},"inLanguage":"cs","potentialAction":[{"@type":"ReadAction","target":["https:\/\/www.nova-trojka.cz\/index.php\/poradenstvi\/pece-o-dite-v-ranem-veku\/"]}]},{"@type":"BreadcrumbList","@id":"https:\/\/www.nova-trojka.cz\/index.php\/poradenstvi\/pece-o-dite-v-ranem-veku\/#breadcrumb","itemListElement":[{"@type":"ListItem","position":1,"name":"Dom\u016f","item":"https:\/\/www.nova-trojka.cz\/"},{"@type":"ListItem","position":2,"name":"Poradenstv\u00ed","item":"https:\/\/www.nova-trojka.cz\/index.php\/poradenstvi\/"},{"@type":"ListItem","position":3,"name":"P\u00e9\u010de o d\u00edt\u011b v ran\u00e9m v\u011bku"}]},{"@type":"WebSite","@id":"https:\/\/www.nova-trojka.cz\/#website","url":"https:\/\/www.nova-trojka.cz\/","name":"Nov\u00e1 Trojka","description":"Rodinn\u00e9 a kulturn\u00ed centrum Nov\u00e1 Trojka nab\u00edz\u00ed p\u0159\u00e1telsk\u00fd, bezpe\u010dn\u00fd a inspirativn\u00ed prostor pro celou rodinu.","publisher":{"@id":"https:\/\/www.nova-trojka.cz\/#organization"},"potentialAction":[{"@type":"SearchAction","target":{"@type":"EntryPoint","urlTemplate":"https:\/\/www.nova-trojka.cz\/?s={search_term_string}"},"query-input":{"@type":"PropertyValueSpecification","valueRequired":true,"valueName":"search_term_string"}}],"inLanguage":"cs"},{"@type":"Organization","@id":"https:\/\/www.nova-trojka.cz\/#organization","name":"NOV\u00c1 TROJKA, z.s.","url":"https:\/\/www.nova-trojka.cz\/","logo":{"@type":"ImageObject","inLanguage":"cs","@id":"https:\/\/www.nova-trojka.cz\/#\/schema\/logo\/image\/","url":"https:\/\/www.nova-trojka.cz\/wp-content\/uploads\/2019\/05\/logotypN3.png","contentUrl":"https:\/\/www.nova-trojka.cz\/wp-content\/uploads\/2019\/05\/logotypN3.png","width":640,"height":480,"caption":"NOV\u00c1 TROJKA, z.s."},"image":{"@id":"https:\/\/www.nova-trojka.cz\/#\/schema\/logo\/image\/"},"sameAs":["https:\/\/www.facebook.com\/novatrojka\/","https:\/\/www.instagram.com\/novatrojka\/"]}]}},"_links":{"self":[{"href":"https:\/\/www.nova-trojka.cz\/index.php\/wp-json\/wp\/v2\/pages\/5291","targetHints":{"allow":["GET"]}}],"collection":[{"href":"https:\/\/www.nova-trojka.cz\/index.php\/wp-json\/wp\/v2\/pages"}],"about":[{"href":"https:\/\/www.nova-trojka.cz\/index.php\/wp-json\/wp\/v2\/types\/page"}],"author":[{"embeddable":true,"href":"https:\/\/www.nova-trojka.cz\/index.php\/wp-json\/wp\/v2\/users\/1"}],"replies":[{"embeddable":true,"href":"https:\/\/www.nova-trojka.cz\/index.php\/wp-json\/wp\/v2\/comments?post=5291"}],"version-history":[{"count":5,"href":"https:\/\/www.nova-trojka.cz\/index.php\/wp-json\/wp\/v2\/pages\/5291\/revisions"}],"predecessor-version":[{"id":9123,"href":"https:\/\/www.nova-trojka.cz\/index.php\/wp-json\/wp\/v2\/pages\/5291\/revisions\/9123"}],"up":[{"embeddable":true,"href":"https:\/\/www.nova-trojka.cz\/index.php\/wp-json\/wp\/v2\/pages\/1341"}],"wp:attachment":[{"href":"https:\/\/www.nova-trojka.cz\/index.php\/wp-json\/wp\/v2\/media?parent=5291"}],"curies":[{"name":"wp","href":"https:\/\/api.w.org\/{rel}","templated":true}]}}