{"id":4805,"date":"2021-01-20T16:09:36","date_gmt":"2021-01-20T15:09:36","guid":{"rendered":"http:\/\/www.nova-trojka.cz\/?page_id=4805"},"modified":"2021-07-26T19:34:46","modified_gmt":"2021-07-26T17:34:46","slug":"hura-uz-se-sam-postavi","status":"publish","type":"page","link":"https:\/\/www.nova-trojka.cz\/index.php\/poradenstvi\/hura-uz-se-sam-postavi\/","title":{"rendered":"Hur\u00e1, u\u017e se s\u00e1m postav\u00ed!"},"content":{"rendered":"\n<p> Psychomotorick\u00fd v\u00fdvoj s <a href=\"https:\/\/www.nova-trojka.cz\/index.php\/o-nas\/lektori-a-poradci\/#arimiyawu\">Lenkou Arimiyawu<\/a>.<\/p>\n\n\n\n<p>Pov\u00edme si r\u016fzn\u00e1 tajemstv\u00ed a detaily ohledn\u011b prvn\u00edho stoup\u00e1n\u00ed miminek. Nen\u00ed stoj jako stoj:-D. Kdy\u017e se miminko poprv\u00e9 postav\u00ed, m\u00e1 z toho obrovskou radost! Kone\u010dn\u011b vid\u00ed mnohem d\u00e1l! Je to chv\u00edle \u0161t\u011bst\u00ed i pro mnoh\u00e9 \u010dleny rodiny. P\u0159edstava, \u017ee \u010d\u00edm d\u0159\u00edve miminko stoj\u00ed, t\u00edm v\u00edce je inteligentn\u00ed, je velmi siln\u011b za\u017eit\u00e1 a tak\u00e9 l\u00e1kav\u00e1.<\/p>\n\n\n\n<p>Pravda je, \u017ee zv\u00eddav\u00e1 a velmi pohybliv\u00e1 miminka si mohou stoupat d\u0159\u00edve, prvn\u00ed kl\u00e1tiviv\u00e9 vyta\u017een\u00ed do stoje m\u016f\u017eou miminka klidn\u011b p\u0159edv\u00e9st u\u017e na konci sedm\u00e9ho m\u011bs\u00edce. Tento stoj v\u0161ak b\u00fdv\u00e1 velmi nekvalitn\u00ed. Pozn\u00e1te to podle toho, \u017ee miminko stoj\u00ed na \u0161pi\u010dk\u00e1ch, m\u00e1 p\u0159izvednut\u00e9 pati\u010dky, k\u0159e\u010dovit\u011b se dr\u017e\u00ed, nebo se kl\u00e1t\u00ed. Takov\u00fd stoj je velmi nebezpe\u010dn\u00fd! Kdy\u017e miminko p\u0159ejde od plazen\u00ed po b\u0159\u00ed\u0161ku rovnou ke stoji a ch\u016fzi, nen\u00e1vratn\u011b se po\u0161kod\u00ed v\u00fdvoj klenby no\u017en\u00ed a ky\u010deln\u00edch kloub\u016f. Nekvalitn\u00ed stoj ovlivn\u00ed i v\u00fdvoj p\u00e1te\u0159e, miminko bude v dosp\u011blosti ohro\u017een\u00e9 nap\u0159\u00edklad v\u00fdh\u0159ezem meziobratlov\u00e9 plot\u00e9nky. Pro zdrav\u00fd psychomotorick\u00fd v\u00fdvoj\u00a0 mus\u00ed miminko proj\u00edt kl\u00ed\u010dovou v\u00fdvojovou f\u00e1zi \u2013 lezen\u00ed po \u010dty\u0159ech.<\/p>\n\n\n\n<h5 class=\"wp-block-heading\">Vliv lezen\u00ed<\/h5>\n\n\n\n<p>P\u0159i lezen\u00ed uzr\u00e1v\u00e1 hned n\u011bkolik v\u011bc\u00ed najednou \u2013 posiluj\u00ed se svaly trupu, rozv\u00edj\u00ed se pohyby ky\u010deln\u00edch kloub\u016f, ky\u010deln\u00ed kloub se tvaruje jinak, p\u0159ipravuje se l\u00e9pe ke stoji. Vyv\u00edj\u00ed se koordinace prav\u00e9 a lev\u00e9 strany t\u011bla, a propojen\u00ed prav\u00e9 a lev\u00e9 hemisf\u00e9ry. Lezen\u00ed po \u010dty\u0159ech m\u00e1 dv\u011b f\u00e1ze \u2013 pomal\u00e9 \u201erobotick\u00e9\u201c lezen\u00ed, a lezen\u00ed velmi rychl\u00e9. Ob\u011b f\u00e1ze jsou d\u016fle\u017eit\u00e9.<\/p>\n\n\n\n<p>Jak jednou miminko objev\u00ed rozhled, u\u017e se mu nechce vr\u00e1tit zp\u00e1tky dol\u016f k podlaze. Proto maminky i cel\u00e1 rodina mus\u00ed rozum\u011bt tomu, pro\u010d miminko trp\u011bliv\u011b sund\u00e1vat dol\u016f, a pom\u00e1hat mu s rozvojem lezen\u00ed. Ur\u010dit\u011b doporu\u010duji nav\u0161t\u00edvit d\u011btsk\u00e9ho fyzioterapeuta, pokud si miminko stoup\u00e1, ale&nbsp;nevypad\u00e1 to, \u017ee bude l\u00e9zt po \u010dty\u0159ech. Sta\u010d\u00ed dodr\u017eet n\u011bkolik z\u00e1sad, a z nebezpe\u010dn\u00e9 situace navedete miminko spr\u00e1vn\u00fdm sm\u011brem.<\/p>\n\n\n\n<p>Jak pozn\u00e1me, \u017ee je miminko je p\u0159ipraven\u00e9 pro stoj? Miminko um\u00ed l\u00e9zt po \u010dty\u0159ech, um\u00ed si kleknout u stoli\u010dky, kleknout na jedno kol\u00ednko a druhou nohou si nakro\u010dit. Kdy\u017e miminko stoj\u00ed, vyu\u017e\u00edv\u00e1 celou plosku nohy.<\/p>\n","protected":false},"excerpt":{"rendered":"<p>Psychomotorick\u00fd v\u00fdvoj s Lenkou Arimiyawu. Pov\u00edme si r\u016fzn\u00e1 tajemstv\u00ed a detaily ohledn\u011b prvn\u00edho stoup\u00e1n\u00ed miminek. Nen\u00ed stoj jako stoj:-D. Kdy\u017e &hellip; <\/p>\n","protected":false},"author":1,"featured_media":0,"parent":1341,"menu_order":0,"comment_status":"closed","ping_status":"closed","template":"","meta":{"footnotes":""},"class_list":["post-4805","page","type-page","status-publish","hentry","latest_post"],"yoast_head":"<!-- This site is optimized with the Yoast SEO plugin v27.5 - https:\/\/yoast.com\/product\/yoast-seo-wordpress\/ -->\n<title>Psychomotorick\u00fd v\u00fdvoj miminek - Hur\u00e1 u\u017e se s\u00e1m postav\u00ed - Rodinn\u00e9 centrum Nov\u00e1 Trojka<\/title>\n<meta name=\"description\" content=\"Tajemstv\u00ed ohledn\u011b prvn\u00edho stoup\u00e1n\u00ed miminek. Psychomotorick\u00fd v\u00fdvoj - m\u00fdty a pravda. Souvis\u00ed psychomotorick\u00fd v\u00fdvoj s inteligenc\u00ed?\" \/>\n<meta name=\"robots\" content=\"index, follow, max-snippet:-1, max-image-preview:large, max-video-preview:-1\" \/>\n<link rel=\"canonical\" href=\"https:\/\/www.nova-trojka.cz\/index.php\/poradenstvi\/hura-uz-se-sam-postavi\/\" \/>\n<meta property=\"og:locale\" content=\"cs_CZ\" \/>\n<meta property=\"og:type\" content=\"article\" \/>\n<meta property=\"og:title\" content=\"Psychomotorick\u00fd v\u00fdvoj miminek - Hur\u00e1 u\u017e se s\u00e1m postav\u00ed - Rodinn\u00e9 centrum Nov\u00e1 Trojka\" \/>\n<meta property=\"og:description\" content=\"Tajemstv\u00ed ohledn\u011b prvn\u00edho stoup\u00e1n\u00ed miminek. Psychomotorick\u00fd v\u00fdvoj - m\u00fdty a pravda. Souvis\u00ed psychomotorick\u00fd v\u00fdvoj s inteligenc\u00ed?\" \/>\n<meta property=\"og:url\" content=\"https:\/\/www.nova-trojka.cz\/index.php\/poradenstvi\/hura-uz-se-sam-postavi\/\" \/>\n<meta property=\"og:site_name\" content=\"Rodinn\u00e9 centrum Nov\u00e1 Trojka\" \/>\n<meta property=\"article:publisher\" content=\"https:\/\/www.facebook.com\/novatrojka\/\" \/>\n<meta property=\"article:modified_time\" content=\"2021-07-26T17:34:46+00:00\" \/>\n<meta property=\"og:image\" content=\"https:\/\/www.nova-trojka.cz\/wp-content\/uploads\/2021\/01\/mom-2729572_1920-1.jpg\" \/>\n\t<meta property=\"og:image:width\" content=\"1277\" \/>\n\t<meta property=\"og:image:height\" content=\"1325\" \/>\n\t<meta property=\"og:image:type\" content=\"image\/jpeg\" \/>\n<meta name=\"twitter:card\" content=\"summary_large_image\" \/>\n<meta name=\"twitter:label1\" content=\"Odhadovan\u00e1 doba \u010dten\u00ed\" \/>\n\t<meta name=\"twitter:data1\" content=\"2 minuty\" \/>\n<script type=\"application\/ld+json\" class=\"yoast-schema-graph\">{\"@context\":\"https:\\\/\\\/schema.org\",\"@graph\":[{\"@type\":\"WebPage\",\"@id\":\"https:\\\/\\\/www.nova-trojka.cz\\\/index.php\\\/poradenstvi\\\/hura-uz-se-sam-postavi\\\/\",\"url\":\"https:\\\/\\\/www.nova-trojka.cz\\\/index.php\\\/poradenstvi\\\/hura-uz-se-sam-postavi\\\/\",\"name\":\"Psychomotorick\u00fd v\u00fdvoj miminek - Hur\u00e1 u\u017e se s\u00e1m postav\u00ed - Rodinn\u00e9 centrum Nov\u00e1 Trojka\",\"isPartOf\":{\"@id\":\"https:\\\/\\\/www.nova-trojka.cz\\\/#website\"},\"datePublished\":\"2021-01-20T15:09:36+00:00\",\"dateModified\":\"2021-07-26T17:34:46+00:00\",\"description\":\"Tajemstv\u00ed ohledn\u011b prvn\u00edho stoup\u00e1n\u00ed miminek. Psychomotorick\u00fd v\u00fdvoj - m\u00fdty a pravda. Souvis\u00ed psychomotorick\u00fd v\u00fdvoj s inteligenc\u00ed?\",\"breadcrumb\":{\"@id\":\"https:\\\/\\\/www.nova-trojka.cz\\\/index.php\\\/poradenstvi\\\/hura-uz-se-sam-postavi\\\/#breadcrumb\"},\"inLanguage\":\"cs\",\"potentialAction\":[{\"@type\":\"ReadAction\",\"target\":[\"https:\\\/\\\/www.nova-trojka.cz\\\/index.php\\\/poradenstvi\\\/hura-uz-se-sam-postavi\\\/\"]}]},{\"@type\":\"BreadcrumbList\",\"@id\":\"https:\\\/\\\/www.nova-trojka.cz\\\/index.php\\\/poradenstvi\\\/hura-uz-se-sam-postavi\\\/#breadcrumb\",\"itemListElement\":[{\"@type\":\"ListItem\",\"position\":1,\"name\":\"Dom\u016f\",\"item\":\"https:\\\/\\\/www.nova-trojka.cz\\\/\"},{\"@type\":\"ListItem\",\"position\":2,\"name\":\"Poradenstv\u00ed\",\"item\":\"https:\\\/\\\/www.nova-trojka.cz\\\/index.php\\\/poradenstvi\\\/\"},{\"@type\":\"ListItem\",\"position\":3,\"name\":\"Hur\u00e1, u\u017e se s\u00e1m postav\u00ed!\"}]},{\"@type\":\"WebSite\",\"@id\":\"https:\\\/\\\/www.nova-trojka.cz\\\/#website\",\"url\":\"https:\\\/\\\/www.nova-trojka.cz\\\/\",\"name\":\"Nov\u00e1 Trojka\",\"description\":\"Rodinn\u00e9 a kulturn\u00ed centrum Nov\u00e1 Trojka nab\u00edz\u00ed p\u0159\u00e1telsk\u00fd, bezpe\u010dn\u00fd a inspirativn\u00ed prostor pro celou rodinu.\",\"publisher\":{\"@id\":\"https:\\\/\\\/www.nova-trojka.cz\\\/#organization\"},\"potentialAction\":[{\"@type\":\"SearchAction\",\"target\":{\"@type\":\"EntryPoint\",\"urlTemplate\":\"https:\\\/\\\/www.nova-trojka.cz\\\/?s={search_term_string}\"},\"query-input\":{\"@type\":\"PropertyValueSpecification\",\"valueRequired\":true,\"valueName\":\"search_term_string\"}}],\"inLanguage\":\"cs\"},{\"@type\":\"Organization\",\"@id\":\"https:\\\/\\\/www.nova-trojka.cz\\\/#organization\",\"name\":\"NOV\u00c1 TROJKA, z.s.\",\"url\":\"https:\\\/\\\/www.nova-trojka.cz\\\/\",\"logo\":{\"@type\":\"ImageObject\",\"inLanguage\":\"cs\",\"@id\":\"https:\\\/\\\/www.nova-trojka.cz\\\/#\\\/schema\\\/logo\\\/image\\\/\",\"url\":\"https:\\\/\\\/www.nova-trojka.cz\\\/wp-content\\\/uploads\\\/2019\\\/05\\\/logotypN3.png\",\"contentUrl\":\"https:\\\/\\\/www.nova-trojka.cz\\\/wp-content\\\/uploads\\\/2019\\\/05\\\/logotypN3.png\",\"width\":640,\"height\":480,\"caption\":\"NOV\u00c1 TROJKA, z.s.\"},\"image\":{\"@id\":\"https:\\\/\\\/www.nova-trojka.cz\\\/#\\\/schema\\\/logo\\\/image\\\/\"},\"sameAs\":[\"https:\\\/\\\/www.facebook.com\\\/novatrojka\\\/\",\"https:\\\/\\\/www.instagram.com\\\/novatrojka\\\/\"]}]}<\/script>\n<!-- \/ Yoast SEO plugin. -->","yoast_head_json":{"title":"Psychomotorick\u00fd v\u00fdvoj miminek - Hur\u00e1 u\u017e se s\u00e1m postav\u00ed - Rodinn\u00e9 centrum Nov\u00e1 Trojka","description":"Tajemstv\u00ed ohledn\u011b prvn\u00edho stoup\u00e1n\u00ed miminek. Psychomotorick\u00fd v\u00fdvoj - m\u00fdty a pravda. Souvis\u00ed psychomotorick\u00fd v\u00fdvoj s inteligenc\u00ed?","robots":{"index":"index","follow":"follow","max-snippet":"max-snippet:-1","max-image-preview":"max-image-preview:large","max-video-preview":"max-video-preview:-1"},"canonical":"https:\/\/www.nova-trojka.cz\/index.php\/poradenstvi\/hura-uz-se-sam-postavi\/","og_locale":"cs_CZ","og_type":"article","og_title":"Psychomotorick\u00fd v\u00fdvoj miminek - Hur\u00e1 u\u017e se s\u00e1m postav\u00ed - Rodinn\u00e9 centrum Nov\u00e1 Trojka","og_description":"Tajemstv\u00ed ohledn\u011b prvn\u00edho stoup\u00e1n\u00ed miminek. Psychomotorick\u00fd v\u00fdvoj - m\u00fdty a pravda. Souvis\u00ed psychomotorick\u00fd v\u00fdvoj s inteligenc\u00ed?","og_url":"https:\/\/www.nova-trojka.cz\/index.php\/poradenstvi\/hura-uz-se-sam-postavi\/","og_site_name":"Rodinn\u00e9 centrum Nov\u00e1 Trojka","article_publisher":"https:\/\/www.facebook.com\/novatrojka\/","article_modified_time":"2021-07-26T17:34:46+00:00","og_image":[{"width":1277,"height":1325,"url":"https:\/\/www.nova-trojka.cz\/wp-content\/uploads\/2021\/01\/mom-2729572_1920-1.jpg","type":"image\/jpeg"}],"twitter_card":"summary_large_image","twitter_misc":{"Odhadovan\u00e1 doba \u010dten\u00ed":"2 minuty"},"schema":{"@context":"https:\/\/schema.org","@graph":[{"@type":"WebPage","@id":"https:\/\/www.nova-trojka.cz\/index.php\/poradenstvi\/hura-uz-se-sam-postavi\/","url":"https:\/\/www.nova-trojka.cz\/index.php\/poradenstvi\/hura-uz-se-sam-postavi\/","name":"Psychomotorick\u00fd v\u00fdvoj miminek - Hur\u00e1 u\u017e se s\u00e1m postav\u00ed - Rodinn\u00e9 centrum Nov\u00e1 Trojka","isPartOf":{"@id":"https:\/\/www.nova-trojka.cz\/#website"},"datePublished":"2021-01-20T15:09:36+00:00","dateModified":"2021-07-26T17:34:46+00:00","description":"Tajemstv\u00ed ohledn\u011b prvn\u00edho stoup\u00e1n\u00ed miminek. Psychomotorick\u00fd v\u00fdvoj - m\u00fdty a pravda. Souvis\u00ed psychomotorick\u00fd v\u00fdvoj s inteligenc\u00ed?","breadcrumb":{"@id":"https:\/\/www.nova-trojka.cz\/index.php\/poradenstvi\/hura-uz-se-sam-postavi\/#breadcrumb"},"inLanguage":"cs","potentialAction":[{"@type":"ReadAction","target":["https:\/\/www.nova-trojka.cz\/index.php\/poradenstvi\/hura-uz-se-sam-postavi\/"]}]},{"@type":"BreadcrumbList","@id":"https:\/\/www.nova-trojka.cz\/index.php\/poradenstvi\/hura-uz-se-sam-postavi\/#breadcrumb","itemListElement":[{"@type":"ListItem","position":1,"name":"Dom\u016f","item":"https:\/\/www.nova-trojka.cz\/"},{"@type":"ListItem","position":2,"name":"Poradenstv\u00ed","item":"https:\/\/www.nova-trojka.cz\/index.php\/poradenstvi\/"},{"@type":"ListItem","position":3,"name":"Hur\u00e1, u\u017e se s\u00e1m postav\u00ed!"}]},{"@type":"WebSite","@id":"https:\/\/www.nova-trojka.cz\/#website","url":"https:\/\/www.nova-trojka.cz\/","name":"Nov\u00e1 Trojka","description":"Rodinn\u00e9 a kulturn\u00ed centrum Nov\u00e1 Trojka nab\u00edz\u00ed p\u0159\u00e1telsk\u00fd, bezpe\u010dn\u00fd a inspirativn\u00ed prostor pro celou rodinu.","publisher":{"@id":"https:\/\/www.nova-trojka.cz\/#organization"},"potentialAction":[{"@type":"SearchAction","target":{"@type":"EntryPoint","urlTemplate":"https:\/\/www.nova-trojka.cz\/?s={search_term_string}"},"query-input":{"@type":"PropertyValueSpecification","valueRequired":true,"valueName":"search_term_string"}}],"inLanguage":"cs"},{"@type":"Organization","@id":"https:\/\/www.nova-trojka.cz\/#organization","name":"NOV\u00c1 TROJKA, z.s.","url":"https:\/\/www.nova-trojka.cz\/","logo":{"@type":"ImageObject","inLanguage":"cs","@id":"https:\/\/www.nova-trojka.cz\/#\/schema\/logo\/image\/","url":"https:\/\/www.nova-trojka.cz\/wp-content\/uploads\/2019\/05\/logotypN3.png","contentUrl":"https:\/\/www.nova-trojka.cz\/wp-content\/uploads\/2019\/05\/logotypN3.png","width":640,"height":480,"caption":"NOV\u00c1 TROJKA, z.s."},"image":{"@id":"https:\/\/www.nova-trojka.cz\/#\/schema\/logo\/image\/"},"sameAs":["https:\/\/www.facebook.com\/novatrojka\/","https:\/\/www.instagram.com\/novatrojka\/"]}]}},"_links":{"self":[{"href":"https:\/\/www.nova-trojka.cz\/index.php\/wp-json\/wp\/v2\/pages\/4805","targetHints":{"allow":["GET"]}}],"collection":[{"href":"https:\/\/www.nova-trojka.cz\/index.php\/wp-json\/wp\/v2\/pages"}],"about":[{"href":"https:\/\/www.nova-trojka.cz\/index.php\/wp-json\/wp\/v2\/types\/page"}],"author":[{"embeddable":true,"href":"https:\/\/www.nova-trojka.cz\/index.php\/wp-json\/wp\/v2\/users\/1"}],"replies":[{"embeddable":true,"href":"https:\/\/www.nova-trojka.cz\/index.php\/wp-json\/wp\/v2\/comments?post=4805"}],"version-history":[{"count":3,"href":"https:\/\/www.nova-trojka.cz\/index.php\/wp-json\/wp\/v2\/pages\/4805\/revisions"}],"predecessor-version":[{"id":5723,"href":"https:\/\/www.nova-trojka.cz\/index.php\/wp-json\/wp\/v2\/pages\/4805\/revisions\/5723"}],"up":[{"embeddable":true,"href":"https:\/\/www.nova-trojka.cz\/index.php\/wp-json\/wp\/v2\/pages\/1341"}],"wp:attachment":[{"href":"https:\/\/www.nova-trojka.cz\/index.php\/wp-json\/wp\/v2\/media?parent=4805"}],"curies":[{"name":"wp","href":"https:\/\/api.w.org\/{rel}","templated":true}]}}