{"id":2071,"date":"2019-08-11T21:18:50","date_gmt":"2019-08-11T21:18:50","guid":{"rendered":"http:\/\/www.nova-trojka.cz\/?page_id=2071"},"modified":"2026-03-25T12:39:59","modified_gmt":"2026-03-25T11:39:59","slug":"mrknete-se-na-nas","status":"publish","type":"page","link":"https:\/\/www.nova-trojka.cz\/index.php\/mrknete-se-na-nas\/","title":{"rendered":"Pod\u00edvejte se na n\u00e1s"},"content":{"rendered":"<p>V\u00edce fotografi\u00ed z akc\u00ed i kurz\u016f Nov\u00e9 Trojky najdete v \u010d\u00e1sti <a href=\"https:\/\/www.nova-trojka.cz\/index.php\/galerie\/\">Galerie<\/a>.<\/p>\n<div id='gallery-1' class='gallery galleryid-2071 gallery-columns-3 gallery-size-medium'><figure class='gallery-item'>\r\n            <div class='gallery-icon landscape'>\r\n                <a href='https:\/\/www.nova-trojka.cz\/wp-content\/uploads\/2026\/03\/039EC9A2-00FF-49D8-875C-EE8DC19D6D19-scaled.jpeg' data-fancybox='group3' data-caption='Karneval'><img loading=\"lazy\" decoding=\"async\" width=\"300\" height=\"200\" src=\"https:\/\/www.nova-trojka.cz\/wp-content\/uploads\/2026\/03\/039EC9A2-00FF-49D8-875C-EE8DC19D6D19-300x200.jpeg\" class=\"attachment-medium size-medium\" alt=\"\" aria-describedby=\"gallery-1-11983\" srcset=\"https:\/\/www.nova-trojka.cz\/wp-content\/uploads\/2026\/03\/039EC9A2-00FF-49D8-875C-EE8DC19D6D19-300x200.jpeg 300w, https:\/\/www.nova-trojka.cz\/wp-content\/uploads\/2026\/03\/039EC9A2-00FF-49D8-875C-EE8DC19D6D19-1024x683.jpeg 1024w, https:\/\/www.nova-trojka.cz\/wp-content\/uploads\/2026\/03\/039EC9A2-00FF-49D8-875C-EE8DC19D6D19-768x512.jpeg 768w, https:\/\/www.nova-trojka.cz\/wp-content\/uploads\/2026\/03\/039EC9A2-00FF-49D8-875C-EE8DC19D6D19-1536x1024.jpeg 1536w, https:\/\/www.nova-trojka.cz\/wp-content\/uploads\/2026\/03\/039EC9A2-00FF-49D8-875C-EE8DC19D6D19-2048x1365.jpeg 2048w\" sizes=\"auto, (max-width: 300px) 100vw, 300px\" \/><\/a>\r\n            <\/div>\r\n                <figcaption class='wp-caption-text gallery-caption' id='gallery-1-11983'>\r\n                Karneval\r\n                <\/figcaption><\/figure><figure class='gallery-item'>\r\n            <div class='gallery-icon landscape'>\r\n                <a href='https:\/\/www.nova-trojka.cz\/wp-content\/uploads\/2026\/02\/7EC2F6CA-1331-43E2-8116-C5922BF8787D-scaled.jpeg' data-fancybox='group3' data-caption='Koncert'><img loading=\"lazy\" decoding=\"async\" width=\"300\" height=\"200\" src=\"https:\/\/www.nova-trojka.cz\/wp-content\/uploads\/2026\/02\/7EC2F6CA-1331-43E2-8116-C5922BF8787D-300x200.jpeg\" class=\"attachment-medium size-medium\" alt=\"\" aria-describedby=\"gallery-1-11702\" srcset=\"https:\/\/www.nova-trojka.cz\/wp-content\/uploads\/2026\/02\/7EC2F6CA-1331-43E2-8116-C5922BF8787D-300x200.jpeg 300w, https:\/\/www.nova-trojka.cz\/wp-content\/uploads\/2026\/02\/7EC2F6CA-1331-43E2-8116-C5922BF8787D-1024x683.jpeg 1024w, https:\/\/www.nova-trojka.cz\/wp-content\/uploads\/2026\/02\/7EC2F6CA-1331-43E2-8116-C5922BF8787D-768x512.jpeg 768w, https:\/\/www.nova-trojka.cz\/wp-content\/uploads\/2026\/02\/7EC2F6CA-1331-43E2-8116-C5922BF8787D-1536x1024.jpeg 1536w, https:\/\/www.nova-trojka.cz\/wp-content\/uploads\/2026\/02\/7EC2F6CA-1331-43E2-8116-C5922BF8787D-2048x1365.jpeg 2048w\" sizes=\"auto, (max-width: 300px) 100vw, 300px\" \/><\/a>\r\n            <\/div>\r\n                <figcaption class='wp-caption-text gallery-caption' id='gallery-1-11702'>\r\n                Koncert\r\n                <\/figcaption><\/figure><figure class='gallery-item'>\r\n            <div class='gallery-icon landscape'>\r\n                <a href='https:\/\/www.nova-trojka.cz\/wp-content\/uploads\/2026\/03\/C33E355A-6E40-43F9-B3EB-14B7BC529D45-scaled.jpeg' data-fancybox='group3' data-caption='Karneval'><img loading=\"lazy\" decoding=\"async\" width=\"300\" height=\"200\" src=\"https:\/\/www.nova-trojka.cz\/wp-content\/uploads\/2026\/03\/C33E355A-6E40-43F9-B3EB-14B7BC529D45-300x200.jpeg\" class=\"attachment-medium size-medium\" alt=\"\" aria-describedby=\"gallery-1-11940\" srcset=\"https:\/\/www.nova-trojka.cz\/wp-content\/uploads\/2026\/03\/C33E355A-6E40-43F9-B3EB-14B7BC529D45-300x200.jpeg 300w, https:\/\/www.nova-trojka.cz\/wp-content\/uploads\/2026\/03\/C33E355A-6E40-43F9-B3EB-14B7BC529D45-1024x683.jpeg 1024w, https:\/\/www.nova-trojka.cz\/wp-content\/uploads\/2026\/03\/C33E355A-6E40-43F9-B3EB-14B7BC529D45-768x512.jpeg 768w, https:\/\/www.nova-trojka.cz\/wp-content\/uploads\/2026\/03\/C33E355A-6E40-43F9-B3EB-14B7BC529D45-1536x1024.jpeg 1536w, https:\/\/www.nova-trojka.cz\/wp-content\/uploads\/2026\/03\/C33E355A-6E40-43F9-B3EB-14B7BC529D45-2048x1365.jpeg 2048w\" sizes=\"auto, (max-width: 300px) 100vw, 300px\" \/><\/a>\r\n            <\/div>\r\n                <figcaption class='wp-caption-text gallery-caption' id='gallery-1-11940'>\r\n                Karneval\r\n                <\/figcaption><\/figure>\r\n        <\/div>\n\n","protected":false},"excerpt":{"rendered":"<p>V\u00edce fotografi\u00ed z akc\u00ed i kurz\u016f Nov\u00e9 Trojky najdete v \u010d\u00e1sti Galerie.<\/p>\n","protected":false},"author":2,"featured_media":0,"parent":0,"menu_order":15,"comment_status":"closed","ping_status":"closed","template":"","meta":{"footnotes":""},"class_list":["post-2071","page","type-page","status-publish","hentry","latest_post"],"yoast_head":"<!-- This site is optimized with the Yoast SEO plugin v27.5 - https:\/\/yoast.com\/product\/yoast-seo-wordpress\/ -->\n<title>Pod\u00edvejte se na n\u00e1s - Rodinn\u00e9 centrum Nov\u00e1 Trojka<\/title>\n<meta name=\"robots\" content=\"index, follow, max-snippet:-1, max-image-preview:large, max-video-preview:-1\" \/>\n<link rel=\"canonical\" href=\"https:\/\/www.nova-trojka.cz\/index.php\/mrknete-se-na-nas\/\" \/>\n<meta property=\"og:locale\" content=\"cs_CZ\" \/>\n<meta property=\"og:type\" content=\"article\" \/>\n<meta property=\"og:title\" content=\"Pod\u00edvejte se na n\u00e1s - Rodinn\u00e9 centrum Nov\u00e1 Trojka\" \/>\n<meta property=\"og:description\" content=\"V\u00edce fotografi\u00ed z akc\u00ed i kurz\u016f Nov\u00e9 Trojky najdete v \u010d\u00e1sti Galerie.\" \/>\n<meta property=\"og:url\" content=\"https:\/\/www.nova-trojka.cz\/index.php\/mrknete-se-na-nas\/\" \/>\n<meta property=\"og:site_name\" content=\"Rodinn\u00e9 centrum Nov\u00e1 Trojka\" \/>\n<meta property=\"article:publisher\" content=\"https:\/\/www.facebook.com\/novatrojka\/\" \/>\n<meta property=\"article:modified_time\" content=\"2026-03-25T11:39:59+00:00\" \/>\n<meta property=\"og:image\" content=\"https:\/\/www.nova-trojka.cz\/wp-content\/uploads\/2026\/03\/039EC9A2-00FF-49D8-875C-EE8DC19D6D19-300x200.jpeg\" \/>\n<meta name=\"twitter:card\" content=\"summary_large_image\" \/>\n<meta name=\"twitter:label1\" content=\"Odhadovan\u00e1 doba \u010dten\u00ed\" \/>\n\t<meta name=\"twitter:data1\" content=\"1 minuta\" \/>\n<script type=\"application\/ld+json\" class=\"yoast-schema-graph\">{\"@context\":\"https:\\\/\\\/schema.org\",\"@graph\":[{\"@type\":\"WebPage\",\"@id\":\"https:\\\/\\\/www.nova-trojka.cz\\\/index.php\\\/mrknete-se-na-nas\\\/\",\"url\":\"https:\\\/\\\/www.nova-trojka.cz\\\/index.php\\\/mrknete-se-na-nas\\\/\",\"name\":\"Pod\u00edvejte se na n\u00e1s - Rodinn\u00e9 centrum Nov\u00e1 Trojka\",\"isPartOf\":{\"@id\":\"https:\\\/\\\/www.nova-trojka.cz\\\/#website\"},\"datePublished\":\"2019-08-11T21:18:50+00:00\",\"dateModified\":\"2026-03-25T11:39:59+00:00\",\"breadcrumb\":{\"@id\":\"https:\\\/\\\/www.nova-trojka.cz\\\/index.php\\\/mrknete-se-na-nas\\\/#breadcrumb\"},\"inLanguage\":\"cs\",\"potentialAction\":[{\"@type\":\"ReadAction\",\"target\":[\"https:\\\/\\\/www.nova-trojka.cz\\\/index.php\\\/mrknete-se-na-nas\\\/\"]}]},{\"@type\":\"BreadcrumbList\",\"@id\":\"https:\\\/\\\/www.nova-trojka.cz\\\/index.php\\\/mrknete-se-na-nas\\\/#breadcrumb\",\"itemListElement\":[{\"@type\":\"ListItem\",\"position\":1,\"name\":\"Dom\u016f\",\"item\":\"https:\\\/\\\/www.nova-trojka.cz\\\/\"},{\"@type\":\"ListItem\",\"position\":2,\"name\":\"Pod\u00edvejte se na n\u00e1s\"}]},{\"@type\":\"WebSite\",\"@id\":\"https:\\\/\\\/www.nova-trojka.cz\\\/#website\",\"url\":\"https:\\\/\\\/www.nova-trojka.cz\\\/\",\"name\":\"Nov\u00e1 Trojka\",\"description\":\"Rodinn\u00e9 a kulturn\u00ed centrum Nov\u00e1 Trojka nab\u00edz\u00ed p\u0159\u00e1telsk\u00fd, bezpe\u010dn\u00fd a inspirativn\u00ed prostor pro celou rodinu.\",\"publisher\":{\"@id\":\"https:\\\/\\\/www.nova-trojka.cz\\\/#organization\"},\"potentialAction\":[{\"@type\":\"SearchAction\",\"target\":{\"@type\":\"EntryPoint\",\"urlTemplate\":\"https:\\\/\\\/www.nova-trojka.cz\\\/?s={search_term_string}\"},\"query-input\":{\"@type\":\"PropertyValueSpecification\",\"valueRequired\":true,\"valueName\":\"search_term_string\"}}],\"inLanguage\":\"cs\"},{\"@type\":\"Organization\",\"@id\":\"https:\\\/\\\/www.nova-trojka.cz\\\/#organization\",\"name\":\"NOV\u00c1 TROJKA, z.s.\",\"url\":\"https:\\\/\\\/www.nova-trojka.cz\\\/\",\"logo\":{\"@type\":\"ImageObject\",\"inLanguage\":\"cs\",\"@id\":\"https:\\\/\\\/www.nova-trojka.cz\\\/#\\\/schema\\\/logo\\\/image\\\/\",\"url\":\"https:\\\/\\\/www.nova-trojka.cz\\\/wp-content\\\/uploads\\\/2019\\\/05\\\/logotypN3.png\",\"contentUrl\":\"https:\\\/\\\/www.nova-trojka.cz\\\/wp-content\\\/uploads\\\/2019\\\/05\\\/logotypN3.png\",\"width\":640,\"height\":480,\"caption\":\"NOV\u00c1 TROJKA, z.s.\"},\"image\":{\"@id\":\"https:\\\/\\\/www.nova-trojka.cz\\\/#\\\/schema\\\/logo\\\/image\\\/\"},\"sameAs\":[\"https:\\\/\\\/www.facebook.com\\\/novatrojka\\\/\",\"https:\\\/\\\/www.instagram.com\\\/novatrojka\\\/\"]}]}<\/script>\n<!-- \/ Yoast SEO plugin. -->","yoast_head_json":{"title":"Pod\u00edvejte se na n\u00e1s - Rodinn\u00e9 centrum Nov\u00e1 Trojka","robots":{"index":"index","follow":"follow","max-snippet":"max-snippet:-1","max-image-preview":"max-image-preview:large","max-video-preview":"max-video-preview:-1"},"canonical":"https:\/\/www.nova-trojka.cz\/index.php\/mrknete-se-na-nas\/","og_locale":"cs_CZ","og_type":"article","og_title":"Pod\u00edvejte se na n\u00e1s - Rodinn\u00e9 centrum Nov\u00e1 Trojka","og_description":"V\u00edce fotografi\u00ed z akc\u00ed i kurz\u016f Nov\u00e9 Trojky najdete v \u010d\u00e1sti Galerie.","og_url":"https:\/\/www.nova-trojka.cz\/index.php\/mrknete-se-na-nas\/","og_site_name":"Rodinn\u00e9 centrum Nov\u00e1 Trojka","article_publisher":"https:\/\/www.facebook.com\/novatrojka\/","article_modified_time":"2026-03-25T11:39:59+00:00","og_image":[{"url":"https:\/\/www.nova-trojka.cz\/wp-content\/uploads\/2026\/03\/039EC9A2-00FF-49D8-875C-EE8DC19D6D19-300x200.jpeg","type":"","width":"","height":""}],"twitter_card":"summary_large_image","twitter_misc":{"Odhadovan\u00e1 doba \u010dten\u00ed":"1 minuta"},"schema":{"@context":"https:\/\/schema.org","@graph":[{"@type":"WebPage","@id":"https:\/\/www.nova-trojka.cz\/index.php\/mrknete-se-na-nas\/","url":"https:\/\/www.nova-trojka.cz\/index.php\/mrknete-se-na-nas\/","name":"Pod\u00edvejte se na n\u00e1s - Rodinn\u00e9 centrum Nov\u00e1 Trojka","isPartOf":{"@id":"https:\/\/www.nova-trojka.cz\/#website"},"datePublished":"2019-08-11T21:18:50+00:00","dateModified":"2026-03-25T11:39:59+00:00","breadcrumb":{"@id":"https:\/\/www.nova-trojka.cz\/index.php\/mrknete-se-na-nas\/#breadcrumb"},"inLanguage":"cs","potentialAction":[{"@type":"ReadAction","target":["https:\/\/www.nova-trojka.cz\/index.php\/mrknete-se-na-nas\/"]}]},{"@type":"BreadcrumbList","@id":"https:\/\/www.nova-trojka.cz\/index.php\/mrknete-se-na-nas\/#breadcrumb","itemListElement":[{"@type":"ListItem","position":1,"name":"Dom\u016f","item":"https:\/\/www.nova-trojka.cz\/"},{"@type":"ListItem","position":2,"name":"Pod\u00edvejte se na n\u00e1s"}]},{"@type":"WebSite","@id":"https:\/\/www.nova-trojka.cz\/#website","url":"https:\/\/www.nova-trojka.cz\/","name":"Nov\u00e1 Trojka","description":"Rodinn\u00e9 a kulturn\u00ed centrum Nov\u00e1 Trojka nab\u00edz\u00ed p\u0159\u00e1telsk\u00fd, bezpe\u010dn\u00fd a inspirativn\u00ed prostor pro celou rodinu.","publisher":{"@id":"https:\/\/www.nova-trojka.cz\/#organization"},"potentialAction":[{"@type":"SearchAction","target":{"@type":"EntryPoint","urlTemplate":"https:\/\/www.nova-trojka.cz\/?s={search_term_string}"},"query-input":{"@type":"PropertyValueSpecification","valueRequired":true,"valueName":"search_term_string"}}],"inLanguage":"cs"},{"@type":"Organization","@id":"https:\/\/www.nova-trojka.cz\/#organization","name":"NOV\u00c1 TROJKA, z.s.","url":"https:\/\/www.nova-trojka.cz\/","logo":{"@type":"ImageObject","inLanguage":"cs","@id":"https:\/\/www.nova-trojka.cz\/#\/schema\/logo\/image\/","url":"https:\/\/www.nova-trojka.cz\/wp-content\/uploads\/2019\/05\/logotypN3.png","contentUrl":"https:\/\/www.nova-trojka.cz\/wp-content\/uploads\/2019\/05\/logotypN3.png","width":640,"height":480,"caption":"NOV\u00c1 TROJKA, z.s."},"image":{"@id":"https:\/\/www.nova-trojka.cz\/#\/schema\/logo\/image\/"},"sameAs":["https:\/\/www.facebook.com\/novatrojka\/","https:\/\/www.instagram.com\/novatrojka\/"]}]}},"_links":{"self":[{"href":"https:\/\/www.nova-trojka.cz\/index.php\/wp-json\/wp\/v2\/pages\/2071","targetHints":{"allow":["GET"]}}],"collection":[{"href":"https:\/\/www.nova-trojka.cz\/index.php\/wp-json\/wp\/v2\/pages"}],"about":[{"href":"https:\/\/www.nova-trojka.cz\/index.php\/wp-json\/wp\/v2\/types\/page"}],"author":[{"embeddable":true,"href":"https:\/\/www.nova-trojka.cz\/index.php\/wp-json\/wp\/v2\/users\/2"}],"replies":[{"embeddable":true,"href":"https:\/\/www.nova-trojka.cz\/index.php\/wp-json\/wp\/v2\/comments?post=2071"}],"version-history":[{"count":46,"href":"https:\/\/www.nova-trojka.cz\/index.php\/wp-json\/wp\/v2\/pages\/2071\/revisions"}],"predecessor-version":[{"id":12080,"href":"https:\/\/www.nova-trojka.cz\/index.php\/wp-json\/wp\/v2\/pages\/2071\/revisions\/12080"}],"wp:attachment":[{"href":"https:\/\/www.nova-trojka.cz\/index.php\/wp-json\/wp\/v2\/media?parent=2071"}],"curies":[{"name":"wp","href":"https:\/\/api.w.org\/{rel}","templated":true}]}}