{"id":12024,"date":"2026-03-16T14:04:02","date_gmt":"2026-03-16T13:04:02","guid":{"rendered":"https:\/\/www.nova-trojka.cz\/?page_id=12024"},"modified":"2026-03-16T14:10:59","modified_gmt":"2026-03-16T13:10:59","slug":"housenka-na-listu-navod","status":"publish","type":"page","link":"https:\/\/www.nova-trojka.cz\/index.php\/housenka-na-listu-navod\/","title":{"rendered":"Housenka na listu &#8211; n\u00e1vod"},"content":{"rendered":"<p><img loading=\"lazy\" decoding=\"async\" class=\"size-full wp-image-12025 alignright\" src=\"https:\/\/www.nova-trojka.cz\/wp-content\/uploads\/2026\/03\/list.jpg\" alt=\"\" width=\"104\" height=\"153\" \/>1. Vezmi si list a nakresli na n\u011bj \u017eilnatinu na listu.\u00a0<\/p>\n<p>2. Sroluj kousky barevn\u00e9ho pap\u00edru do ruli\u010dek a slep je k sob\u011b.<\/p>\n<p>3. Vyber si, kter\u00e1 z ruli\u010dek bude hlava. Na tu namaluj o\u010di a pusu a p\u0159ilep 2 \u010dern\u00e9 tenk\u00e9 prouzky jako tykadla.<\/p>\n<p>4. Ud\u011blej na list pruh lepidlem a lep barevn\u00e9 ruli\u010dky t\u011bsn\u011b za sebe. Nezapome\u0148, \u017ee prvn\u00ed bude hlava.<\/p>\n<p>5. M\u00e1\u0161 hotovo.\u00a0<\/p>\n<p><img loading=\"lazy\" decoding=\"async\" class=\"alignnone size-medium wp-image-12026\" src=\"https:\/\/www.nova-trojka.cz\/wp-content\/uploads\/2026\/03\/housenka-297x300.jpg\" alt=\"\" width=\"297\" height=\"300\" srcset=\"https:\/\/www.nova-trojka.cz\/wp-content\/uploads\/2026\/03\/housenka-297x300.jpg 297w, https:\/\/www.nova-trojka.cz\/wp-content\/uploads\/2026\/03\/housenka-70x70.jpg 70w, https:\/\/www.nova-trojka.cz\/wp-content\/uploads\/2026\/03\/housenka-125x125.jpg 125w, https:\/\/www.nova-trojka.cz\/wp-content\/uploads\/2026\/03\/housenka.jpg 490w\" sizes=\"auto, (max-width: 297px) 100vw, 297px\" \/><\/p>\n\n\n<p><\/p>\n","protected":false},"excerpt":{"rendered":"<p>1. Vezmi si list a nakresli na n\u011bj \u017eilnatinu na listu.\u00a0 2. Sroluj kousky barevn\u00e9ho pap\u00edru do ruli\u010dek a slep &hellip; <\/p>\n","protected":false},"author":1,"featured_media":0,"parent":0,"menu_order":0,"comment_status":"closed","ping_status":"closed","template":"","meta":{"footnotes":""},"class_list":["post-12024","page","type-page","status-publish","hentry","latest_post"],"yoast_head":"<!-- This site is optimized with the Yoast SEO plugin v27.5 - https:\/\/yoast.com\/product\/yoast-seo-wordpress\/ -->\n<title>Housenka na listu - n\u00e1vod - Rodinn\u00e9 centrum Nov\u00e1 Trojka<\/title>\n<meta name=\"robots\" content=\"index, follow, max-snippet:-1, max-image-preview:large, max-video-preview:-1\" \/>\n<link rel=\"canonical\" href=\"https:\/\/www.nova-trojka.cz\/index.php\/housenka-na-listu-navod\/\" \/>\n<meta property=\"og:locale\" content=\"cs_CZ\" \/>\n<meta property=\"og:type\" content=\"article\" \/>\n<meta property=\"og:title\" content=\"Housenka na listu - n\u00e1vod - Rodinn\u00e9 centrum Nov\u00e1 Trojka\" \/>\n<meta property=\"og:description\" content=\"1. Vezmi si list a nakresli na n\u011bj \u017eilnatinu na listu.\u00a0 2. Sroluj kousky barevn\u00e9ho pap\u00edru do ruli\u010dek a slep &hellip;\" \/>\n<meta property=\"og:url\" content=\"https:\/\/www.nova-trojka.cz\/index.php\/housenka-na-listu-navod\/\" \/>\n<meta property=\"og:site_name\" content=\"Rodinn\u00e9 centrum Nov\u00e1 Trojka\" \/>\n<meta property=\"article:publisher\" content=\"https:\/\/www.facebook.com\/novatrojka\/\" \/>\n<meta property=\"article:modified_time\" content=\"2026-03-16T13:10:59+00:00\" \/>\n<meta property=\"og:image\" content=\"https:\/\/www.nova-trojka.cz\/wp-content\/uploads\/2026\/03\/list.jpg\" \/>\n\t<meta property=\"og:image:width\" content=\"104\" \/>\n\t<meta property=\"og:image:height\" content=\"153\" \/>\n\t<meta property=\"og:image:type\" content=\"image\/jpeg\" \/>\n<meta name=\"twitter:card\" content=\"summary_large_image\" \/>\n<meta name=\"twitter:label1\" content=\"Odhadovan\u00e1 doba \u010dten\u00ed\" \/>\n\t<meta name=\"twitter:data1\" content=\"1 minuta\" \/>\n<script type=\"application\/ld+json\" class=\"yoast-schema-graph\">{\"@context\":\"https:\\\/\\\/schema.org\",\"@graph\":[{\"@type\":\"WebPage\",\"@id\":\"https:\\\/\\\/www.nova-trojka.cz\\\/index.php\\\/housenka-na-listu-navod\\\/\",\"url\":\"https:\\\/\\\/www.nova-trojka.cz\\\/index.php\\\/housenka-na-listu-navod\\\/\",\"name\":\"Housenka na listu - n\u00e1vod - Rodinn\u00e9 centrum Nov\u00e1 Trojka\",\"isPartOf\":{\"@id\":\"https:\\\/\\\/www.nova-trojka.cz\\\/#website\"},\"primaryImageOfPage\":{\"@id\":\"https:\\\/\\\/www.nova-trojka.cz\\\/index.php\\\/housenka-na-listu-navod\\\/#primaryimage\"},\"image\":{\"@id\":\"https:\\\/\\\/www.nova-trojka.cz\\\/index.php\\\/housenka-na-listu-navod\\\/#primaryimage\"},\"thumbnailUrl\":\"https:\\\/\\\/www.nova-trojka.cz\\\/wp-content\\\/uploads\\\/2026\\\/03\\\/list.jpg\",\"datePublished\":\"2026-03-16T13:04:02+00:00\",\"dateModified\":\"2026-03-16T13:10:59+00:00\",\"breadcrumb\":{\"@id\":\"https:\\\/\\\/www.nova-trojka.cz\\\/index.php\\\/housenka-na-listu-navod\\\/#breadcrumb\"},\"inLanguage\":\"cs\",\"potentialAction\":[{\"@type\":\"ReadAction\",\"target\":[\"https:\\\/\\\/www.nova-trojka.cz\\\/index.php\\\/housenka-na-listu-navod\\\/\"]}]},{\"@type\":\"ImageObject\",\"inLanguage\":\"cs\",\"@id\":\"https:\\\/\\\/www.nova-trojka.cz\\\/index.php\\\/housenka-na-listu-navod\\\/#primaryimage\",\"url\":\"https:\\\/\\\/www.nova-trojka.cz\\\/wp-content\\\/uploads\\\/2026\\\/03\\\/list.jpg\",\"contentUrl\":\"https:\\\/\\\/www.nova-trojka.cz\\\/wp-content\\\/uploads\\\/2026\\\/03\\\/list.jpg\",\"width\":104,\"height\":153},{\"@type\":\"BreadcrumbList\",\"@id\":\"https:\\\/\\\/www.nova-trojka.cz\\\/index.php\\\/housenka-na-listu-navod\\\/#breadcrumb\",\"itemListElement\":[{\"@type\":\"ListItem\",\"position\":1,\"name\":\"Dom\u016f\",\"item\":\"https:\\\/\\\/www.nova-trojka.cz\\\/\"},{\"@type\":\"ListItem\",\"position\":2,\"name\":\"Housenka na listu &#8211; n\u00e1vod\"}]},{\"@type\":\"WebSite\",\"@id\":\"https:\\\/\\\/www.nova-trojka.cz\\\/#website\",\"url\":\"https:\\\/\\\/www.nova-trojka.cz\\\/\",\"name\":\"Nov\u00e1 Trojka\",\"description\":\"Rodinn\u00e9 a kulturn\u00ed centrum Nov\u00e1 Trojka nab\u00edz\u00ed p\u0159\u00e1telsk\u00fd, bezpe\u010dn\u00fd a inspirativn\u00ed prostor pro celou rodinu.\",\"publisher\":{\"@id\":\"https:\\\/\\\/www.nova-trojka.cz\\\/#organization\"},\"potentialAction\":[{\"@type\":\"SearchAction\",\"target\":{\"@type\":\"EntryPoint\",\"urlTemplate\":\"https:\\\/\\\/www.nova-trojka.cz\\\/?s={search_term_string}\"},\"query-input\":{\"@type\":\"PropertyValueSpecification\",\"valueRequired\":true,\"valueName\":\"search_term_string\"}}],\"inLanguage\":\"cs\"},{\"@type\":\"Organization\",\"@id\":\"https:\\\/\\\/www.nova-trojka.cz\\\/#organization\",\"name\":\"NOV\u00c1 TROJKA, z.s.\",\"url\":\"https:\\\/\\\/www.nova-trojka.cz\\\/\",\"logo\":{\"@type\":\"ImageObject\",\"inLanguage\":\"cs\",\"@id\":\"https:\\\/\\\/www.nova-trojka.cz\\\/#\\\/schema\\\/logo\\\/image\\\/\",\"url\":\"https:\\\/\\\/www.nova-trojka.cz\\\/wp-content\\\/uploads\\\/2019\\\/05\\\/logotypN3.png\",\"contentUrl\":\"https:\\\/\\\/www.nova-trojka.cz\\\/wp-content\\\/uploads\\\/2019\\\/05\\\/logotypN3.png\",\"width\":640,\"height\":480,\"caption\":\"NOV\u00c1 TROJKA, z.s.\"},\"image\":{\"@id\":\"https:\\\/\\\/www.nova-trojka.cz\\\/#\\\/schema\\\/logo\\\/image\\\/\"},\"sameAs\":[\"https:\\\/\\\/www.facebook.com\\\/novatrojka\\\/\",\"https:\\\/\\\/www.instagram.com\\\/novatrojka\\\/\"]}]}<\/script>\n<!-- \/ Yoast SEO plugin. -->","yoast_head_json":{"title":"Housenka na listu - n\u00e1vod - Rodinn\u00e9 centrum Nov\u00e1 Trojka","robots":{"index":"index","follow":"follow","max-snippet":"max-snippet:-1","max-image-preview":"max-image-preview:large","max-video-preview":"max-video-preview:-1"},"canonical":"https:\/\/www.nova-trojka.cz\/index.php\/housenka-na-listu-navod\/","og_locale":"cs_CZ","og_type":"article","og_title":"Housenka na listu - n\u00e1vod - Rodinn\u00e9 centrum Nov\u00e1 Trojka","og_description":"1. Vezmi si list a nakresli na n\u011bj \u017eilnatinu na listu.\u00a0 2. Sroluj kousky barevn\u00e9ho pap\u00edru do ruli\u010dek a slep &hellip;","og_url":"https:\/\/www.nova-trojka.cz\/index.php\/housenka-na-listu-navod\/","og_site_name":"Rodinn\u00e9 centrum Nov\u00e1 Trojka","article_publisher":"https:\/\/www.facebook.com\/novatrojka\/","article_modified_time":"2026-03-16T13:10:59+00:00","og_image":[{"width":104,"height":153,"url":"https:\/\/www.nova-trojka.cz\/wp-content\/uploads\/2026\/03\/list.jpg","type":"image\/jpeg"}],"twitter_card":"summary_large_image","twitter_misc":{"Odhadovan\u00e1 doba \u010dten\u00ed":"1 minuta"},"schema":{"@context":"https:\/\/schema.org","@graph":[{"@type":"WebPage","@id":"https:\/\/www.nova-trojka.cz\/index.php\/housenka-na-listu-navod\/","url":"https:\/\/www.nova-trojka.cz\/index.php\/housenka-na-listu-navod\/","name":"Housenka na listu - n\u00e1vod - Rodinn\u00e9 centrum Nov\u00e1 Trojka","isPartOf":{"@id":"https:\/\/www.nova-trojka.cz\/#website"},"primaryImageOfPage":{"@id":"https:\/\/www.nova-trojka.cz\/index.php\/housenka-na-listu-navod\/#primaryimage"},"image":{"@id":"https:\/\/www.nova-trojka.cz\/index.php\/housenka-na-listu-navod\/#primaryimage"},"thumbnailUrl":"https:\/\/www.nova-trojka.cz\/wp-content\/uploads\/2026\/03\/list.jpg","datePublished":"2026-03-16T13:04:02+00:00","dateModified":"2026-03-16T13:10:59+00:00","breadcrumb":{"@id":"https:\/\/www.nova-trojka.cz\/index.php\/housenka-na-listu-navod\/#breadcrumb"},"inLanguage":"cs","potentialAction":[{"@type":"ReadAction","target":["https:\/\/www.nova-trojka.cz\/index.php\/housenka-na-listu-navod\/"]}]},{"@type":"ImageObject","inLanguage":"cs","@id":"https:\/\/www.nova-trojka.cz\/index.php\/housenka-na-listu-navod\/#primaryimage","url":"https:\/\/www.nova-trojka.cz\/wp-content\/uploads\/2026\/03\/list.jpg","contentUrl":"https:\/\/www.nova-trojka.cz\/wp-content\/uploads\/2026\/03\/list.jpg","width":104,"height":153},{"@type":"BreadcrumbList","@id":"https:\/\/www.nova-trojka.cz\/index.php\/housenka-na-listu-navod\/#breadcrumb","itemListElement":[{"@type":"ListItem","position":1,"name":"Dom\u016f","item":"https:\/\/www.nova-trojka.cz\/"},{"@type":"ListItem","position":2,"name":"Housenka na listu &#8211; n\u00e1vod"}]},{"@type":"WebSite","@id":"https:\/\/www.nova-trojka.cz\/#website","url":"https:\/\/www.nova-trojka.cz\/","name":"Nov\u00e1 Trojka","description":"Rodinn\u00e9 a kulturn\u00ed centrum Nov\u00e1 Trojka nab\u00edz\u00ed p\u0159\u00e1telsk\u00fd, bezpe\u010dn\u00fd a inspirativn\u00ed prostor pro celou rodinu.","publisher":{"@id":"https:\/\/www.nova-trojka.cz\/#organization"},"potentialAction":[{"@type":"SearchAction","target":{"@type":"EntryPoint","urlTemplate":"https:\/\/www.nova-trojka.cz\/?s={search_term_string}"},"query-input":{"@type":"PropertyValueSpecification","valueRequired":true,"valueName":"search_term_string"}}],"inLanguage":"cs"},{"@type":"Organization","@id":"https:\/\/www.nova-trojka.cz\/#organization","name":"NOV\u00c1 TROJKA, z.s.","url":"https:\/\/www.nova-trojka.cz\/","logo":{"@type":"ImageObject","inLanguage":"cs","@id":"https:\/\/www.nova-trojka.cz\/#\/schema\/logo\/image\/","url":"https:\/\/www.nova-trojka.cz\/wp-content\/uploads\/2019\/05\/logotypN3.png","contentUrl":"https:\/\/www.nova-trojka.cz\/wp-content\/uploads\/2019\/05\/logotypN3.png","width":640,"height":480,"caption":"NOV\u00c1 TROJKA, z.s."},"image":{"@id":"https:\/\/www.nova-trojka.cz\/#\/schema\/logo\/image\/"},"sameAs":["https:\/\/www.facebook.com\/novatrojka\/","https:\/\/www.instagram.com\/novatrojka\/"]}]}},"_links":{"self":[{"href":"https:\/\/www.nova-trojka.cz\/index.php\/wp-json\/wp\/v2\/pages\/12024","targetHints":{"allow":["GET"]}}],"collection":[{"href":"https:\/\/www.nova-trojka.cz\/index.php\/wp-json\/wp\/v2\/pages"}],"about":[{"href":"https:\/\/www.nova-trojka.cz\/index.php\/wp-json\/wp\/v2\/types\/page"}],"author":[{"embeddable":true,"href":"https:\/\/www.nova-trojka.cz\/index.php\/wp-json\/wp\/v2\/users\/1"}],"replies":[{"embeddable":true,"href":"https:\/\/www.nova-trojka.cz\/index.php\/wp-json\/wp\/v2\/comments?post=12024"}],"version-history":[{"count":2,"href":"https:\/\/www.nova-trojka.cz\/index.php\/wp-json\/wp\/v2\/pages\/12024\/revisions"}],"predecessor-version":[{"id":12029,"href":"https:\/\/www.nova-trojka.cz\/index.php\/wp-json\/wp\/v2\/pages\/12024\/revisions\/12029"}],"wp:attachment":[{"href":"https:\/\/www.nova-trojka.cz\/index.php\/wp-json\/wp\/v2\/media?parent=12024"}],"curies":[{"name":"wp","href":"https:\/\/api.w.org\/{rel}","templated":true}]}}