{"id":10881,"date":"2025-06-03T14:25:33","date_gmt":"2025-06-03T12:25:33","guid":{"rendered":"https:\/\/www.nova-trojka.cz\/?page_id=10881"},"modified":"2026-03-29T22:09:08","modified_gmt":"2026-03-29T20:09:08","slug":"foto-roku-2024","status":"publish","type":"page","link":"https:\/\/www.nova-trojka.cz\/index.php\/galerie\/foto-roku-2024\/","title":{"rendered":"Foto roku 2024"},"content":{"rendered":"\n<div class=\"clearfix rara-row\"><div class=\"rara_column rara-span2\"><p style=\"text-align: center;\"><a href=\"https:\/\/www.nova-trojka.cz\/index.php\/vanocni-slavnost-s-mickeym-a-minnie\/\"><img loading=\"lazy\" decoding=\"async\" class=\"alignnone size-medium wp-image-10210 aligncenter\" src=\"https:\/\/www.nova-trojka.cz\/wp-content\/uploads\/2024\/12\/1DAF22A9-54C8-4C94-9089-ADC5DC13A4FA-300x200.jpeg\" alt=\"\" width=\"300\" height=\"200\" srcset=\"https:\/\/www.nova-trojka.cz\/wp-content\/uploads\/2024\/12\/1DAF22A9-54C8-4C94-9089-ADC5DC13A4FA-300x200.jpeg 300w, https:\/\/www.nova-trojka.cz\/wp-content\/uploads\/2024\/12\/1DAF22A9-54C8-4C94-9089-ADC5DC13A4FA-1024x683.jpeg 1024w, https:\/\/www.nova-trojka.cz\/wp-content\/uploads\/2024\/12\/1DAF22A9-54C8-4C94-9089-ADC5DC13A4FA-768x512.jpeg 768w, https:\/\/www.nova-trojka.cz\/wp-content\/uploads\/2024\/12\/1DAF22A9-54C8-4C94-9089-ADC5DC13A4FA-1536x1024.jpeg 1536w, https:\/\/www.nova-trojka.cz\/wp-content\/uploads\/2024\/12\/1DAF22A9-54C8-4C94-9089-ADC5DC13A4FA-2048x1365.jpeg 2048w\" sizes=\"auto, (max-width: 300px) 100vw, 300px\" \/><strong><span style=\"color: initial; font-size: revert;\">V\u00e1no\u010dn\u00ed slavnost<\/span><\/strong><\/a><\/p>\n<p style=\"text-align: center;\"><a href=\"https:\/\/www.nova-trojka.cz\/index.php\/vylet-s-dobrovolniky-do-pardubic\/\"><img loading=\"lazy\" decoding=\"async\" class=\"alignnone size-medium wp-image-9599\" src=\"https:\/\/www.nova-trojka.cz\/wp-content\/uploads\/2024\/05\/5A81054A-085A-497A-B816-7DD1FE1B706E-300x200.jpeg\" alt=\"\" width=\"300\" height=\"200\" srcset=\"https:\/\/www.nova-trojka.cz\/wp-content\/uploads\/2024\/05\/5A81054A-085A-497A-B816-7DD1FE1B706E-300x200.jpeg 300w, https:\/\/www.nova-trojka.cz\/wp-content\/uploads\/2024\/05\/5A81054A-085A-497A-B816-7DD1FE1B706E-1024x682.jpeg 1024w, https:\/\/www.nova-trojka.cz\/wp-content\/uploads\/2024\/05\/5A81054A-085A-497A-B816-7DD1FE1B706E-768x512.jpeg 768w, https:\/\/www.nova-trojka.cz\/wp-content\/uploads\/2024\/05\/5A81054A-085A-497A-B816-7DD1FE1B706E-1536x1023.jpeg 1536w, https:\/\/www.nova-trojka.cz\/wp-content\/uploads\/2024\/05\/5A81054A-085A-497A-B816-7DD1FE1B706E-2048x1364.jpeg 2048w\" sizes=\"auto, (max-width: 300px) 100vw, 300px\" \/><\/a><strong><a href=\"https:\/\/www.nova-trojka.cz\/index.php\/vylet-s-dobrovolniky-do-pardubic\/\">V\u00fdlet s dobrovolnicemi<\/a><\/strong><\/p>\n<p style=\"text-align: center;\"><a href=\"https:\/\/www.nova-trojka.cz\/index.php\/velikonocni-dilny-2024\/\"><img loading=\"lazy\" decoding=\"async\" class=\"alignnone size-medium wp-image-9361 aligncenter\" src=\"https:\/\/www.nova-trojka.cz\/wp-content\/uploads\/2024\/03\/CA910C10-E410-4B17-A6BE-D376B5E087B1-300x200.jpeg\" alt=\"\" width=\"300\" height=\"200\" srcset=\"https:\/\/www.nova-trojka.cz\/wp-content\/uploads\/2024\/03\/CA910C10-E410-4B17-A6BE-D376B5E087B1-300x200.jpeg 300w, https:\/\/www.nova-trojka.cz\/wp-content\/uploads\/2024\/03\/CA910C10-E410-4B17-A6BE-D376B5E087B1-1024x683.jpeg 1024w, https:\/\/www.nova-trojka.cz\/wp-content\/uploads\/2024\/03\/CA910C10-E410-4B17-A6BE-D376B5E087B1-768x512.jpeg 768w, https:\/\/www.nova-trojka.cz\/wp-content\/uploads\/2024\/03\/CA910C10-E410-4B17-A6BE-D376B5E087B1-1536x1024.jpeg 1536w, https:\/\/www.nova-trojka.cz\/wp-content\/uploads\/2024\/03\/CA910C10-E410-4B17-A6BE-D376B5E087B1-2048x1365.jpeg 2048w\" sizes=\"auto, (max-width: 300px) 100vw, 300px\" \/><\/a><a href=\"https:\/\/www.nova-trojka.cz\/index.php\/velikonocni-dilny-2024\/\"><strong>Velikono\u010dn\u00ed d\u00edlny<\/strong><\/a><\/p>\n<p style=\"text-align: center;\"><a href=\"https:\/\/www.nova-trojka.cz\/index.php\/trikralove-dilny\/\"><strong><img loading=\"lazy\" decoding=\"async\" class=\"alignnone size-medium wp-image-9254\" src=\"https:\/\/www.nova-trojka.cz\/wp-content\/uploads\/2024\/03\/414748596_1418369562396179_2298376158338192680_n-1-225x300.jpg\" alt=\"\" width=\"225\" height=\"300\" srcset=\"https:\/\/www.nova-trojka.cz\/wp-content\/uploads\/2024\/03\/414748596_1418369562396179_2298376158338192680_n-1-225x300.jpg 225w, https:\/\/www.nova-trojka.cz\/wp-content\/uploads\/2024\/03\/414748596_1418369562396179_2298376158338192680_n-1-768x1024.jpg 768w, https:\/\/www.nova-trojka.cz\/wp-content\/uploads\/2024\/03\/414748596_1418369562396179_2298376158338192680_n-1-1152x1536.jpg 1152w, https:\/\/www.nova-trojka.cz\/wp-content\/uploads\/2024\/03\/414748596_1418369562396179_2298376158338192680_n-1.jpg 1500w\" sizes=\"auto, (max-width: 225px) 100vw, 225px\" \/><\/strong><\/a><a href=\"https:\/\/www.nova-trojka.cz\/index.php\/trikralove-dilny\/\"><strong>T\u0159\u00edkr\u00e1lov\u00e1 Batol\u00e1tka<\/strong><\/a><\/p>\n<\/p><\/div><div class=\"rara_column rara-span2\"><p style=\"text-align: center;\"><a href=\"https:\/\/www.nova-trojka.cz\/index.php\/mikulas-4\/\"><img loading=\"lazy\" decoding=\"async\" class=\"alignnone size-medium wp-image-10110 aligncenter\" src=\"https:\/\/www.nova-trojka.cz\/wp-content\/uploads\/2024\/12\/DFA2A30A-1B6C-4038-904A-A3C3B2A2F6DE-300x200.jpeg\" alt=\"\" width=\"300\" height=\"200\" srcset=\"https:\/\/www.nova-trojka.cz\/wp-content\/uploads\/2024\/12\/DFA2A30A-1B6C-4038-904A-A3C3B2A2F6DE-300x200.jpeg 300w, https:\/\/www.nova-trojka.cz\/wp-content\/uploads\/2024\/12\/DFA2A30A-1B6C-4038-904A-A3C3B2A2F6DE-1024x683.jpeg 1024w, https:\/\/www.nova-trojka.cz\/wp-content\/uploads\/2024\/12\/DFA2A30A-1B6C-4038-904A-A3C3B2A2F6DE-768x512.jpeg 768w, https:\/\/www.nova-trojka.cz\/wp-content\/uploads\/2024\/12\/DFA2A30A-1B6C-4038-904A-A3C3B2A2F6DE-1536x1024.jpeg 1536w, https:\/\/www.nova-trojka.cz\/wp-content\/uploads\/2024\/12\/DFA2A30A-1B6C-4038-904A-A3C3B2A2F6DE-2048x1365.jpeg 2048w\" sizes=\"auto, (max-width: 300px) 100vw, 300px\" \/><strong>Mikul\u00e1\u0161<\/strong><\/a><\/p>\n<p style=\"text-align: center;\"><img loading=\"lazy\" decoding=\"async\" class=\"alignnone size-medium wp-image-9551 aligncenter\" src=\"https:\/\/www.nova-trojka.cz\/wp-content\/uploads\/2024\/04\/638FEC90-F5E4-4DC1-AC01-B6DD9C6F95CF-300x200.jpeg\" alt=\"\" width=\"300\" height=\"200\" srcset=\"https:\/\/www.nova-trojka.cz\/wp-content\/uploads\/2024\/04\/638FEC90-F5E4-4DC1-AC01-B6DD9C6F95CF-300x200.jpeg 300w, https:\/\/www.nova-trojka.cz\/wp-content\/uploads\/2024\/04\/638FEC90-F5E4-4DC1-AC01-B6DD9C6F95CF-1024x683.jpeg 1024w, https:\/\/www.nova-trojka.cz\/wp-content\/uploads\/2024\/04\/638FEC90-F5E4-4DC1-AC01-B6DD9C6F95CF-768x512.jpeg 768w, https:\/\/www.nova-trojka.cz\/wp-content\/uploads\/2024\/04\/638FEC90-F5E4-4DC1-AC01-B6DD9C6F95CF-1536x1024.jpeg 1536w, https:\/\/www.nova-trojka.cz\/wp-content\/uploads\/2024\/04\/638FEC90-F5E4-4DC1-AC01-B6DD9C6F95CF-2048x1365.jpeg 2048w\" sizes=\"auto, (max-width: 300px) 100vw, 300px\" \/><a style=\"font-size: revert;\" href=\"https:\/\/www.nova-trojka.cz\/index.php\/carodejnice-v-ic-zahrada-2\/\"><strong>\u010carod\u011bjnice v Zahrad\u011b<\/strong><\/a><\/p>\n<p style=\"text-align: center;\"><a href=\"https:\/\/www.nova-trojka.cz\/index.php\/smyslozem\/\"><strong><img loading=\"lazy\" decoding=\"async\" class=\"alignnone size-medium wp-image-9033\" src=\"https:\/\/www.nova-trojka.cz\/wp-content\/uploads\/2024\/01\/19085D22-75EF-4E66-A690-A0ABA9F7D6F7-300x200.jpeg\" alt=\"\" width=\"300\" height=\"200\" srcset=\"https:\/\/www.nova-trojka.cz\/wp-content\/uploads\/2024\/01\/19085D22-75EF-4E66-A690-A0ABA9F7D6F7-300x200.jpeg 300w, https:\/\/www.nova-trojka.cz\/wp-content\/uploads\/2024\/01\/19085D22-75EF-4E66-A690-A0ABA9F7D6F7-1024x683.jpeg 1024w, https:\/\/www.nova-trojka.cz\/wp-content\/uploads\/2024\/01\/19085D22-75EF-4E66-A690-A0ABA9F7D6F7-768x512.jpeg 768w, https:\/\/www.nova-trojka.cz\/wp-content\/uploads\/2024\/01\/19085D22-75EF-4E66-A690-A0ABA9F7D6F7-1536x1024.jpeg 1536w, https:\/\/www.nova-trojka.cz\/wp-content\/uploads\/2024\/01\/19085D22-75EF-4E66-A690-A0ABA9F7D6F7-2048x1365.jpeg 2048w\" sizes=\"auto, (max-width: 300px) 100vw, 300px\" \/><\/strong><\/a><a href=\"https:\/\/www.nova-trojka.cz\/index.php\/smyslozem\/\"><strong>Smyslozem &#8211; otev\u00edr\u00e1n\u00ed nov\u00e9 herny<\/strong><\/a><\/p>\n<\/p><\/div><div class=\"rara_column rara-span2\"><p style=\"text-align: center;\"><a href=\"https:\/\/www.nova-trojka.cz\/index.php\/adventni-vence-3\/\"><img loading=\"lazy\" decoding=\"async\" class=\"alignnone size-medium wp-image-10006 aligncenter\" src=\"https:\/\/www.nova-trojka.cz\/wp-content\/uploads\/2024\/12\/93C02C76-FF2B-4548-8892-714FBF777157-300x200.jpeg\" alt=\"\" width=\"300\" height=\"200\" srcset=\"https:\/\/www.nova-trojka.cz\/wp-content\/uploads\/2024\/12\/93C02C76-FF2B-4548-8892-714FBF777157-300x200.jpeg 300w, https:\/\/www.nova-trojka.cz\/wp-content\/uploads\/2024\/12\/93C02C76-FF2B-4548-8892-714FBF777157-1024x683.jpeg 1024w, https:\/\/www.nova-trojka.cz\/wp-content\/uploads\/2024\/12\/93C02C76-FF2B-4548-8892-714FBF777157-768x512.jpeg 768w, https:\/\/www.nova-trojka.cz\/wp-content\/uploads\/2024\/12\/93C02C76-FF2B-4548-8892-714FBF777157-1536x1024.jpeg 1536w, https:\/\/www.nova-trojka.cz\/wp-content\/uploads\/2024\/12\/93C02C76-FF2B-4548-8892-714FBF777157-2048x1365.jpeg 2048w\" sizes=\"auto, (max-width: 300px) 100vw, 300px\" \/><strong>Adventn\u00ed v\u011bnce<\/strong><\/a><\/p>\n<p style=\"text-align: center;\"><a href=\"https:\/\/www.nova-trojka.cz\/index.php\/martinska-svetylka-aneb-za-bilym-konem\/\"><img loading=\"lazy\" decoding=\"async\" class=\"alignnone size-medium wp-image-9979 aligncenter\" src=\"https:\/\/www.nova-trojka.cz\/wp-content\/uploads\/2024\/11\/90C5E275-3462-43CE-8725-9046892A8441-300x200.jpg\" alt=\"\" width=\"300\" height=\"200\" srcset=\"https:\/\/www.nova-trojka.cz\/wp-content\/uploads\/2024\/11\/90C5E275-3462-43CE-8725-9046892A8441-300x200.jpg 300w, https:\/\/www.nova-trojka.cz\/wp-content\/uploads\/2024\/11\/90C5E275-3462-43CE-8725-9046892A8441-1024x683.jpg 1024w, https:\/\/www.nova-trojka.cz\/wp-content\/uploads\/2024\/11\/90C5E275-3462-43CE-8725-9046892A8441-768x512.jpg 768w, https:\/\/www.nova-trojka.cz\/wp-content\/uploads\/2024\/11\/90C5E275-3462-43CE-8725-9046892A8441-1536x1024.jpg 1536w, https:\/\/www.nova-trojka.cz\/wp-content\/uploads\/2024\/11\/90C5E275-3462-43CE-8725-9046892A8441-2048x1365.jpg 2048w\" sizes=\"auto, (max-width: 300px) 100vw, 300px\" \/><strong>Martinsk\u00e1 sv\u011bt\u00fdlka<\/strong><\/a><\/p>\n<p style=\"text-align: center;\"><a href=\"https:\/\/www.nova-trojka.cz\/index.php\/jarni-dobrocinna-burza-2024\/\"><img loading=\"lazy\" decoding=\"async\" class=\"alignnone size-medium wp-image-9443 aligncenter\" src=\"https:\/\/www.nova-trojka.cz\/wp-content\/uploads\/2024\/04\/B1344E08-E5D0-4070-9217-E689AAA56A48-300x200.jpeg\" alt=\"\" width=\"300\" height=\"200\" srcset=\"https:\/\/www.nova-trojka.cz\/wp-content\/uploads\/2024\/04\/B1344E08-E5D0-4070-9217-E689AAA56A48-300x200.jpeg 300w, https:\/\/www.nova-trojka.cz\/wp-content\/uploads\/2024\/04\/B1344E08-E5D0-4070-9217-E689AAA56A48-1024x683.jpeg 1024w, https:\/\/www.nova-trojka.cz\/wp-content\/uploads\/2024\/04\/B1344E08-E5D0-4070-9217-E689AAA56A48-768x512.jpeg 768w, https:\/\/www.nova-trojka.cz\/wp-content\/uploads\/2024\/04\/B1344E08-E5D0-4070-9217-E689AAA56A48-1536x1024.jpeg 1536w, https:\/\/www.nova-trojka.cz\/wp-content\/uploads\/2024\/04\/B1344E08-E5D0-4070-9217-E689AAA56A48-2048x1365.jpeg 2048w\" sizes=\"auto, (max-width: 300px) 100vw, 300px\" \/><strong>Jarn\u00ed dobro\u010dinn\u00e1 burza<\/strong><\/a><\/p>\n<p style=\"text-align: center;\"><a href=\"https:\/\/www.nova-trojka.cz\/index.php\/karneval-3\/\"><img loading=\"lazy\" decoding=\"async\" class=\"size-medium wp-image-9235 aligncenter\" src=\"https:\/\/www.nova-trojka.cz\/wp-content\/uploads\/2024\/03\/C0E2EDA5-00D9-4FAF-8358-8C274283D709-300x200.jpeg\" alt=\"\" width=\"300\" height=\"200\" srcset=\"https:\/\/www.nova-trojka.cz\/wp-content\/uploads\/2024\/03\/C0E2EDA5-00D9-4FAF-8358-8C274283D709-300x200.jpeg 300w, https:\/\/www.nova-trojka.cz\/wp-content\/uploads\/2024\/03\/C0E2EDA5-00D9-4FAF-8358-8C274283D709-1024x683.jpeg 1024w, https:\/\/www.nova-trojka.cz\/wp-content\/uploads\/2024\/03\/C0E2EDA5-00D9-4FAF-8358-8C274283D709-768x512.jpeg 768w, https:\/\/www.nova-trojka.cz\/wp-content\/uploads\/2024\/03\/C0E2EDA5-00D9-4FAF-8358-8C274283D709-1536x1024.jpeg 1536w, https:\/\/www.nova-trojka.cz\/wp-content\/uploads\/2024\/03\/C0E2EDA5-00D9-4FAF-8358-8C274283D709-2048x1365.jpeg 2048w\" sizes=\"auto, (max-width: 300px) 100vw, 300px\" \/><\/a><a href=\"https:\/\/www.nova-trojka.cz\/index.php\/karneval-3\/\"><b>Karneval<\/b><\/a><\/p><\/div><\/div>\n","protected":false},"excerpt":{"rendered":"","protected":false},"author":1,"featured_media":0,"parent":696,"menu_order":0,"comment_status":"closed","ping_status":"closed","template":"","meta":{"footnotes":""},"class_list":["post-10881","page","type-page","status-publish","hentry","latest_post"],"yoast_head":"<!-- This site is optimized with the Yoast SEO plugin v27.5 - https:\/\/yoast.com\/product\/yoast-seo-wordpress\/ -->\n<title>Foto roku 2024 - Rodinn\u00e9 centrum Nov\u00e1 Trojka<\/title>\n<meta name=\"robots\" content=\"index, follow, max-snippet:-1, max-image-preview:large, max-video-preview:-1\" \/>\n<link rel=\"canonical\" href=\"https:\/\/www.nova-trojka.cz\/index.php\/galerie\/foto-roku-2024\/\" \/>\n<meta property=\"og:locale\" content=\"cs_CZ\" \/>\n<meta property=\"og:type\" content=\"article\" \/>\n<meta property=\"og:title\" content=\"Foto roku 2024 - Rodinn\u00e9 centrum Nov\u00e1 Trojka\" \/>\n<meta property=\"og:url\" content=\"https:\/\/www.nova-trojka.cz\/index.php\/galerie\/foto-roku-2024\/\" \/>\n<meta property=\"og:site_name\" content=\"Rodinn\u00e9 centrum Nov\u00e1 Trojka\" \/>\n<meta property=\"article:publisher\" content=\"https:\/\/www.facebook.com\/novatrojka\/\" \/>\n<meta property=\"article:modified_time\" content=\"2026-03-29T20:09:08+00:00\" \/>\n<meta property=\"og:image\" content=\"https:\/\/www.nova-trojka.cz\/wp-content\/uploads\/2024\/12\/1DAF22A9-54C8-4C94-9089-ADC5DC13A4FA.jpeg\" \/>\n\t<meta property=\"og:image:width\" content=\"2304\" \/>\n\t<meta property=\"og:image:height\" content=\"1536\" \/>\n\t<meta property=\"og:image:type\" content=\"image\/jpeg\" \/>\n<meta name=\"twitter:card\" content=\"summary_large_image\" \/>\n<meta name=\"twitter:label1\" content=\"Odhadovan\u00e1 doba \u010dten\u00ed\" \/>\n\t<meta name=\"twitter:data1\" content=\"3 minuty\" \/>\n<script type=\"application\/ld+json\" class=\"yoast-schema-graph\">{\"@context\":\"https:\\\/\\\/schema.org\",\"@graph\":[{\"@type\":\"WebPage\",\"@id\":\"https:\\\/\\\/www.nova-trojka.cz\\\/index.php\\\/galerie\\\/foto-roku-2024\\\/\",\"url\":\"https:\\\/\\\/www.nova-trojka.cz\\\/index.php\\\/galerie\\\/foto-roku-2024\\\/\",\"name\":\"Foto roku 2024 - Rodinn\u00e9 centrum Nov\u00e1 Trojka\",\"isPartOf\":{\"@id\":\"https:\\\/\\\/www.nova-trojka.cz\\\/#website\"},\"primaryImageOfPage\":{\"@id\":\"https:\\\/\\\/www.nova-trojka.cz\\\/index.php\\\/galerie\\\/foto-roku-2024\\\/#primaryimage\"},\"image\":{\"@id\":\"https:\\\/\\\/www.nova-trojka.cz\\\/index.php\\\/galerie\\\/foto-roku-2024\\\/#primaryimage\"},\"thumbnailUrl\":\"https:\\\/\\\/www.nova-trojka.cz\\\/wp-content\\\/uploads\\\/2024\\\/12\\\/1DAF22A9-54C8-4C94-9089-ADC5DC13A4FA-300x200.jpeg\",\"datePublished\":\"2025-06-03T12:25:33+00:00\",\"dateModified\":\"2026-03-29T20:09:08+00:00\",\"breadcrumb\":{\"@id\":\"https:\\\/\\\/www.nova-trojka.cz\\\/index.php\\\/galerie\\\/foto-roku-2024\\\/#breadcrumb\"},\"inLanguage\":\"cs\",\"potentialAction\":[{\"@type\":\"ReadAction\",\"target\":[\"https:\\\/\\\/www.nova-trojka.cz\\\/index.php\\\/galerie\\\/foto-roku-2024\\\/\"]}]},{\"@type\":\"ImageObject\",\"inLanguage\":\"cs\",\"@id\":\"https:\\\/\\\/www.nova-trojka.cz\\\/index.php\\\/galerie\\\/foto-roku-2024\\\/#primaryimage\",\"url\":\"https:\\\/\\\/www.nova-trojka.cz\\\/wp-content\\\/uploads\\\/2024\\\/12\\\/1DAF22A9-54C8-4C94-9089-ADC5DC13A4FA-300x200.jpeg\",\"contentUrl\":\"https:\\\/\\\/www.nova-trojka.cz\\\/wp-content\\\/uploads\\\/2024\\\/12\\\/1DAF22A9-54C8-4C94-9089-ADC5DC13A4FA-300x200.jpeg\"},{\"@type\":\"BreadcrumbList\",\"@id\":\"https:\\\/\\\/www.nova-trojka.cz\\\/index.php\\\/galerie\\\/foto-roku-2024\\\/#breadcrumb\",\"itemListElement\":[{\"@type\":\"ListItem\",\"position\":1,\"name\":\"Dom\u016f\",\"item\":\"https:\\\/\\\/www.nova-trojka.cz\\\/\"},{\"@type\":\"ListItem\",\"position\":2,\"name\":\"Galerie\",\"item\":\"https:\\\/\\\/www.nova-trojka.cz\\\/index.php\\\/galerie\\\/\"},{\"@type\":\"ListItem\",\"position\":3,\"name\":\"Foto roku 2024\"}]},{\"@type\":\"WebSite\",\"@id\":\"https:\\\/\\\/www.nova-trojka.cz\\\/#website\",\"url\":\"https:\\\/\\\/www.nova-trojka.cz\\\/\",\"name\":\"Nov\u00e1 Trojka\",\"description\":\"Rodinn\u00e9 a kulturn\u00ed centrum Nov\u00e1 Trojka nab\u00edz\u00ed p\u0159\u00e1telsk\u00fd, bezpe\u010dn\u00fd a inspirativn\u00ed prostor pro celou rodinu.\",\"publisher\":{\"@id\":\"https:\\\/\\\/www.nova-trojka.cz\\\/#organization\"},\"potentialAction\":[{\"@type\":\"SearchAction\",\"target\":{\"@type\":\"EntryPoint\",\"urlTemplate\":\"https:\\\/\\\/www.nova-trojka.cz\\\/?s={search_term_string}\"},\"query-input\":{\"@type\":\"PropertyValueSpecification\",\"valueRequired\":true,\"valueName\":\"search_term_string\"}}],\"inLanguage\":\"cs\"},{\"@type\":\"Organization\",\"@id\":\"https:\\\/\\\/www.nova-trojka.cz\\\/#organization\",\"name\":\"NOV\u00c1 TROJKA, z.s.\",\"url\":\"https:\\\/\\\/www.nova-trojka.cz\\\/\",\"logo\":{\"@type\":\"ImageObject\",\"inLanguage\":\"cs\",\"@id\":\"https:\\\/\\\/www.nova-trojka.cz\\\/#\\\/schema\\\/logo\\\/image\\\/\",\"url\":\"https:\\\/\\\/www.nova-trojka.cz\\\/wp-content\\\/uploads\\\/2019\\\/05\\\/logotypN3.png\",\"contentUrl\":\"https:\\\/\\\/www.nova-trojka.cz\\\/wp-content\\\/uploads\\\/2019\\\/05\\\/logotypN3.png\",\"width\":640,\"height\":480,\"caption\":\"NOV\u00c1 TROJKA, z.s.\"},\"image\":{\"@id\":\"https:\\\/\\\/www.nova-trojka.cz\\\/#\\\/schema\\\/logo\\\/image\\\/\"},\"sameAs\":[\"https:\\\/\\\/www.facebook.com\\\/novatrojka\\\/\",\"https:\\\/\\\/www.instagram.com\\\/novatrojka\\\/\"]}]}<\/script>\n<!-- \/ Yoast SEO plugin. -->","yoast_head_json":{"title":"Foto roku 2024 - Rodinn\u00e9 centrum Nov\u00e1 Trojka","robots":{"index":"index","follow":"follow","max-snippet":"max-snippet:-1","max-image-preview":"max-image-preview:large","max-video-preview":"max-video-preview:-1"},"canonical":"https:\/\/www.nova-trojka.cz\/index.php\/galerie\/foto-roku-2024\/","og_locale":"cs_CZ","og_type":"article","og_title":"Foto roku 2024 - Rodinn\u00e9 centrum Nov\u00e1 Trojka","og_url":"https:\/\/www.nova-trojka.cz\/index.php\/galerie\/foto-roku-2024\/","og_site_name":"Rodinn\u00e9 centrum Nov\u00e1 Trojka","article_publisher":"https:\/\/www.facebook.com\/novatrojka\/","article_modified_time":"2026-03-29T20:09:08+00:00","og_image":[{"width":2304,"height":1536,"url":"https:\/\/www.nova-trojka.cz\/wp-content\/uploads\/2024\/12\/1DAF22A9-54C8-4C94-9089-ADC5DC13A4FA.jpeg","type":"image\/jpeg"}],"twitter_card":"summary_large_image","twitter_misc":{"Odhadovan\u00e1 doba \u010dten\u00ed":"3 minuty"},"schema":{"@context":"https:\/\/schema.org","@graph":[{"@type":"WebPage","@id":"https:\/\/www.nova-trojka.cz\/index.php\/galerie\/foto-roku-2024\/","url":"https:\/\/www.nova-trojka.cz\/index.php\/galerie\/foto-roku-2024\/","name":"Foto roku 2024 - Rodinn\u00e9 centrum Nov\u00e1 Trojka","isPartOf":{"@id":"https:\/\/www.nova-trojka.cz\/#website"},"primaryImageOfPage":{"@id":"https:\/\/www.nova-trojka.cz\/index.php\/galerie\/foto-roku-2024\/#primaryimage"},"image":{"@id":"https:\/\/www.nova-trojka.cz\/index.php\/galerie\/foto-roku-2024\/#primaryimage"},"thumbnailUrl":"https:\/\/www.nova-trojka.cz\/wp-content\/uploads\/2024\/12\/1DAF22A9-54C8-4C94-9089-ADC5DC13A4FA-300x200.jpeg","datePublished":"2025-06-03T12:25:33+00:00","dateModified":"2026-03-29T20:09:08+00:00","breadcrumb":{"@id":"https:\/\/www.nova-trojka.cz\/index.php\/galerie\/foto-roku-2024\/#breadcrumb"},"inLanguage":"cs","potentialAction":[{"@type":"ReadAction","target":["https:\/\/www.nova-trojka.cz\/index.php\/galerie\/foto-roku-2024\/"]}]},{"@type":"ImageObject","inLanguage":"cs","@id":"https:\/\/www.nova-trojka.cz\/index.php\/galerie\/foto-roku-2024\/#primaryimage","url":"https:\/\/www.nova-trojka.cz\/wp-content\/uploads\/2024\/12\/1DAF22A9-54C8-4C94-9089-ADC5DC13A4FA-300x200.jpeg","contentUrl":"https:\/\/www.nova-trojka.cz\/wp-content\/uploads\/2024\/12\/1DAF22A9-54C8-4C94-9089-ADC5DC13A4FA-300x200.jpeg"},{"@type":"BreadcrumbList","@id":"https:\/\/www.nova-trojka.cz\/index.php\/galerie\/foto-roku-2024\/#breadcrumb","itemListElement":[{"@type":"ListItem","position":1,"name":"Dom\u016f","item":"https:\/\/www.nova-trojka.cz\/"},{"@type":"ListItem","position":2,"name":"Galerie","item":"https:\/\/www.nova-trojka.cz\/index.php\/galerie\/"},{"@type":"ListItem","position":3,"name":"Foto roku 2024"}]},{"@type":"WebSite","@id":"https:\/\/www.nova-trojka.cz\/#website","url":"https:\/\/www.nova-trojka.cz\/","name":"Nov\u00e1 Trojka","description":"Rodinn\u00e9 a kulturn\u00ed centrum Nov\u00e1 Trojka nab\u00edz\u00ed p\u0159\u00e1telsk\u00fd, bezpe\u010dn\u00fd a inspirativn\u00ed prostor pro celou rodinu.","publisher":{"@id":"https:\/\/www.nova-trojka.cz\/#organization"},"potentialAction":[{"@type":"SearchAction","target":{"@type":"EntryPoint","urlTemplate":"https:\/\/www.nova-trojka.cz\/?s={search_term_string}"},"query-input":{"@type":"PropertyValueSpecification","valueRequired":true,"valueName":"search_term_string"}}],"inLanguage":"cs"},{"@type":"Organization","@id":"https:\/\/www.nova-trojka.cz\/#organization","name":"NOV\u00c1 TROJKA, z.s.","url":"https:\/\/www.nova-trojka.cz\/","logo":{"@type":"ImageObject","inLanguage":"cs","@id":"https:\/\/www.nova-trojka.cz\/#\/schema\/logo\/image\/","url":"https:\/\/www.nova-trojka.cz\/wp-content\/uploads\/2019\/05\/logotypN3.png","contentUrl":"https:\/\/www.nova-trojka.cz\/wp-content\/uploads\/2019\/05\/logotypN3.png","width":640,"height":480,"caption":"NOV\u00c1 TROJKA, z.s."},"image":{"@id":"https:\/\/www.nova-trojka.cz\/#\/schema\/logo\/image\/"},"sameAs":["https:\/\/www.facebook.com\/novatrojka\/","https:\/\/www.instagram.com\/novatrojka\/"]}]}},"_links":{"self":[{"href":"https:\/\/www.nova-trojka.cz\/index.php\/wp-json\/wp\/v2\/pages\/10881","targetHints":{"allow":["GET"]}}],"collection":[{"href":"https:\/\/www.nova-trojka.cz\/index.php\/wp-json\/wp\/v2\/pages"}],"about":[{"href":"https:\/\/www.nova-trojka.cz\/index.php\/wp-json\/wp\/v2\/types\/page"}],"author":[{"embeddable":true,"href":"https:\/\/www.nova-trojka.cz\/index.php\/wp-json\/wp\/v2\/users\/1"}],"replies":[{"embeddable":true,"href":"https:\/\/www.nova-trojka.cz\/index.php\/wp-json\/wp\/v2\/comments?post=10881"}],"version-history":[{"count":3,"href":"https:\/\/www.nova-trojka.cz\/index.php\/wp-json\/wp\/v2\/pages\/10881\/revisions"}],"predecessor-version":[{"id":12273,"href":"https:\/\/www.nova-trojka.cz\/index.php\/wp-json\/wp\/v2\/pages\/10881\/revisions\/12273"}],"up":[{"embeddable":true,"href":"https:\/\/www.nova-trojka.cz\/index.php\/wp-json\/wp\/v2\/pages\/696"}],"wp:attachment":[{"href":"https:\/\/www.nova-trojka.cz\/index.php\/wp-json\/wp\/v2\/media?parent=10881"}],"curies":[{"name":"wp","href":"https:\/\/api.w.org\/{rel}","templated":true}]}}